{"id":486,"date":"2023-09-28T09:15:24","date_gmt":"2023-09-28T09:15:24","guid":{"rendered":"https:\/\/qendra-nderkulturore.al\/?page_id=486"},"modified":"2026-04-13T10:58:27","modified_gmt":"2026-04-13T10:58:27","slug":"prove-e-provimit-c1","status":"publish","type":"page","link":"https:\/\/qendra-nderkulturore.al\/sq\/prove-e-provimit-c1\/","title":{"rendered":"Certifikata \u00d6SD C1"},"content":{"rendered":"\t\t<div data-elementor-type=\"wp-page\" data-elementor-id=\"486\" class=\"elementor elementor-486\" data-elementor-post-type=\"page\">\n\t\t\t\t<div class=\"elementor-element elementor-element-7edc8d14 e-flex e-con-boxed e-con e-parent\" data-id=\"7edc8d14\" data-element_type=\"container\" data-e-type=\"container\">\n\t\t\t\t\t<div class=\"e-con-inner\">\n\t\t<div class=\"elementor-element elementor-element-23841874 e-con-full e-flex e-con e-child\" data-id=\"23841874\" data-element_type=\"container\" data-e-type=\"container\">\n\t\t\t\t<div class=\"elementor-element elementor-element-3064406 elementor-widget elementor-widget-image\" data-id=\"3064406\" data-element_type=\"widget\" data-e-type=\"widget\" data-widget_type=\"image.default\">\n\t\t\t\t<div class=\"elementor-widget-container\">\n\t\t\t\t\t\t\t\t\t\t\t\t\t\t\t\t<a href=\"https:\/\/qendra-nderkulturore.al\/uploads\/ZC1%20Modellsatz.pdf\" target=\"_blank\">\n\t\t\t\t\t\t\t<img fetchpriority=\"high\" decoding=\"async\" width=\"596\" height=\"842\" src=\"https:\/\/qendra-nderkulturore.al\/wp-content\/uploads\/2023\/09\/ZC1_cover.png\" class=\"attachment-large size-large wp-image-453\" alt=\"\" srcset=\"https:\/\/qendra-nderkulturore.al\/wp-content\/uploads\/2023\/09\/ZC1_cover.png 596w, https:\/\/qendra-nderkulturore.al\/wp-content\/uploads\/2023\/09\/ZC1_cover-212x300.png 212w, https:\/\/qendra-nderkulturore.al\/wp-content\/uploads\/2023\/09\/ZC1_cover-8x12.png 8w\" sizes=\"(max-width: 596px) 100vw, 596px\" \/>\t\t\t\t\t\t\t\t<\/a>\n\t\t\t\t\t\t\t\t\t\t\t\t\t\t\t<\/div>\n\t\t\t\t<\/div>\n\t\t\t\t<div class=\"elementor-element elementor-element-385c7823 elementor-widget elementor-widget-text-editor\" data-id=\"385c7823\" data-element_type=\"widget\" data-e-type=\"widget\" data-widget_type=\"text-editor.default\">\n\t\t\t\t<div class=\"elementor-widget-container\">\n\t\t\t\t\t\t\t\t\t<p align=\"center\"><strong>Shkarko model t\u00eb provimit<\/strong><\/p>\t\t\t\t\t\t\t\t<\/div>\n\t\t\t\t<\/div>\n\t\t\t\t<\/div>\n\t\t<div class=\"elementor-element elementor-element-6ef5848b e-con-full e-flex e-con e-child\" data-id=\"6ef5848b\" data-element_type=\"container\" data-e-type=\"container\">\n\t\t\t\t<div class=\"elementor-element elementor-element-11225b7d elementor-widget elementor-widget-text-editor\" data-id=\"11225b7d\" data-element_type=\"widget\" data-e-type=\"widget\" data-widget_type=\"text-editor.default\">\n\t\t\t\t<div class=\"elementor-widget-container\">\n\t\t\t\t\t\t\t\t\t<p align=\"center\"><strong>Q\u00ebllimi i provimit<\/strong><\/p><p>Pjes\u00ebmarr\u00ebsit n\u00eb provimin \u00d6SD Certifikat C1 duhet t\u00eb jen\u00eb n\u00eb gjendje t\u00eb komunikojn\u00eb n\u00eb situata t\u00eb ndryshme t\u00eb jet\u00ebs shoq\u00ebrore dhe profesionale, edhe n\u00eb kontekste m\u00eb komplekse.<\/p><p>Ky provim \u00ebsht\u00eb nj\u00eb d\u00ebshmi e kompetenc\u00ebs gjuh\u00ebsore q\u00eb tashm\u00eb dallon nj\u00eb grad\u00eb t\u00eb lart\u00eb t\u00eb korrekt\u00ebsis\u00eb dhe p\u00ebrshtatjes s\u00eb p\u00ebrshtatshme p\u00ebr situat\u00ebn.<\/p><p>Provimi \u00d6SD Certifikat C1 \u00ebsht\u00eb i ve\u00e7ant\u00eb p\u00ebr student\u00ebt q\u00eb m\u00ebsojn\u00eb gjermanisht dhe d\u00ebshirojn\u00eb t\u00eb studiojn\u00eb n\u00eb nj\u00eb universitet gjermanofon. Ofron dy module dhe \u00ebsht\u00eb i hapur p\u00ebr student\u00ebt mbi 16 vje\u00e7. P\u00ebr pjes\u00ebmarr\u00ebsit n\u00eb provim mbi 14 vje\u00e7 \u00ebsht\u00eb n\u00eb dispozicion nj\u00eb version p\u00ebr t\u00eb rinjt\u00eb.<\/p><p>Provimi \u00d6SD Certifikat C1 p\u00ebrfshin dy module: Provimi shkrimor (Leximi, D\u00ebgjimi, Shkrimi) dhe Provimi me folje (Folja).<\/p>\t\t\t\t\t\t\t\t<\/div>\n\t\t\t\t<\/div>\n\t\t\t\t<\/div>\n\t\t\t\t\t<\/div>\n\t\t\t\t<\/div>\n\t\t<div class=\"elementor-element elementor-element-236dd999 e-flex e-con-boxed e-con e-parent\" data-id=\"236dd999\" data-element_type=\"container\" data-e-type=\"container\">\n\t\t\t\t\t<div class=\"e-con-inner\">\n\t\t<div class=\"elementor-element elementor-element-1cd46693 e-con-full e-flex e-con e-child\" data-id=\"1cd46693\" data-element_type=\"container\" data-e-type=\"container\">\n\t\t<div class=\"elementor-element elementor-element-12b884aa e-flex e-con-boxed e-con e-child\" data-id=\"12b884aa\" data-element_type=\"container\" data-e-type=\"container\" data-settings=\"{&quot;background_background&quot;:&quot;classic&quot;}\">\n\t\t\t\t\t<div class=\"e-con-inner\">\n\t\t\t\t<div class=\"elementor-element elementor-element-4e4714d9 elementor-widget elementor-widget-text-editor\" data-id=\"4e4714d9\" data-element_type=\"widget\" data-e-type=\"widget\" data-widget_type=\"text-editor.default\">\n\t\t\t\t<div class=\"elementor-widget-container\">\n\t\t\t\t\t\t\t\t\t<p align=\"center\"><strong>Leximi<\/strong><\/p><p>P\u00ebrmes kat\u00ebr detyrave vler\u00ebsohet kuptimi i tekstesh autentike t\u00eb ndryshme nga Austria, Gjermania dhe Zvicra n\u00eb mesazhin e p\u00ebrgjithsh\u00ebm dhe n\u00eb p\u00ebrmbajtjen e tyre t\u00eb detajuar.<\/p><p>Koh\u00ebzgjatja: 90 minuta.<\/p>\t\t\t\t\t\t\t\t<\/div>\n\t\t\t\t<\/div>\n\t\t\t\t\t<\/div>\n\t\t\t\t<\/div>\n\t\t<div class=\"elementor-element elementor-element-6d224584 e-flex e-con-boxed e-con e-child\" data-id=\"6d224584\" data-element_type=\"container\" data-e-type=\"container\" data-settings=\"{&quot;background_background&quot;:&quot;classic&quot;}\">\n\t\t\t\t\t<div class=\"e-con-inner\">\n\t\t\t\t<div class=\"elementor-element elementor-element-5501e31d meineLinks elementor-widget elementor-widget-text-editor\" data-id=\"5501e31d\" data-element_type=\"widget\" data-e-type=\"widget\" data-widget_type=\"text-editor.default\">\n\t\t\t\t<div class=\"elementor-widget-container\">\n\t\t\t\t\t\t\t\t\t<p align=\"center\"><strong>Shkrimi<\/strong><\/p><p>Duke p\u00ebrdorur disa udh\u00ebzime, duhet t\u00eb shkruhen dy tekstet (email zyrtar; referat shkrimor, deklarat\u00eb ose koment) q\u00eb vler\u00ebsohen p\u00ebrmes kritereve t\u00eb p\u00ebrcaktuara (shihni <a href=\"https:\/\/qendra-nderkulturore.al\/uploads\/ZC1-AW_s_Ver.3.0_21_08_20_nur-SA.pdf\">Buletinin e Vler\u00ebsimit<\/a>).<\/p><p>Koh\u00ebzgjatja: 90 minuta.<\/p>\t\t\t\t\t\t\t\t<\/div>\n\t\t\t\t<\/div>\n\t\t\t\t\t<\/div>\n\t\t\t\t<\/div>\n\t\t\t\t<\/div>\n\t\t<div class=\"elementor-element elementor-element-452f31e e-con-full e-flex e-con e-child\" data-id=\"452f31e\" data-element_type=\"container\" data-e-type=\"container\">\n\t\t<div class=\"elementor-element elementor-element-2032141a e-flex e-con-boxed e-con e-child\" data-id=\"2032141a\" data-element_type=\"container\" data-e-type=\"container\" data-settings=\"{&quot;background_background&quot;:&quot;classic&quot;}\">\n\t\t\t\t\t<div class=\"e-con-inner\">\n\t\t\t\t<div class=\"elementor-element elementor-element-6f3a43a9 elementor-widget elementor-widget-text-editor\" data-id=\"6f3a43a9\" data-element_type=\"widget\" data-e-type=\"widget\" data-widget_type=\"text-editor.default\">\n\t\t\t\t<div class=\"elementor-widget-container\">\n\t\t\t\t\t\t\t\t\t<p align=\"center\"><strong>D\u00ebgjimi<\/strong><\/p><p>N\u00ebp\u00ebrmjet dy detyrave vler\u00ebsohet kuptimi global, i detajuar dhe selektiv i tekstesh autentike t\u00eb folura n\u00eb gjuh\u00ebn standarde nga Austria, Gjermania dhe Zvicra, me tematika t\u00eb p\u00ebrgjithshme dhe t\u00eb shoq\u00ebris\u00eb.<\/p><p>Koh\u00ebzgjatja: rreth 40 minuta.<\/p>\t\t\t\t\t\t\t\t<\/div>\n\t\t\t\t<\/div>\n\t\t\t\t\t<\/div>\n\t\t\t\t<\/div>\n\t\t<div class=\"elementor-element elementor-element-5d1b7ad2 e-flex e-con-boxed e-con e-child\" data-id=\"5d1b7ad2\" data-element_type=\"container\" data-e-type=\"container\" data-settings=\"{&quot;background_background&quot;:&quot;classic&quot;}\">\n\t\t\t\t\t<div class=\"e-con-inner\">\n\t\t\t\t<div class=\"elementor-element elementor-element-554ac4f9 elementor-widget elementor-widget-text-editor\" data-id=\"554ac4f9\" data-element_type=\"widget\" data-e-type=\"widget\" data-widget_type=\"text-editor.default\">\n\t\t\t\t<div class=\"elementor-widget-container\">\n\t\t\t\t\t\t\t\t\t<p align=\"center\"><strong>Folja<\/strong><\/p><p>Provimi me folje p\u00ebrfshin tre detyra: nj\u00eb bised\u00eb telefonike, nj\u00eb diskutim dhe nj\u00eb referat t\u00eb shkurt\u00ebr. Biseda e provimit vler\u00ebsohet p\u00ebrmes kritereve t\u00eb p\u00ebrcaktuara (shihni <a href=\"https:\/\/qendra-nderkulturore.al\/uploads\/zc1_auswertungsbogen_sprechen.pdf\">Buletinin e Vler\u00ebsimit<\/a>).<\/p><p>Koh\u00ebzgjatja: 15\u201320 minuta.<\/p>\t\t\t\t\t\t\t\t<\/div>\n\t\t\t\t<\/div>\n\t\t\t\t\t<\/div>\n\t\t\t\t<\/div>\n\t\t\t\t<\/div>\n\t\t\t\t\t<\/div>\n\t\t\t\t<\/div>\n\t\t<div class=\"elementor-element elementor-element-5c892aa9 e-flex e-con-boxed e-con e-parent\" data-id=\"5c892aa9\" data-element_type=\"container\" data-e-type=\"container\">\n\t\t\t\t\t<div class=\"e-con-inner\">\n\t\t<div class=\"elementor-element elementor-element-3bb32838 e-con-full e-flex e-con e-child\" data-id=\"3bb32838\" data-element_type=\"container\" data-e-type=\"container\">\n\t\t\t\t<div class=\"elementor-element elementor-element-1972ca7c elementor-widget elementor-widget-text-editor\" data-id=\"1972ca7c\" data-element_type=\"widget\" data-e-type=\"widget\" data-widget_type=\"text-editor.default\">\n\t\t\t\t<div class=\"elementor-widget-container\">\n\t\t\t\t\t\t\t\t\t<p align=\"center\"><strong>Realizimi i provimit<\/strong><\/p>\nProvimi \u00d6SD Certifikat C1 ofrohet n\u00eb dy module: Provimi shkrimor (Leximi, D\u00ebgjimi, Shkrimi) dhe Provimi me folje (Folja). K\u00ebto module mund t\u00eb kalojn\u00eb dhe t\u00eb marrin certifikata t\u00eb ve\u00e7anta ose n\u00eb kombinim. N\u00ebse t\u00eb dy modulet kalohen n\u00eb nj\u00eb dat\u00eb provimi, nj\u00eb certifikat i p\u00ebrgjithsh\u00ebm jepet. Gjithashtu, pjes\u00ebmarr\u00ebsit n\u00eb provim marrin nj\u00eb certifikat t\u00eb p\u00ebrgjithsh\u00ebm n\u00ebse t\u00eb dy modulet kalojn\u00eb brenda nj\u00eb viti n\u00eb t\u00eb nj\u00ebjt\u00ebn qend\u00ebr provimi. N\u00eb rast se nj\u00eb modul kalohet, nj\u00eb certifikat moduli jepet.\n\nProvimi kryhet nga dy vler\u00ebsues t\u00eb trajnuar t\u00eb \u00d6SD. Ata pastaj vler\u00ebsojn\u00eb performanc\u00ebn e pjes\u00ebmarr\u00ebsve n\u00eb provim (shihni <a href=\"https:\/\/qendra-nderkulturore.al\/uploads\/zc1_gesamtbogen.pdf\">Buletinin e Vler\u00ebsimit<\/a>). N\u00ebse d\u00ebshirohet, \u00ebsht\u00eb e mundur t\u00eb kryhet nj\u00eb shqyrtim i bilet\u00ebs s\u00eb vler\u00ebsimit. K\u00ebtu mund t\u00eb gjeni <a href=\"https:\/\/qendra-nderkulturore.al\/wp-content\/uploads\/2026\/04\/Pruefungsordnung_April2026.pdf\">rregulloren e provimit<\/a> dhe <a href=\"https:\/\/qendra-nderkulturore.al\/uploads\/ZC1-Durchfuhrungsbestimmungen_10_2023.pdf\">udh\u00ebzimet p\u00ebr zbatim<\/a>.\t\t\t\t\t\t\t\t<\/div>\n\t\t\t\t<\/div>\n\t\t\t\t<\/div>\n\t\t<div class=\"elementor-element elementor-element-2be6801a e-con-full e-flex e-con e-child\" data-id=\"2be6801a\" data-element_type=\"container\" data-e-type=\"container\">\n\t\t\t\t<div class=\"elementor-element elementor-element-2feacdcf elementor-widget elementor-widget-text-editor\" data-id=\"2feacdcf\" data-element_type=\"widget\" data-e-type=\"widget\" data-widget_type=\"text-editor.default\">\n\t\t\t\t<div class=\"elementor-widget-container\">\n\t\t\t\t\t\t\t\t\t<p align=\"center\"><strong>Shembull video<\/strong><\/p><p>K\u00ebtu do t\u00eb gjeni nj\u00eb shembull video p\u00ebr provimin me folje.<\/p><p><a href=\"https:\/\/www.youtube.com\/watch?v=eEUKwckglkc\">Provimi i foljes ZC1 n\u00eb m\u00ebnyr\u00eb individuale<\/a><\/p>\t\t\t\t\t\t\t\t<\/div>\n\t\t\t\t<\/div>\n\t\t\t\t<\/div>\n\t\t\t\t\t<\/div>\n\t\t\t\t<\/div>\n\t\t\t\t<\/div>\n\t\t","protected":false},"excerpt":{"rendered":"<p>Shkarko model t\u00eb provimit Q\u00ebllimi i provimit Pjes\u00ebmarr\u00ebsit n\u00eb provimin \u00d6SD Certifikat C1 duhet t\u00eb jen\u00eb n\u00eb gjendje t\u00eb komunikojn\u00eb n\u00eb situata t\u00eb ndryshme t\u00eb jet\u00ebs shoq\u00ebrore dhe profesionale, edhe<\/p>\n<p><a href=\"https:\/\/qendra-nderkulturore.al\/sq\/prove-e-provimit-c1\/\" class=\"more-link\">Continue reading<span class=\"screen-reader-text\">Certifikata \u00d6SD C1<\/span><\/a><\/p>\n","protected":false},"author":1,"featured_media":0,"parent":0,"menu_order":0,"comment_status":"closed","ping_status":"closed","template":"","meta":{"footnotes":""},"class_list":["post-486","page","type-page","status-publish","hentry"],"_links":{"self":[{"href":"https:\/\/qendra-nderkulturore.al\/sq\/wp-json\/wp\/v2\/pages\/486","targetHints":{"allow":["GET"]}}],"collection":[{"href":"https:\/\/qendra-nderkulturore.al\/sq\/wp-json\/wp\/v2\/pages"}],"about":[{"href":"https:\/\/qendra-nderkulturore.al\/sq\/wp-json\/wp\/v2\/types\/page"}],"author":[{"embeddable":true,"href":"https:\/\/qendra-nderkulturore.al\/sq\/wp-json\/wp\/v2\/users\/1"}],"replies":[{"embeddable":true,"href":"https:\/\/qendra-nderkulturore.al\/sq\/wp-json\/wp\/v2\/comments?post=486"}],"version-history":[{"count":53,"href":"https:\/\/qendra-nderkulturore.al\/sq\/wp-json\/wp\/v2\/pages\/486\/revisions"}],"predecessor-version":[{"id":2015,"href":"https:\/\/qendra-nderkulturore.al\/sq\/wp-json\/wp\/v2\/pages\/486\/revisions\/2015"}],"wp:attachment":[{"href":"https:\/\/qendra-nderkulturore.al\/sq\/wp-json\/wp\/v2\/media?parent=486"}],"curies":[{"name":"wp","href":"https:\/\/api.w.org\/{rel}","templated":true}]}}