{"id":484,"date":"2023-09-28T09:15:02","date_gmt":"2023-09-28T09:15:02","guid":{"rendered":"https:\/\/qendra-nderkulturore.al\/?page_id=484"},"modified":"2026-04-13T10:57:04","modified_gmt":"2026-04-13T10:57:04","slug":"prove-e-provimit-b2","status":"publish","type":"page","link":"https:\/\/qendra-nderkulturore.al\/sq\/prove-e-provimit-b2\/","title":{"rendered":"Certifikata \u00d6SD B2"},"content":{"rendered":"\t\t<div data-elementor-type=\"wp-page\" data-elementor-id=\"484\" class=\"elementor elementor-484\" data-elementor-post-type=\"page\">\n\t\t\t\t<div class=\"elementor-element elementor-element-425101e6 e-flex e-con-boxed e-con e-parent\" data-id=\"425101e6\" data-element_type=\"container\" data-e-type=\"container\">\n\t\t\t\t\t<div class=\"e-con-inner\">\n\t\t<div class=\"elementor-element elementor-element-28d876a9 e-con-full e-flex e-con e-child\" data-id=\"28d876a9\" data-element_type=\"container\" data-e-type=\"container\">\n\t\t\t\t<div class=\"elementor-element elementor-element-2953fa66 elementor-widget elementor-widget-image\" data-id=\"2953fa66\" data-element_type=\"widget\" data-e-type=\"widget\" data-widget_type=\"image.default\">\n\t\t\t\t<div class=\"elementor-widget-container\">\n\t\t\t\t\t\t\t\t\t\t\t\t\t\t\t\t<a href=\"https:\/\/qendra-nderkulturore.al\/uploads\/ZB2%20Modellsatz.pdf\" target=\"_blank\">\n\t\t\t\t\t\t\t<img fetchpriority=\"high\" decoding=\"async\" width=\"597\" height=\"842\" src=\"https:\/\/qendra-nderkulturore.al\/wp-content\/uploads\/2023\/09\/ZB2_cover.png\" class=\"attachment-large size-large wp-image-454\" alt=\"\" srcset=\"https:\/\/qendra-nderkulturore.al\/wp-content\/uploads\/2023\/09\/ZB2_cover.png 597w, https:\/\/qendra-nderkulturore.al\/wp-content\/uploads\/2023\/09\/ZB2_cover-213x300.png 213w, https:\/\/qendra-nderkulturore.al\/wp-content\/uploads\/2023\/09\/ZB2_cover-9x12.png 9w\" sizes=\"(max-width: 597px) 100vw, 597px\" \/>\t\t\t\t\t\t\t\t<\/a>\n\t\t\t\t\t\t\t\t\t\t\t\t\t\t\t<\/div>\n\t\t\t\t<\/div>\n\t\t\t\t<div class=\"elementor-element elementor-element-783ef43c elementor-widget elementor-widget-text-editor\" data-id=\"783ef43c\" data-element_type=\"widget\" data-e-type=\"widget\" data-widget_type=\"text-editor.default\">\n\t\t\t\t<div class=\"elementor-widget-container\">\n\t\t\t\t\t\t\t\t\t<p align=\"center\"><strong>Shkarko model t\u00eb provimit<\/strong><\/p>\t\t\t\t\t\t\t\t<\/div>\n\t\t\t\t<\/div>\n\t\t\t\t<\/div>\n\t\t<div class=\"elementor-element elementor-element-2c7350f6 e-con-full e-flex e-con e-child\" data-id=\"2c7350f6\" data-element_type=\"container\" data-e-type=\"container\">\n\t\t\t\t<div class=\"elementor-element elementor-element-64a4353d elementor-widget elementor-widget-text-editor\" data-id=\"64a4353d\" data-element_type=\"widget\" data-e-type=\"widget\" data-widget_type=\"text-editor.default\">\n\t\t\t\t<div class=\"elementor-widget-container\">\n\t\t\t\t\t\t\t\t\t<p align=\"center\"><strong>Q\u00ebllimi i provimit<\/strong><\/p><p>Pjes\u00ebmarr\u00ebsit n\u00eb provimin \u00d6SD Certifikat B2 duhet t\u00eb jen\u00eb n\u00eb gjendje t\u00eb shprehin qart\u00eb dhe me detaje mbi nj\u00eb spektrum temash t\u00eb gjer\u00eb dhe t\u00eb zhvillojn\u00eb biseda t\u00eb zakonshme me fol\u00ebs nativ me spontaneitet dhe fluiditet.<\/p><p>Me k\u00ebt\u00eb provim, student\u00ebt q\u00eb m\u00ebsojn\u00eb gjermanisht tregojn\u00eb kompetenc\u00eb gjuh\u00ebsore n\u00eb situata komunikimi q\u00eb shtrihen p\u00ebrtej sfer\u00ebs private dhe p\u00ebrfshijn\u00eb aspektin (gjysm\u00eb-)publik dhe p\u00ebrfshijn\u00eb n\u00eb disa raste edhe sfer\u00ebn profesionale. N\u00eb fush\u00ebn e tyre t\u00eb specializuar, ata mund t\u00eb kuptojn\u00eb tekstet e specializuara p\u00ebr temat e tyre.<\/p><p>Ky provim \u00ebsht\u00eb i destinuar p\u00ebr student\u00ebt mbi 16 vje\u00e7, nd\u00ebrsa p\u00ebr pjes\u00ebmarr\u00ebsit n\u00eb provim mbi 14 vje\u00e7 \u00ebsht\u00eb n\u00eb dispozicion nj\u00eb variant p\u00ebr t\u00eb rinjt\u00eb.<\/p><p>Provimi \u00d6SD Certifikat B2 p\u00ebrb\u00ebhet nga dy module: Provimi shkrimor (Leximi, D\u00ebgjimi, Shkrimi) dhe Provimi me folje (Folja).<\/p>\t\t\t\t\t\t\t\t<\/div>\n\t\t\t\t<\/div>\n\t\t\t\t<\/div>\n\t\t\t\t\t<\/div>\n\t\t\t\t<\/div>\n\t\t<div class=\"elementor-element elementor-element-60b8966c e-flex e-con-boxed e-con e-parent\" data-id=\"60b8966c\" data-element_type=\"container\" data-e-type=\"container\">\n\t\t\t\t\t<div class=\"e-con-inner\">\n\t\t<div class=\"elementor-element elementor-element-1812c871 e-con-full e-flex e-con e-child\" data-id=\"1812c871\" data-element_type=\"container\" data-e-type=\"container\">\n\t\t<div class=\"elementor-element elementor-element-5b339df1 e-flex e-con-boxed e-con e-child\" data-id=\"5b339df1\" data-element_type=\"container\" data-e-type=\"container\" data-settings=\"{&quot;background_background&quot;:&quot;classic&quot;}\">\n\t\t\t\t\t<div class=\"e-con-inner\">\n\t\t\t\t<div class=\"elementor-element elementor-element-fb541f4 elementor-widget elementor-widget-text-editor\" data-id=\"fb541f4\" data-element_type=\"widget\" data-e-type=\"widget\" data-widget_type=\"text-editor.default\">\n\t\t\t\t<div class=\"elementor-widget-container\">\n\t\t\t\t\t\t\t\t\t<p align=\"center\"><strong>Leximi<\/strong><\/p><p>N\u00ebp\u00ebrmjet kat\u00ebr detyrave vler\u00ebsohet kuptimi i tekstesh autentike t\u00eb ndryshme nga Austria, Gjermania dhe Zvicra n\u00eb mesazhin e p\u00ebrgjithsh\u00ebm dhe n\u00eb p\u00ebrmbajtjen e tyre t\u00eb detajuar.<\/p><p>Koh\u00ebzgjatja: 90 minuta.<\/p><p>\u00a0<\/p>\t\t\t\t\t\t\t\t<\/div>\n\t\t\t\t<\/div>\n\t\t\t\t\t<\/div>\n\t\t\t\t<\/div>\n\t\t<div class=\"elementor-element elementor-element-33c57bab e-flex e-con-boxed e-con e-child\" data-id=\"33c57bab\" data-element_type=\"container\" data-e-type=\"container\" data-settings=\"{&quot;background_background&quot;:&quot;classic&quot;}\">\n\t\t\t\t\t<div class=\"e-con-inner\">\n\t\t\t\t<div class=\"elementor-element elementor-element-2b3705a5 meineLinks elementor-widget elementor-widget-text-editor\" data-id=\"2b3705a5\" data-element_type=\"widget\" data-e-type=\"widget\" data-widget_type=\"text-editor.default\">\n\t\t\t\t<div class=\"elementor-widget-container\">\n\t\t\t\t\t\t\t\t\t<p align=\"center\"><strong>Shkrimi<\/strong><\/p><p>N\u00ebp\u00ebrmjet p\u00ebrdorimit t\u00eb disa udh\u00ebzimeve, duhet t\u00eb shkruhen dy tekstet (email zyrtar; argumentim\/shprehje e mendimit), t\u00eb cilat vler\u00ebsohen p\u00ebrmes kritereve t\u00eb p\u00ebrcaktuara (shihni <a href=\"https:\/\/qendra-nderkulturore.al\/uploads\/ZB2-AW_s_Ver.4.0_13_08_20_nur-SA.pdf\">Buletinin e Vler\u00ebsimit<\/a>).<\/p><p>Koh\u00ebzgjatja: 90 minuta.<\/p>\t\t\t\t\t\t\t\t<\/div>\n\t\t\t\t<\/div>\n\t\t\t\t\t<\/div>\n\t\t\t\t<\/div>\n\t\t\t\t<\/div>\n\t\t<div class=\"elementor-element elementor-element-538ec94c e-con-full e-flex e-con e-child\" data-id=\"538ec94c\" data-element_type=\"container\" data-e-type=\"container\">\n\t\t<div class=\"elementor-element elementor-element-138ba2a7 e-flex e-con-boxed e-con e-child\" data-id=\"138ba2a7\" data-element_type=\"container\" data-e-type=\"container\" data-settings=\"{&quot;background_background&quot;:&quot;classic&quot;}\">\n\t\t\t\t\t<div class=\"e-con-inner\">\n\t\t\t\t<div class=\"elementor-element elementor-element-7dee8ed8 elementor-widget elementor-widget-text-editor\" data-id=\"7dee8ed8\" data-element_type=\"widget\" data-e-type=\"widget\" data-widget_type=\"text-editor.default\">\n\t\t\t\t<div class=\"elementor-widget-container\">\n\t\t\t\t\t\t\t\t\t<p align=\"center\"><strong>D\u00ebgjimi<\/strong><\/p><p>N\u00ebp\u00ebrmjet dy detyrave vler\u00ebsohet kuptimi global, i detajuar dhe selektiv i tekstesh autentike t\u00eb folura n\u00eb gjuh\u00ebn standarde nga Austria, Gjermania dhe Zvicra, me tematika t\u00eb p\u00ebrgjithshme dhe t\u00eb shoq\u00ebris\u00eb.<\/p><p>Koh\u00ebzgjatja: rreth 30 minuta.<\/p>\t\t\t\t\t\t\t\t<\/div>\n\t\t\t\t<\/div>\n\t\t\t\t\t<\/div>\n\t\t\t\t<\/div>\n\t\t<div class=\"elementor-element elementor-element-41f94781 e-flex e-con-boxed e-con e-child\" data-id=\"41f94781\" data-element_type=\"container\" data-e-type=\"container\" data-settings=\"{&quot;background_background&quot;:&quot;classic&quot;}\">\n\t\t\t\t\t<div class=\"e-con-inner\">\n\t\t\t\t<div class=\"elementor-element elementor-element-76102d3a elementor-widget elementor-widget-text-editor\" data-id=\"76102d3a\" data-element_type=\"widget\" data-e-type=\"widget\" data-widget_type=\"text-editor.default\">\n\t\t\t\t<div class=\"elementor-widget-container\">\n\t\t\t\t\t\t\t\t\t<p align=\"center\"><strong>Folja<\/strong><\/p><p>Provimi i individsh\u00ebm ose n\u00eb \u00e7ift p\u00ebrfshin tre detyra: nj\u00eb bised\u00eb informacioni, nj\u00eb shqyrtim t\u00eb nj\u00eb imazhi dhe nj\u00eb diskutim. Biseda e provimit vler\u00ebsohet p\u00ebrmes kritereve t\u00eb p\u00ebrcaktuara (shihni <a href=\"https:\/\/qendra-nderkulturore.al\/uploads\/zb2_auswertungsbogen_sprechen.pdf\">Buletinin e Vler\u00ebsimit<\/a>).<\/p><p>Koh\u00ebzgjatja: P\u00ebr provimin individual, 15\u201320 minuta, p\u00ebr provimin n\u00eb \u00e7ift, 20\u201325 minuta.<\/p>\t\t\t\t\t\t\t\t<\/div>\n\t\t\t\t<\/div>\n\t\t\t\t\t<\/div>\n\t\t\t\t<\/div>\n\t\t\t\t<\/div>\n\t\t\t\t\t<\/div>\n\t\t\t\t<\/div>\n\t\t<div class=\"elementor-element elementor-element-41a2f35d e-flex e-con-boxed e-con e-parent\" data-id=\"41a2f35d\" data-element_type=\"container\" data-e-type=\"container\">\n\t\t\t\t\t<div class=\"e-con-inner\">\n\t\t<div class=\"elementor-element elementor-element-4b5833b2 e-con-full e-flex e-con e-child\" data-id=\"4b5833b2\" data-element_type=\"container\" data-e-type=\"container\">\n\t\t\t\t<div class=\"elementor-element elementor-element-ea446e1 elementor-widget elementor-widget-text-editor\" data-id=\"ea446e1\" data-element_type=\"widget\" data-e-type=\"widget\" data-widget_type=\"text-editor.default\">\n\t\t\t\t<div class=\"elementor-widget-container\">\n\t\t\t\t\t\t\t\t\t<p align=\"center\"><strong>Realizimi i provimit<\/strong><\/p>\nProvimi \u00d6SD Certifikat B2 ofrohet n\u00eb dy module: Provimi shkrimor (Leximi, D\u00ebgjimi, Shkrimi) dhe Provimi me folje (Folja). Modulet mund t\u00eb zhvillohen dhe t\u00eb certifikohen individualisht ose n\u00eb kombinim. N\u00ebse t\u00eb dy modulet kalohen n\u00eb t\u00eb nj\u00ebjtin dat\u00eb provimi, jepet nj\u00eb certifikat\u00eb e p\u00ebrgjithshme. Po ashtu, pjes\u00ebmarr\u00ebsit n\u00eb provim marrin nj\u00eb certifikat\u00eb t\u00eb p\u00ebrgjithshme n\u00ebse dy modulet zhvillohen dhe kalohen brenda nj\u00eb viti n\u00eb t\u00eb nj\u00ebjtin qend\u00ebr provimi. N\u00eb rast se modulet e ve\u00e7anta kalohen, p\u00ebr secilin modul jepet nj\u00eb certifikat\u00eb moduli.\n\nProvimi kryhet nga dy ekspert\u00eb t\u00eb trajnuar t\u00eb \u00d6SD. Ata pastaj vler\u00ebsojn\u00eb performanc\u00ebn e pjes\u00ebmarr\u00ebsve n\u00eb provim (shihni <a href=\"https:\/\/qendra-nderkulturore.al\/uploads\/ZB2-GB_Ver.3.0_22_01_20.pdf\">Buletinin e P\u00ebrgjithsh\u00ebm<\/a>). N\u00ebse k\u00ebrkohet, \u00ebsht\u00eb e mundur t\u00eb shihni buletinin e vler\u00ebsimit. K\u00ebtu mund t\u00eb gjeni <a href=\"https:\/\/qendra-nderkulturore.al\/wp-content\/uploads\/2026\/04\/Pruefungsordnung_April2026.pdf\">rregulloren e provimit<\/a> dhe <a href=\"https:\/\/qendra-nderkulturore.al\/uploads\/ZB2-Durchfuhrungsbestimmungen_10_2023.pdf\">udh\u00ebzimet p\u00ebr realizim<\/a>.\t\t\t\t\t\t\t\t<\/div>\n\t\t\t\t<\/div>\n\t\t\t\t<\/div>\n\t\t<div class=\"elementor-element elementor-element-4c56d7b e-con-full e-flex e-con e-child\" data-id=\"4c56d7b\" data-element_type=\"container\" data-e-type=\"container\">\n\t\t\t\t<div class=\"elementor-element elementor-element-54748f7 elementor-widget elementor-widget-text-editor\" data-id=\"54748f7\" data-element_type=\"widget\" data-e-type=\"widget\" data-widget_type=\"text-editor.default\">\n\t\t\t\t<div class=\"elementor-widget-container\">\n\t\t\t\t\t\t\t\t\t<p align=\"center\"><strong>Shembull video<\/strong><\/p>\nK\u00ebtu do t\u00eb gjeni nj\u00eb shembull video p\u00ebr provimin me folje:\n<br><br>\n<a href=\"https:\/\/www.youtube.com\/watch?v=nFQljN4Oeio\">Provimi i foljes ZB1 n\u00eb m\u00ebnyr\u00eb t\u00eb dyfisht\u00eb<\/a>\t\t\t\t\t\t\t\t<\/div>\n\t\t\t\t<\/div>\n\t\t\t\t<\/div>\n\t\t\t\t\t<\/div>\n\t\t\t\t<\/div>\n\t\t\t\t<\/div>\n\t\t","protected":false},"excerpt":{"rendered":"<p>Shkarko model t\u00eb provimit Q\u00ebllimi i provimit Pjes\u00ebmarr\u00ebsit n\u00eb provimin \u00d6SD Certifikat B2 duhet t\u00eb jen\u00eb n\u00eb gjendje t\u00eb shprehin qart\u00eb dhe me detaje mbi nj\u00eb spektrum temash t\u00eb gjer\u00eb<\/p>\n<p><a href=\"https:\/\/qendra-nderkulturore.al\/sq\/prove-e-provimit-b2\/\" class=\"more-link\">Continue reading<span class=\"screen-reader-text\">Certifikata \u00d6SD B2<\/span><\/a><\/p>\n","protected":false},"author":1,"featured_media":0,"parent":0,"menu_order":0,"comment_status":"closed","ping_status":"closed","template":"","meta":{"footnotes":""},"class_list":["post-484","page","type-page","status-publish","hentry"],"_links":{"self":[{"href":"https:\/\/qendra-nderkulturore.al\/sq\/wp-json\/wp\/v2\/pages\/484","targetHints":{"allow":["GET"]}}],"collection":[{"href":"https:\/\/qendra-nderkulturore.al\/sq\/wp-json\/wp\/v2\/pages"}],"about":[{"href":"https:\/\/qendra-nderkulturore.al\/sq\/wp-json\/wp\/v2\/types\/page"}],"author":[{"embeddable":true,"href":"https:\/\/qendra-nderkulturore.al\/sq\/wp-json\/wp\/v2\/users\/1"}],"replies":[{"embeddable":true,"href":"https:\/\/qendra-nderkulturore.al\/sq\/wp-json\/wp\/v2\/comments?post=484"}],"version-history":[{"count":47,"href":"https:\/\/qendra-nderkulturore.al\/sq\/wp-json\/wp\/v2\/pages\/484\/revisions"}],"predecessor-version":[{"id":2012,"href":"https:\/\/qendra-nderkulturore.al\/sq\/wp-json\/wp\/v2\/pages\/484\/revisions\/2012"}],"wp:attachment":[{"href":"https:\/\/qendra-nderkulturore.al\/sq\/wp-json\/wp\/v2\/media?parent=484"}],"curies":[{"name":"wp","href":"https:\/\/api.w.org\/{rel}","templated":true}]}}