{"id":480,"date":"2023-09-28T09:14:18","date_gmt":"2023-09-28T09:14:18","guid":{"rendered":"https:\/\/qendra-nderkulturore.al\/?page_id=480"},"modified":"2026-04-13T10:55:17","modified_gmt":"2026-04-13T10:55:17","slug":"prove-e-provimit-a2","status":"publish","type":"page","link":"https:\/\/qendra-nderkulturore.al\/sq\/prove-e-provimit-a2\/","title":{"rendered":"Certifikata \u00d6SD A2"},"content":{"rendered":"\t\t<div data-elementor-type=\"wp-page\" data-elementor-id=\"480\" class=\"elementor elementor-480\" data-elementor-post-type=\"page\">\n\t\t\t\t<div class=\"elementor-element elementor-element-9392e41 e-flex e-con-boxed e-con e-parent\" data-id=\"9392e41\" data-element_type=\"container\" data-e-type=\"container\">\n\t\t\t\t\t<div class=\"e-con-inner\">\n\t\t<div class=\"elementor-element elementor-element-31f2152e e-con-full e-flex e-con e-child\" data-id=\"31f2152e\" data-element_type=\"container\" data-e-type=\"container\">\n\t\t\t\t<div class=\"elementor-element elementor-element-47b44099 elementor-widget elementor-widget-image\" data-id=\"47b44099\" data-element_type=\"widget\" data-e-type=\"widget\" data-widget_type=\"image.default\">\n\t\t\t\t<div class=\"elementor-widget-container\">\n\t\t\t\t\t\t\t\t\t\t\t\t\t\t\t\t<a href=\"https:\/\/qendra-nderkulturore.al\/uploads\/ZA2%20Modellsatz.pdf\" target=\"_blank\">\n\t\t\t\t\t\t\t<img fetchpriority=\"high\" decoding=\"async\" width=\"596\" height=\"842\" src=\"https:\/\/qendra-nderkulturore.al\/wp-content\/uploads\/2023\/09\/ZA2_cover.png\" class=\"attachment-large size-large wp-image-456\" alt=\"\" srcset=\"https:\/\/qendra-nderkulturore.al\/wp-content\/uploads\/2023\/09\/ZA2_cover.png 596w, https:\/\/qendra-nderkulturore.al\/wp-content\/uploads\/2023\/09\/ZA2_cover-212x300.png 212w, https:\/\/qendra-nderkulturore.al\/wp-content\/uploads\/2023\/09\/ZA2_cover-8x12.png 8w\" sizes=\"(max-width: 596px) 100vw, 596px\" \/>\t\t\t\t\t\t\t\t<\/a>\n\t\t\t\t\t\t\t\t\t\t\t\t\t\t\t<\/div>\n\t\t\t\t<\/div>\n\t\t\t\t<div class=\"elementor-element elementor-element-5d063925 elementor-widget elementor-widget-text-editor\" data-id=\"5d063925\" data-element_type=\"widget\" data-e-type=\"widget\" data-widget_type=\"text-editor.default\">\n\t\t\t\t<div class=\"elementor-widget-container\">\n\t\t\t\t\t\t\t\t\t<p align=\"center\"><strong>Shkarko model t\u00eb provimit<\/strong><\/p>\t\t\t\t\t\t\t\t<\/div>\n\t\t\t\t<\/div>\n\t\t\t\t<\/div>\n\t\t<div class=\"elementor-element elementor-element-42eb0005 e-con-full e-flex e-con e-child\" data-id=\"42eb0005\" data-element_type=\"container\" data-e-type=\"container\">\n\t\t\t\t<div class=\"elementor-element elementor-element-12802a59 elementor-widget elementor-widget-text-editor\" data-id=\"12802a59\" data-element_type=\"widget\" data-e-type=\"widget\" data-widget_type=\"text-editor.default\">\n\t\t\t\t<div class=\"elementor-widget-container\">\n\t\t\t\t\t\t\t\t\t<p align=\"center\"><strong>Q\u00ebllimi i provimit<\/strong><\/p><p>Pjes\u00ebmarr\u00ebsit n\u00eb provimin \u00d6SD Certifikat A2 duhet t\u00eb jen\u00eb n\u00eb gjendje t\u00eb komunikojn\u00eb n\u00eb nivelin elementar n\u00eb situata t\u00eb thjeshta dhe rutinore t\u00eb jet\u00ebs s\u00eb p\u00ebrditshme dhe t\u00eb pun\u00ebs.<\/p><p>Ky provim p\u00ebr ata q\u00eb po m\u00ebsojn\u00eb gjuh\u00ebn gjermane, t\u00eb mosh\u00ebs 14 vje\u00e7 e m\u00eb shum\u00eb, paraqet d\u00ebshmin\u00eb e kompetenc\u00ebs gjuh\u00ebsore n\u00eb situata rutinore me tema dhe veprimtari t\u00eb njohura.<\/p><p>Provimi \u00d6SD Certifikat A2 p\u00ebrb\u00ebhet nga dy module: Provimi shkrimor (Leximi, D\u00ebgjimi, Shkrimi) dhe Provimi me folje (Folja), me nj\u00eb theks t\u00eb ve\u00e7ant\u00eb n\u00eb aft\u00ebsit\u00eb receptive t\u00eb Leximit dhe D\u00ebgjimit.<\/p>\t\t\t\t\t\t\t\t<\/div>\n\t\t\t\t<\/div>\n\t\t\t\t<\/div>\n\t\t\t\t\t<\/div>\n\t\t\t\t<\/div>\n\t\t<div class=\"elementor-element elementor-element-556edcf9 e-flex e-con-boxed e-con e-parent\" data-id=\"556edcf9\" data-element_type=\"container\" data-e-type=\"container\">\n\t\t\t\t\t<div class=\"e-con-inner\">\n\t\t<div class=\"elementor-element elementor-element-4f63b23b e-con-full e-flex e-con e-child\" data-id=\"4f63b23b\" data-element_type=\"container\" data-e-type=\"container\">\n\t\t<div class=\"elementor-element elementor-element-7a5923b e-flex e-con-boxed e-con e-child\" data-id=\"7a5923b\" data-element_type=\"container\" data-e-type=\"container\" data-settings=\"{&quot;background_background&quot;:&quot;classic&quot;}\">\n\t\t\t\t\t<div class=\"e-con-inner\">\n\t\t\t\t<div class=\"elementor-element elementor-element-4b64593c elementor-widget elementor-widget-text-editor\" data-id=\"4b64593c\" data-element_type=\"widget\" data-e-type=\"widget\" data-widget_type=\"text-editor.default\">\n\t\t\t\t<div class=\"elementor-widget-container\">\n\t\t\t\t\t\t\t\t\t<p align=\"center\"><strong>Leximi<\/strong><\/p><p>N\u00ebp\u00ebrmjet dy detyrave me formate t\u00eb ndryshme t\u00eb testimit, vler\u00ebsohet kuptimi global dhe i detajuar.<\/p><p>Koh\u00ebzgjatja: 30 minuta.<\/p>\t\t\t\t\t\t\t\t<\/div>\n\t\t\t\t<\/div>\n\t\t\t\t\t<\/div>\n\t\t\t\t<\/div>\n\t\t<div class=\"elementor-element elementor-element-6107af4a e-flex e-con-boxed e-con e-child\" data-id=\"6107af4a\" data-element_type=\"container\" data-e-type=\"container\" data-settings=\"{&quot;background_background&quot;:&quot;classic&quot;}\">\n\t\t\t\t\t<div class=\"e-con-inner\">\n\t\t\t\t<div class=\"elementor-element elementor-element-6f4e50db meineLinks elementor-widget elementor-widget-text-editor\" data-id=\"6f4e50db\" data-element_type=\"widget\" data-e-type=\"widget\" data-widget_type=\"text-editor.default\">\n\t\t\t\t<div class=\"elementor-widget-container\">\n\t\t\t\t\t\t\t\t\t<p align=\"center\"><strong>Shkrimi<\/strong><\/p><p>Si p\u00ebrgjigje ndaj nj\u00eb teksti motivues, do t\u00eb shkruhet nj\u00eb email personal, i cili vler\u00ebsohet p\u00ebrmes kritereve t\u00eb p\u00ebrcaktuara (shihni <a href=\"https:\/\/qendra-nderkulturore.al\/uploads\/za2_auswertungsbogen_schreiben.pdf\">Buletinin e Vler\u00ebsimit<\/a>).<\/p><p>Koh\u00ebzgjatja: 30 minuta.<\/p>\t\t\t\t\t\t\t\t<\/div>\n\t\t\t\t<\/div>\n\t\t\t\t\t<\/div>\n\t\t\t\t<\/div>\n\t\t\t\t<\/div>\n\t\t<div class=\"elementor-element elementor-element-4c688f4e e-con-full e-flex e-con e-child\" data-id=\"4c688f4e\" data-element_type=\"container\" data-e-type=\"container\">\n\t\t<div class=\"elementor-element elementor-element-18b7b636 e-flex e-con-boxed e-con e-child\" data-id=\"18b7b636\" data-element_type=\"container\" data-e-type=\"container\" data-settings=\"{&quot;background_background&quot;:&quot;classic&quot;}\">\n\t\t\t\t\t<div class=\"e-con-inner\">\n\t\t\t\t<div class=\"elementor-element elementor-element-22942e25 elementor-widget elementor-widget-text-editor\" data-id=\"22942e25\" data-element_type=\"widget\" data-e-type=\"widget\" data-widget_type=\"text-editor.default\">\n\t\t\t\t<div class=\"elementor-widget-container\">\n\t\t\t\t\t\t\t\t\t<p align=\"center\"><strong>D\u00ebgjimi<\/strong><\/p><p>N\u00ebp\u00ebrmjet tre detyrave, vler\u00ebsohet kuptimi global dhe i detajuar n\u00ebp\u00ebrmjet tekstesh t\u00eb folura n\u00eb gjuh\u00ebn standarde nga Austria, Gjermania dhe Zvicra.<\/p><p>Koh\u00ebzgjatja: rreth 15 minuta.<\/p>\t\t\t\t\t\t\t\t<\/div>\n\t\t\t\t<\/div>\n\t\t\t\t\t<\/div>\n\t\t\t\t<\/div>\n\t\t<div class=\"elementor-element elementor-element-1c201b e-flex e-con-boxed e-con e-child\" data-id=\"1c201b\" data-element_type=\"container\" data-e-type=\"container\" data-settings=\"{&quot;background_background&quot;:&quot;classic&quot;}\">\n\t\t\t\t\t<div class=\"e-con-inner\">\n\t\t\t\t<div class=\"elementor-element elementor-element-477124cb elementor-widget elementor-widget-text-editor\" data-id=\"477124cb\" data-element_type=\"widget\" data-e-type=\"widget\" data-widget_type=\"text-editor.default\">\n\t\t\t\t<div class=\"elementor-widget-container\">\n\t\t\t\t\t\t\t\t\t<p align=\"center\"><strong>Folja<\/strong><\/p><p>Provimi p\u00ebrfshin dy detyra: prezantimin e vetes (n\u00eb baz\u00eb t\u00eb 5 temave) dhe planifikimin e nj\u00eb aktiviteti t\u00eb p\u00ebrbashk\u00ebt. Biseda e provimit vler\u00ebsohet p\u00ebrmes kritereve t\u00eb p\u00ebrcaktuara (shihni <a href=\"https:\/\/qendra-nderkulturore.al\/uploads\/za2_auswertungsbogen_sprechen.pdf\">Buletinin e Vler\u00ebsimit<\/a>).<\/p><p>Koh\u00ebzgjatja: rreth 10 minuta.<\/p>\t\t\t\t\t\t\t\t<\/div>\n\t\t\t\t<\/div>\n\t\t\t\t\t<\/div>\n\t\t\t\t<\/div>\n\t\t\t\t<\/div>\n\t\t\t\t\t<\/div>\n\t\t\t\t<\/div>\n\t\t<div class=\"elementor-element elementor-element-591f01e7 e-flex e-con-boxed e-con e-parent\" data-id=\"591f01e7\" data-element_type=\"container\" data-e-type=\"container\">\n\t\t\t\t\t<div class=\"e-con-inner\">\n\t\t<div class=\"elementor-element elementor-element-51e8c128 e-con-full e-flex e-con e-child\" data-id=\"51e8c128\" data-element_type=\"container\" data-e-type=\"container\">\n\t\t\t\t<div class=\"elementor-element elementor-element-52f5a4b6 elementor-widget elementor-widget-text-editor\" data-id=\"52f5a4b6\" data-element_type=\"widget\" data-e-type=\"widget\" data-widget_type=\"text-editor.default\">\n\t\t\t\t<div class=\"elementor-widget-container\">\n\t\t\t\t\t\t\t\t\t<p align=\"center\"><strong>Realizimi i provimit<\/strong><\/p>\nProvimi \u00d6SD Certifikat A2 ofrohet n\u00eb dy module: Provimi shkrimor (Leximi, D\u00ebgjimi, Shkrimi) dhe Provimi me folje (Folja). Modulet mund t\u00eb zhvillohen dhe certifikohen individualisht ose n\u00eb kombinim. N\u00ebse t\u00eb dy modulet kalohen n\u00eb t\u00eb nj\u00ebjtin dat\u00eb provimi, jepet nj\u00eb certifikat\u00eb e p\u00ebrgjithshme. Po ashtu, pjes\u00ebmarr\u00ebsit n\u00eb provim marrin nj\u00eb certifikat\u00eb t\u00eb p\u00ebrgjithshme n\u00ebse t\u00eb dy modulet zhvillohen dhe kalohen brenda nj\u00eb viti n\u00eb t\u00eb nj\u00ebjtin qend\u00ebr provimi. N\u00eb rast se nj\u00eb modul kalohet, jepet nj\u00eb certifikat\u00eb p\u00ebr modulin e p\u00ebrgjithsh\u00ebm.\n\nProvimi kryhet nga dy ekspert\u00eb t\u00eb trajnuar t\u00eb \u00d6SD. Ata pastaj vler\u00ebsojn\u00eb performanc\u00ebn e pjes\u00ebmarr\u00ebsve n\u00eb provim (shihni <a href=\"https:\/\/qendra-nderkulturore.al\/uploads\/za2_gesamtbogen.pdf\">Buletinin e P\u00ebrgjithsh\u00ebm<\/a>). N\u00ebse k\u00ebrkohet, \u00ebsht\u00eb e mundur t\u00eb shihni buletinin e vler\u00ebsimit. K\u00ebtu mund t\u00eb gjeni <a href=\"https:\/\/qendra-nderkulturore.al\/wp-content\/uploads\/2026\/04\/Pruefungsordnung_April2026.pdf\">rregulloren e provimit<\/a> dhe <a href=\"https:\/\/qendra-nderkulturore.al\/uploads\/ZA2-Durchfuhrungsbestimmungen_10_2023.pdf\">udh\u00ebzimet p\u00ebr realizim<\/a>.\t\t\t\t\t\t\t\t<\/div>\n\t\t\t\t<\/div>\n\t\t\t\t<\/div>\n\t\t<div class=\"elementor-element elementor-element-567428ab e-con-full e-flex e-con e-child\" data-id=\"567428ab\" data-element_type=\"container\" data-e-type=\"container\">\n\t\t\t\t<div class=\"elementor-element elementor-element-4ecaa4a2 elementor-widget elementor-widget-text-editor\" data-id=\"4ecaa4a2\" data-element_type=\"widget\" data-e-type=\"widget\" data-widget_type=\"text-editor.default\">\n\t\t\t\t<div class=\"elementor-widget-container\">\n\t\t\t\t\t\t\t\t\t<p align=\"center\"><strong>Shembull video<\/strong><\/p>\nK\u00ebtu mund t\u00eb gjeni dy shembuj video p\u00ebr provimin me folje:\n\n<a href=\"https:\/\/www.youtube.com\/watch?v=z2aNdPQnbZM\">Provimi i foljes ZA2 n\u00eb m\u00ebnyr\u00eb individuale<\/a>\n\n<a href=\"https:\/\/www.youtube.com\/watch?v=wN6QPgvCyJg&#038;t=1s\">Provimi i foljes ZA2 n\u00eb m\u00ebnyr\u00eb t\u00eb dyfisht\u00eb<\/a>\t\t\t\t\t\t\t\t<\/div>\n\t\t\t\t<\/div>\n\t\t\t\t<\/div>\n\t\t\t\t\t<\/div>\n\t\t\t\t<\/div>\n\t\t\t\t<\/div>\n\t\t","protected":false},"excerpt":{"rendered":"<p>Shkarko model t\u00eb provimit Q\u00ebllimi i provimit Pjes\u00ebmarr\u00ebsit n\u00eb provimin \u00d6SD Certifikat A2 duhet t\u00eb jen\u00eb n\u00eb gjendje t\u00eb komunikojn\u00eb n\u00eb nivelin elementar n\u00eb situata t\u00eb thjeshta dhe rutinore t\u00eb<\/p>\n<p><a href=\"https:\/\/qendra-nderkulturore.al\/sq\/prove-e-provimit-a2\/\" class=\"more-link\">Continue reading<span class=\"screen-reader-text\">Certifikata \u00d6SD A2<\/span><\/a><\/p>\n","protected":false},"author":1,"featured_media":0,"parent":0,"menu_order":0,"comment_status":"closed","ping_status":"closed","template":"","meta":{"footnotes":""},"class_list":["post-480","page","type-page","status-publish","hentry"],"_links":{"self":[{"href":"https:\/\/qendra-nderkulturore.al\/sq\/wp-json\/wp\/v2\/pages\/480","targetHints":{"allow":["GET"]}}],"collection":[{"href":"https:\/\/qendra-nderkulturore.al\/sq\/wp-json\/wp\/v2\/pages"}],"about":[{"href":"https:\/\/qendra-nderkulturore.al\/sq\/wp-json\/wp\/v2\/types\/page"}],"author":[{"embeddable":true,"href":"https:\/\/qendra-nderkulturore.al\/sq\/wp-json\/wp\/v2\/users\/1"}],"replies":[{"embeddable":true,"href":"https:\/\/qendra-nderkulturore.al\/sq\/wp-json\/wp\/v2\/comments?post=480"}],"version-history":[{"count":53,"href":"https:\/\/qendra-nderkulturore.al\/sq\/wp-json\/wp\/v2\/pages\/480\/revisions"}],"predecessor-version":[{"id":2006,"href":"https:\/\/qendra-nderkulturore.al\/sq\/wp-json\/wp\/v2\/pages\/480\/revisions\/2006"}],"wp:attachment":[{"href":"https:\/\/qendra-nderkulturore.al\/sq\/wp-json\/wp\/v2\/media?parent=480"}],"curies":[{"name":"wp","href":"https:\/\/api.w.org\/{rel}","templated":true}]}}