{"id":478,"date":"2023-09-28T09:14:06","date_gmt":"2023-09-28T09:14:06","guid":{"rendered":"https:\/\/qendra-nderkulturore.al\/?page_id=478"},"modified":"2026-04-13T10:53:06","modified_gmt":"2026-04-13T10:53:06","slug":"prove-e-provimit-a1","status":"publish","type":"page","link":"https:\/\/qendra-nderkulturore.al\/sq\/prove-e-provimit-a1\/","title":{"rendered":"Certifikata \u00d6SD A1"},"content":{"rendered":"\t\t<div data-elementor-type=\"wp-page\" data-elementor-id=\"478\" class=\"elementor elementor-478\" data-elementor-post-type=\"page\">\n\t\t\t\t<div class=\"elementor-element elementor-element-469aaeb e-flex e-con-boxed e-con e-parent\" data-id=\"469aaeb\" data-element_type=\"container\" data-e-type=\"container\">\n\t\t\t\t\t<div class=\"e-con-inner\">\n\t\t<div class=\"elementor-element elementor-element-28c631c e-con-full e-flex e-con e-child\" data-id=\"28c631c\" data-element_type=\"container\" data-e-type=\"container\">\n\t\t\t\t<div class=\"elementor-element elementor-element-3e7d6f8 elementor-widget elementor-widget-image\" data-id=\"3e7d6f8\" data-element_type=\"widget\" data-e-type=\"widget\" data-widget_type=\"image.default\">\n\t\t\t\t<div class=\"elementor-widget-container\">\n\t\t\t\t\t\t\t\t\t\t\t\t\t\t\t\t<a href=\"https:\/\/qendra-nderkulturore.al\/uploads\/ZA1%20Modellsatz.pdf\" target=\"_blank\">\n\t\t\t\t\t\t\t<img fetchpriority=\"high\" decoding=\"async\" width=\"596\" height=\"842\" src=\"https:\/\/qendra-nderkulturore.al\/wp-content\/uploads\/2023\/09\/ZA1_cover.png\" class=\"attachment-large size-large wp-image-457\" alt=\"\" srcset=\"https:\/\/qendra-nderkulturore.al\/wp-content\/uploads\/2023\/09\/ZA1_cover.png 596w, https:\/\/qendra-nderkulturore.al\/wp-content\/uploads\/2023\/09\/ZA1_cover-212x300.png 212w, https:\/\/qendra-nderkulturore.al\/wp-content\/uploads\/2023\/09\/ZA1_cover-8x12.png 8w\" sizes=\"(max-width: 596px) 100vw, 596px\" \/>\t\t\t\t\t\t\t\t<\/a>\n\t\t\t\t\t\t\t\t\t\t\t\t\t\t\t<\/div>\n\t\t\t\t<\/div>\n\t\t\t\t<div class=\"elementor-element elementor-element-f3fa8bf elementor-widget elementor-widget-text-editor\" data-id=\"f3fa8bf\" data-element_type=\"widget\" data-e-type=\"widget\" data-widget_type=\"text-editor.default\">\n\t\t\t\t<div class=\"elementor-widget-container\">\n\t\t\t\t\t\t\t\t\t<p align=\"center\"><strong>Shkarko model t\u00eb provimit<\/strong><\/p>\t\t\t\t\t\t\t\t<\/div>\n\t\t\t\t<\/div>\n\t\t\t\t<\/div>\n\t\t<div class=\"elementor-element elementor-element-179402f e-con-full e-flex e-con e-child\" data-id=\"179402f\" data-element_type=\"container\" data-e-type=\"container\">\n\t\t\t\t<div class=\"elementor-element elementor-element-a3cb82d elementor-widget elementor-widget-text-editor\" data-id=\"a3cb82d\" data-element_type=\"widget\" data-e-type=\"widget\" data-widget_type=\"text-editor.default\">\n\t\t\t\t<div class=\"elementor-widget-container\">\n\t\t\t\t\t\t\t\t\t<p align=\"center\"><strong>Q\u00ebllimi i provimit<\/strong><\/p><p>P\u00ebr provimin \u00d6SD Certifikat\u00eb A1, pjes\u00ebmarr\u00ebsit duhet t\u00eb jen\u00eb n\u00eb gjendje t\u00eb komunikojn\u00eb n\u00eb situata t\u00eb thjeshta t\u00eb jet\u00ebs s\u00eb p\u00ebrditshme n\u00eb nj\u00eb baz\u00eb elementare.<\/p><p>\u00d6SD Certifikat\u00eb A1 \u00ebsht\u00eb p\u00ebr m\u00ebsimin e gjuh\u00ebs gjermane p\u00ebr personat mbi 14 vje\u00e7 dhe paraqet d\u00ebshmin\u00eb e kompetenc\u00ebs gjuh\u00ebsore n\u00eb situata rutinore me tema dhe veprimtari t\u00eb njohura.<\/p><p>Provimi \u00d6SD Certifikat\u00eb A1 p\u00ebrb\u00ebhet nga dy module: Provimi shkrimor (Leximi, D\u00ebgjimi, Shkrimi) dhe Provimi me folje (Folja), me nj\u00eb theks t\u00eb ve\u00e7ant\u00eb n\u00eb aft\u00ebsit\u00eb receptive t\u00eb Leximit dhe D\u00ebgjimit.<\/p><p>Informata t\u00eb tjera gjenden gjithashtu n\u00eb udh\u00ebzimet tona p\u00ebr<a href=\"https:\/\/qendra-nderkulturore.al\/njohje\/\"> njohjen e provimeve \u00d6SD n\u00eb Austrin\u00eb<\/a>.<\/p>\t\t\t\t\t\t\t\t<\/div>\n\t\t\t\t<\/div>\n\t\t\t\t<\/div>\n\t\t\t\t\t<\/div>\n\t\t\t\t<\/div>\n\t\t<div class=\"elementor-element elementor-element-07f1b21 e-flex e-con-boxed e-con e-parent\" data-id=\"07f1b21\" data-element_type=\"container\" data-e-type=\"container\">\n\t\t\t\t\t<div class=\"e-con-inner\">\n\t\t<div class=\"elementor-element elementor-element-d2deb68 e-con-full e-flex e-con e-child\" data-id=\"d2deb68\" data-element_type=\"container\" data-e-type=\"container\">\n\t\t<div class=\"elementor-element elementor-element-d1bf4fc e-flex e-con-boxed e-con e-child\" data-id=\"d1bf4fc\" data-element_type=\"container\" data-e-type=\"container\" data-settings=\"{&quot;background_background&quot;:&quot;classic&quot;}\">\n\t\t\t\t\t<div class=\"e-con-inner\">\n\t\t\t\t<div class=\"elementor-element elementor-element-da9668f elementor-widget elementor-widget-text-editor\" data-id=\"da9668f\" data-element_type=\"widget\" data-e-type=\"widget\" data-widget_type=\"text-editor.default\">\n\t\t\t\t<div class=\"elementor-widget-container\">\n\t\t\t\t\t\t\t\t\t<p align=\"center\"><strong>Leximi<\/strong><\/p>\nN\u00ebp\u00ebrmjet tre detyrave, vler\u00ebsohet kuptimi i tekstesh t\u00eb thjeshta autentike nga Austria, Gjermania dhe Zvicra, n\u00eb p\u00ebrmbajtjen e tyre t\u00eb p\u00ebrgjithshme dhe t\u00eb p\u00ebrb\u00ebr\u00ebsve t\u00eb tyre t\u00eb ve\u00e7ant\u00eb.\nKoh\u00ebzgjatja: 25 minuta.\t\t\t\t\t\t\t\t<\/div>\n\t\t\t\t<\/div>\n\t\t\t\t\t<\/div>\n\t\t\t\t<\/div>\n\t\t<div class=\"elementor-element elementor-element-ee17a4f e-flex e-con-boxed e-con e-child\" data-id=\"ee17a4f\" data-element_type=\"container\" data-e-type=\"container\" data-settings=\"{&quot;background_background&quot;:&quot;classic&quot;}\">\n\t\t\t\t\t<div class=\"e-con-inner\">\n\t\t\t\t<div class=\"elementor-element elementor-element-d6e5154 meineLinks elementor-widget elementor-widget-text-editor\" data-id=\"d6e5154\" data-element_type=\"widget\" data-e-type=\"widget\" data-widget_type=\"text-editor.default\">\n\t\t\t\t<div class=\"elementor-widget-container\">\n\t\t\t\t\t\t\t\t\t<p align=\"center\"><strong>Shkrimi<\/strong><\/p>\nDuhet t\u00eb plot\u00ebsohet nj\u00eb formular dhe t\u00eb shkruhet nj\u00eb tekst i thjesht\u00eb. Tekstet vler\u00ebsohen n\u00eb baz\u00eb t\u00eb kritereve t\u00eb caktuara (shihni <a href=\"https:\/\/qendra-nderkulturore.al\/uploads\/ZA1-AW_s_Ver.4.0_19_12_19-002_nschreiben.pdf\" target=\"_blank\" rel=\"noopener\">list\u00ebn e vler\u00ebsimit<\/a>).\n\nKoh\u00ebzgjatja: 20 minuta.\t\t\t\t\t\t\t\t<\/div>\n\t\t\t\t<\/div>\n\t\t\t\t\t<\/div>\n\t\t\t\t<\/div>\n\t\t\t\t<\/div>\n\t\t<div class=\"elementor-element elementor-element-90b8cc5 e-con-full e-flex e-con e-child\" data-id=\"90b8cc5\" data-element_type=\"container\" data-e-type=\"container\">\n\t\t<div class=\"elementor-element elementor-element-fe2c127 e-flex e-con-boxed e-con e-child\" data-id=\"fe2c127\" data-element_type=\"container\" data-e-type=\"container\" data-settings=\"{&quot;background_background&quot;:&quot;classic&quot;}\">\n\t\t\t\t\t<div class=\"e-con-inner\">\n\t\t\t\t<div class=\"elementor-element elementor-element-341f737 elementor-widget elementor-widget-text-editor\" data-id=\"341f737\" data-element_type=\"widget\" data-e-type=\"widget\" data-widget_type=\"text-editor.default\">\n\t\t\t\t<div class=\"elementor-widget-container\">\n\t\t\t\t\t\t\t\t\t<p align=\"center\"><strong>D\u00ebgjimi<\/strong><\/p>\nMe an\u00eb t\u00eb tre detyrave, vler\u00ebsohet kuptimi global, i detajuar dhe selektiv i teksteve t\u00eb thjeshta autentike t\u00eb folura n\u00eb gjuh\u00ebn standarde nga Austria, Gjermania dhe Zvicra, me tematika t\u00eb p\u00ebrditshme.\n\nKoh\u00ebzgjatja: rreth 10 minuta.\t\t\t\t\t\t\t\t<\/div>\n\t\t\t\t<\/div>\n\t\t\t\t\t<\/div>\n\t\t\t\t<\/div>\n\t\t<div class=\"elementor-element elementor-element-fd3a292 e-flex e-con-boxed e-con e-child\" data-id=\"fd3a292\" data-element_type=\"container\" data-e-type=\"container\" data-settings=\"{&quot;background_background&quot;:&quot;classic&quot;}\">\n\t\t\t\t\t<div class=\"e-con-inner\">\n\t\t\t\t<div class=\"elementor-element elementor-element-5052d01 elementor-widget elementor-widget-text-editor\" data-id=\"5052d01\" data-element_type=\"widget\" data-e-type=\"widget\" data-widget_type=\"text-editor.default\">\n\t\t\t\t<div class=\"elementor-widget-container\">\n\t\t\t\t\t\t\t\t\t<p align=\"center\"><strong>Folja<\/strong><\/p>\nProvimi p\u00ebrfshin tre detyra: nj\u00eb prezantim t\u00eb shkurt\u00ebr, nj\u00eb p\u00ebrshkrim t\u00eb thjesht\u00eb t\u00eb nj\u00eb imazhi dhe nj\u00eb loj\u00eb rol\u00ebsh. Biseda e provimit vler\u00ebsohet sipas kritereve t\u00eb p\u00ebrcaktuara (shihni <a href=\"https:\/\/qendra-nderkulturore.al\/uploads\/za1_auswertungsbogen_sprechen.pdf\" rel=\"noopener\" target=\"_blank\">list\u00ebn e vler\u00ebsimit<\/a>).\nKoh\u00ebzgjatja: rreth 10 minuta.\t\t\t\t\t\t\t\t<\/div>\n\t\t\t\t<\/div>\n\t\t\t\t\t<\/div>\n\t\t\t\t<\/div>\n\t\t\t\t<\/div>\n\t\t\t\t\t<\/div>\n\t\t\t\t<\/div>\n\t\t<div class=\"elementor-element elementor-element-8c77172 e-flex e-con-boxed e-con e-parent\" data-id=\"8c77172\" data-element_type=\"container\" data-e-type=\"container\">\n\t\t\t\t\t<div class=\"e-con-inner\">\n\t\t<div class=\"elementor-element elementor-element-58bc0c4 e-con-full e-flex e-con e-child\" data-id=\"58bc0c4\" data-element_type=\"container\" data-e-type=\"container\">\n\t\t\t\t<div class=\"elementor-element elementor-element-edd112d elementor-widget elementor-widget-text-editor\" data-id=\"edd112d\" data-element_type=\"widget\" data-e-type=\"widget\" data-widget_type=\"text-editor.default\">\n\t\t\t\t<div class=\"elementor-widget-container\">\n\t\t\t\t\t\t\t\t\t<p align=\"center\"><strong>Realizimi i provimit<\/strong><\/p>\nProvimi \u00d6SD Certifikat\u00eb A1 ofrohet n\u00eb dy module: Provimi shkrimor (Leximi, D\u00ebgjimi, Shkrimi) dhe Provimi me folje (Folja). Modulet mund t\u00eb zhvillohen dhe certifikohen individualisht ose n\u00eb kombinim. N\u00ebse t\u00eb dy modulet kalohen n\u00eb t\u00eb nj\u00ebjtin dat\u00eb provimi, jepet nj\u00eb certifikat\u00eb e p\u00ebrgjithshme. Po ashtu, pjes\u00ebmarr\u00ebsit n\u00eb provim marrin nj\u00eb certifikat\u00eb t\u00eb p\u00ebrgjithshme n\u00ebse t\u00eb dy modulet zhvillohen dhe kalohen brenda nj\u00eb viti n\u00eb t\u00eb nj\u00ebjtin qend\u00ebr provimi. N\u00eb rast se nj\u00eb modul kalohet, jepet nj\u00eb certifikat\u00eb p\u00ebr modulin e p\u00ebrgjithsh\u00ebm.\n\nProvimi kryhet nga dy ekspert\u00eb t\u00eb trajnuar t\u00eb \u00d6SD. Ata pastaj vler\u00ebsojn\u00eb performanc\u00ebn e pjes\u00ebmarr\u00ebsve n\u00eb provim (shihni <a href=\"https:\/\/qendra-nderkulturore.al\/uploads\/za1_gesamtbogen_neu.pdf\" target=\"_blank\" rel=\"noopener\">Buletinin e P\u00ebrgjithsh\u00ebm<\/a>). N\u00ebse k\u00ebrkohet, \u00ebsht\u00eb e mundur t\u00eb shihni buletinin e vler\u00ebsimit. K\u00ebtu mund t\u00eb gjeni <a href=\"https:\/\/qendra-nderkulturore.al\/wp-content\/uploads\/2026\/04\/Pruefungsordnung_April2026.pdf\" target=\"_blank\" rel=\"noopener\">rregulloren e provimit<\/a> dhe <a href=\"https:\/\/qendra-nderkulturore.al\/uploads\/ZA1-Durchfuhrungsbestimmungen_10_2023%20%281%29.pdf\" target=\"_blank\" rel=\"noopener\"> udh\u00ebzimet p\u00ebr realizim<\/a>.\t\t\t\t\t\t\t\t<\/div>\n\t\t\t\t<\/div>\n\t\t\t\t<\/div>\n\t\t<div class=\"elementor-element elementor-element-37b35dc e-con-full e-flex e-con e-child\" data-id=\"37b35dc\" data-element_type=\"container\" data-e-type=\"container\">\n\t\t\t\t<div class=\"elementor-element elementor-element-1badb96 elementor-widget elementor-widget-text-editor\" data-id=\"1badb96\" data-element_type=\"widget\" data-e-type=\"widget\" data-widget_type=\"text-editor.default\">\n\t\t\t\t<div class=\"elementor-widget-container\">\n\t\t\t\t\t\t\t\t\t<p align=\"center\"><strong>Shembull video<\/strong><\/p>\nK\u00ebtu do t\u00eb gjeni nj\u00eb <a href=\"https:\/\/www.youtube.com\/watch?v=d0RcmGpj5MY\" rel=\"noopener\" target=\"_blank\">shembull video<\/a> p\u00ebr provimin me folje.\t\t\t\t\t\t\t\t<\/div>\n\t\t\t\t<\/div>\n\t\t\t\t<\/div>\n\t\t\t\t\t<\/div>\n\t\t\t\t<\/div>\n\t\t<div class=\"elementor-element elementor-element-d4d3d0d e-flex e-con-boxed e-con e-parent\" data-id=\"d4d3d0d\" data-element_type=\"container\" data-e-type=\"container\">\n\t\t\t\t\t<div class=\"e-con-inner\">\n\t\t<div class=\"elementor-element elementor-element-a713f00 e-con-full e-flex e-con e-child\" data-id=\"a713f00\" data-element_type=\"container\" data-e-type=\"container\">\n\t\t\t\t<div class=\"elementor-element elementor-element-8e62fda elementor-widget elementor-widget-text-editor\" data-id=\"8e62fda\" data-element_type=\"widget\" data-e-type=\"widget\" data-widget_type=\"text-editor.default\">\n\t\t\t\t<div class=\"elementor-widget-container\">\n\t\t\t\t\t\t\t\t\t<p align=\"center\"><strong>Kuptimi i prov\u00ebs s\u00eb gjuh\u00ebs gjermane A1 p\u00ebr q\u00ebndrimin tuaj n\u00eb Gjermani ose Austrin\u00eb<\/strong><\/p>\nKushdo q\u00eb d\u00ebshiron t\u00eb d\u00ebshmoj\u00eb zyrtarisht njohurit\u00eb e tij t\u00eb gjuh\u00ebs gjermane, duhet t\u00eb b\u00ebj\u00eb nj\u00eb provim t\u00eb njohur A1 n\u00eb gjuh\u00ebn gjermane. A1 \u00ebsht\u00eb niveli m\u00eb i ul\u00ebt i\u202fReferencialit Europian t\u00eb Gjuh\u00ebve\u202f(GER). Kur dikush flet gjermanisht n\u00eb nivelin A1, ai ose ajo mund t\u00eb kuptoj\u00eb fjal\u00eb t\u00eb thjeshta dhe t\u00eb p\u00ebrball\u00ebsit situata t\u00eb p\u00ebrditshme si, p\u00ebr shembull, blerjen e p\u00ebrditshme ose nj\u00eb vizit\u00eb tek mjeku.\t\t\t\t\t\t\t\t<\/div>\n\t\t\t\t<\/div>\n\t\t\t\t<\/div>\n\t\t<div class=\"elementor-element elementor-element-1be6f2d e-con-full e-flex e-con e-child\" data-id=\"1be6f2d\" data-element_type=\"container\" data-e-type=\"container\">\n\t\t\t\t<div class=\"elementor-element elementor-element-a75e5cc elementor-widget elementor-widget-text-editor\" data-id=\"a75e5cc\" data-element_type=\"widget\" data-e-type=\"widget\" data-widget_type=\"text-editor.default\">\n\t\t\t\t<div class=\"elementor-widget-container\">\n\t\t\t\t\t\t\t\t\t<p align=\"center\"><strong>Pse kam nevoj\u00eb p\u00ebr nj\u00eb provim gjuhe gjermane A1?<\/strong><\/p>\nBashk\u00ebjetes\u00eb familjare: Kur nj\u00eb person nuk \u00ebsht\u00eb prej Bashkimit Evropian dhe d\u00ebshiron t\u00eb bashkohet me familjen e tij n\u00eb Gjermani ose Austrin\u00eb, ai duhet t\u00eb kaloj\u00eb nj\u00eb provim gjuhe gjermane A1.\n\nViza e par\u00eb: Edhe n\u00ebse dikush d\u00ebshiron t\u00eb marr\u00eb nj\u00eb viz\u00eb, duhet t\u00eb b\u00ebj\u00eb nj\u00eb test t\u00eb njohur gjuh\u00ebs gjermane A1 dhe t\u00eb dor\u00ebzoj\u00eb certifikat\u00ebn n\u00eb nj\u00eb ambasad\u00eb gjermane ose austriske.\t\t\t\t\t\t\t\t<\/div>\n\t\t\t\t<\/div>\n\t\t\t\t<\/div>\n\t\t\t\t\t<\/div>\n\t\t\t\t<\/div>\n\t\t\t\t<\/div>\n\t\t","protected":false},"excerpt":{"rendered":"<p>Shkarko model t\u00eb provimit Q\u00ebllimi i provimit P\u00ebr provimin \u00d6SD Certifikat\u00eb A1, pjes\u00ebmarr\u00ebsit duhet t\u00eb jen\u00eb n\u00eb gjendje t\u00eb komunikojn\u00eb n\u00eb situata t\u00eb thjeshta t\u00eb jet\u00ebs s\u00eb p\u00ebrditshme n\u00eb nj\u00eb<\/p>\n<p><a href=\"https:\/\/qendra-nderkulturore.al\/sq\/prove-e-provimit-a1\/\" class=\"more-link\">Continue reading<span class=\"screen-reader-text\">Certifikata \u00d6SD A1<\/span><\/a><\/p>\n","protected":false},"author":1,"featured_media":0,"parent":0,"menu_order":0,"comment_status":"closed","ping_status":"closed","template":"","meta":{"footnotes":""},"class_list":["post-478","page","type-page","status-publish","hentry"],"_links":{"self":[{"href":"https:\/\/qendra-nderkulturore.al\/sq\/wp-json\/wp\/v2\/pages\/478","targetHints":{"allow":["GET"]}}],"collection":[{"href":"https:\/\/qendra-nderkulturore.al\/sq\/wp-json\/wp\/v2\/pages"}],"about":[{"href":"https:\/\/qendra-nderkulturore.al\/sq\/wp-json\/wp\/v2\/types\/page"}],"author":[{"embeddable":true,"href":"https:\/\/qendra-nderkulturore.al\/sq\/wp-json\/wp\/v2\/users\/1"}],"replies":[{"embeddable":true,"href":"https:\/\/qendra-nderkulturore.al\/sq\/wp-json\/wp\/v2\/comments?post=478"}],"version-history":[{"count":115,"href":"https:\/\/qendra-nderkulturore.al\/sq\/wp-json\/wp\/v2\/pages\/478\/revisions"}],"predecessor-version":[{"id":2003,"href":"https:\/\/qendra-nderkulturore.al\/sq\/wp-json\/wp\/v2\/pages\/478\/revisions\/2003"}],"wp:attachment":[{"href":"https:\/\/qendra-nderkulturore.al\/sq\/wp-json\/wp\/v2\/media?parent=478"}],"curies":[{"name":"wp","href":"https:\/\/api.w.org\/{rel}","templated":true}]}}