{"id":441,"date":"2023-09-28T07:39:22","date_gmt":"2023-09-28T07:39:22","guid":{"rendered":"https:\/\/qendra-nderkulturore.al\/?page_id=441"},"modified":"2023-11-16T09:55:55","modified_gmt":"2023-11-16T09:55:55","slug":"osd","status":"publish","type":"page","link":"https:\/\/qendra-nderkulturore.al\/sq\/osd\/","title":{"rendered":"\u00d6SD"},"content":{"rendered":"\t\t<div data-elementor-type=\"wp-page\" data-elementor-id=\"441\" class=\"elementor elementor-441\" data-elementor-post-type=\"page\">\n\t\t\t\t<div class=\"elementor-element elementor-element-75953bd2 e-con-full e-flex e-con e-parent\" data-id=\"75953bd2\" data-element_type=\"container\" data-e-type=\"container\" id=\"titelbild\">\n\t\t\t\t<div class=\"elementor-element elementor-element-22222b57 elementor-widget elementor-widget-image\" data-id=\"22222b57\" data-element_type=\"widget\" data-e-type=\"widget\" data-widget_type=\"image.default\">\n\t\t\t\t<div class=\"elementor-widget-container\">\n\t\t\t\t\t\t\t\t\t\t\t\t\t\t\t<img decoding=\"async\" width=\"150\" height=\"150\" src=\"https:\/\/qendra-nderkulturore.al\/wp-content\/uploads\/2023\/10\/Logo-OSD_Pruefungszentrum-150x150.jpg\" class=\"attachment-thumbnail size-thumbnail wp-image-937\" alt=\"\" \/>\t\t\t\t\t\t\t\t\t\t\t\t\t\t\t<\/div>\n\t\t\t\t<\/div>\n\t\t\t\t<\/div>\n\t\t<div class=\"elementor-element elementor-element-d12b4f4 inhaltsverzeichnis_mobil e-flex e-con-boxed e-con e-parent\" data-id=\"d12b4f4\" data-element_type=\"container\" data-e-type=\"container\">\n\t\t\t\t\t<div class=\"e-con-inner\">\n\t\t\t\t<div class=\"elementor-element elementor-element-1ef03e5 elementor-widget elementor-widget-text-editor\" data-id=\"1ef03e5\" data-element_type=\"widget\" data-e-type=\"widget\" id=\"anchor_inhaltsverzeichnis\" data-widget_type=\"text-editor.default\">\n\t\t\t\t<div class=\"elementor-widget-container\">\n\t\t\t\t\t\t\t\t\t<h4>Rruga juaj drejt certifikat\u00ebs \u00d6SD<\/h4><p><a class=\"meineLinks\" href=\"#anchor_1\">1. Ku mund t\u00eb b\u00ebj nj\u00eb provim?<\/a><\/p><p><a class=\"meineLinks\" href=\"#anchor_2\">2. Kur mund t\u00eb b\u00ebj nj\u00eb provim?<\/a><\/p><p><a class=\"meineLinks\" href=\"#anchor_3\">3. Si dhe kur mund t\u00eb regjistrohem?<\/a><\/p><p><a class=\"meineLinks\" href=\"#anchor_4\">4. \u00c7far\u00eb kam nevoj\u00eb p\u00ebr regjistrimin n\u00eb provim?<\/a><\/p><p><a class=\"meineLinks\" href=\"#anchor_5\">5. A mund t\u00eb b\u00ebj nj\u00eb provim si nj\u00eb person me nevoja specifike?<\/a><\/p><p><a class=\"meineLinks\" href=\"#anchor_6\">6. Sa duhet t\u00eb paguaj p\u00ebr provimin?<\/a><\/p><p><a class=\"meineLinks\" href=\"#anchor_7\">7. Cilin provim duhet t\u00eb b\u00ebj?<\/a><\/p><p><a class=\"meineLinks\" href=\"#anchor_8\">8. Si mund t\u00eb p\u00ebrgatitem?<\/a><\/p><p><a class=\"meineLinks\" href=\"#anchor_9\">9. Sa her\u00eb mund t\u00eb p\u00ebrpiqem n\u00eb nj\u00eb provim?<\/a><\/p><p><a class=\"meineLinks\" href=\"#anchor_10\">10. Kur dhe ku marr certifikat\u00ebn \u00d6SD?<\/a><\/p>\t\t\t\t\t\t\t\t<\/div>\n\t\t\t\t<\/div>\n\t\t\t\t\t<\/div>\n\t\t\t\t<\/div>\n\t\t<div class=\"elementor-element elementor-element-e3b9652 e-con-full e-flex e-con e-parent\" data-id=\"e3b9652\" data-element_type=\"container\" data-e-type=\"container\" id=\"hauptcontainer\">\n\t\t<div class=\"elementor-element elementor-element-5e2ffa24 e-con-full inhaltsverzeichnis e-flex e-con e-child\" data-id=\"5e2ffa24\" data-element_type=\"container\" data-e-type=\"container\">\n\t\t\t\t<div class=\"elementor-element elementor-element-72dd7eed elementor-widget elementor-widget-text-editor\" data-id=\"72dd7eed\" data-element_type=\"widget\" data-e-type=\"widget\" data-widget_type=\"text-editor.default\">\n\t\t\t\t<div class=\"elementor-widget-container\">\n\t\t\t\t\t\t\t\t\t<h4>Rruga juaj drejt certifikat\u00ebs \u00d6SD<\/h4>\n<a class=\"meineLinks\" href=\"#anchor_1\">1. Ku mund t\u00eb b\u00ebj nj\u00eb provim?<\/a>\n\n\n<a class=\"meineLinks\" href=\"#anchor_2\">2. Kur mund t\u00eb b\u00ebj nj\u00eb provim?<\/a>\n\n\n<a class=\"meineLinks\" href=\"#anchor_3\">3. Si dhe kur mund t\u00eb regjistrohem?<\/a>\n\n\n<a class=\"meineLinks\" href=\"#anchor_4\">4. \u00c7far\u00eb kam nevoj\u00eb p\u00ebr regjistrimin n\u00eb provim?<\/a>\n\n\n<a class=\"meineLinks\" href=\"#anchor_5\">5. A mund t\u00eb b\u00ebj nj\u00eb provim si nj\u00eb person me nevoja specifike?<\/a>\n\n\n<a class=\"meineLinks\" href=\"#anchor_6\">6. Sa duhet t\u00eb paguaj p\u00ebr provimin?<\/a>\n\n\n<a class=\"meineLinks\" href=\"#anchor_7\">7. Cilin provim duhet t\u00eb b\u00ebj?<\/a>\n\n\n<a class=\"meineLinks\" href=\"#anchor_8\">8. Si mund t\u00eb p\u00ebrgatitem?<\/a>\n\n\n<a class=\"meineLinks\" href=\"#anchor_9\">9. Sa her\u00eb mund t\u00eb p\u00ebrpiqem n\u00eb nj\u00eb provim?<\/a>\n\n\n<a class=\"meineLinks\" href=\"#anchor_10\">10. Kur dhe ku marr certifikat\u00ebn \u00d6SD?<\/a>\t\t\t\t\t\t\t\t<\/div>\n\t\t\t\t<\/div>\n\t\t\t\t<\/div>\n\t\t<div class=\"elementor-element elementor-element-1dd27c41 e-con-full e-flex e-con e-child\" data-id=\"1dd27c41\" data-element_type=\"container\" data-e-type=\"container\">\n\t\t\t\t<div class=\"elementor-element elementor-element-32287362 elementor-widget elementor-widget-text-editor\" data-id=\"32287362\" data-element_type=\"widget\" data-e-type=\"widget\" data-widget_type=\"text-editor.default\">\n\t\t\t\t<div class=\"elementor-widget-container\">\n\t\t\t\t\t\t\t\t\t<h3>B\u00ebrja e provimeve<\/h3>\nDiploma Austriake e Gjuh\u00ebs Gjermane (\u00d6SD) \u00ebsht\u00eb nj\u00eb sistem i njohur zyrtarisht p\u00ebr provimet e gjuh\u00ebs gjermane si gjuh\u00eb e huaj dhe e dyt\u00eb. Provimet e \u00d6SD jan\u00eb t\u00eb orientuara drejt komunikimit, kjo do t\u00eb thot\u00eb se ato kontrollojn\u00eb p\u00ebrve\u00e7 gjithash aft\u00ebsin\u00eb p\u00ebr t&#8217;u shprehur gjuh\u00ebsisht dhe komunikativisht n\u00eb situata reale n\u00eb jet\u00ebn e p\u00ebrditshme, n\u00eb pun\u00eb, etj. Provimet e \u00d6SD p\u00ebrputhen me udh\u00ebzimet nd\u00ebrkomb\u00ebtare dhe jan\u00eb t\u00eb njohura p\u00ebr nivelin e njohurive n\u00eb gjuh\u00ebn gjermane n\u00eb t\u00eb gjith\u00eb bot\u00ebn. Ato nuk jan\u00eb t\u00eb varura nga kursi dhe b\u00ebhen dhe vler\u00ebsohen sipas standardeve t\u00eb nj\u00ebjta. P\u00ebr sektorin e migracionit n\u00eb Austrin\u00eb ofrohen provime t\u00eb posa\u00e7me me nj\u00eb orientim m\u00eb t\u00eb madh n\u00eb k\u00ebt\u00eb vend.\t\t\t\t\t\t\t\t<\/div>\n\t\t\t\t<\/div>\n\t\t\t\t<div class=\"elementor-element elementor-element-0267423 elementor-widget elementor-widget-text-editor\" data-id=\"0267423\" data-element_type=\"widget\" data-e-type=\"widget\" data-widget_type=\"text-editor.default\">\n\t\t\t\t<div class=\"elementor-widget-container\">\n\t\t\t\t\t\t\t\t\t<h3>Avantazhet e provimeve \u00d6SD<\/h3><ul><li>\u00c7ertifikatat e \u00d6SD jan\u00eb t\u00eb njohura nd\u00ebrkomb\u00ebtarisht.<\/li><li>Provimet e \u00d6SD nuk jan\u00eb t\u00eb varura nga kursi. Kjo do t\u00eb thot\u00eb q\u00eb nuk duhet t\u00eb ndjek\u00ebsh nj\u00eb kurs p\u00ebr t\u00eb b\u00ebr\u00eb nj\u00eb provim \u00d6SD.<\/li><li>P\u00ebrmbajtja e provimeve \u00ebsht\u00eb e orientuar drejt komunikimit. Kompetenca gjuh\u00ebsore dhe komunikative kontrollohet duke pasur parasysh situatat reale t\u00eb p\u00ebrdorimit.<\/li><li>Provimet e \u00d6SD p\u00ebrgatitin p\u00ebr realitetin gjuh\u00ebsor n\u00eb Austrin\u00eb, Zvicr\u00ebn dhe Gjermanin\u00eb. Variantet standarde t\u00eb vendeve gjermanofone njihen si t\u00eb barabarta dhe merren parasysh n\u00eb provime.<\/li><li>Zhvillimi dhe vler\u00ebsimi i provimeve t\u00eb \u00d6SD ndodhin sipas udh\u00ebzimeve t\u00eb nj\u00ebjta<\/li><\/ul>\t\t\t\t\t\t\t\t<\/div>\n\t\t\t\t<\/div>\n\t\t\t\t<div class=\"elementor-element elementor-element-b1fc9fe anchor_for_div elementor-widget elementor-widget-text-editor\" data-id=\"b1fc9fe\" data-element_type=\"widget\" data-e-type=\"widget\" id=\"anchor_1\" data-widget_type=\"text-editor.default\">\n\t\t\t\t<div class=\"elementor-widget-container\">\n\t\t\t\t\t\t\t\t\t<h3>1. Ku mund t\u00eb b\u00ebj nj\u00eb provim?<\/h3><p>Provime t\u00eb \u00d6SD ofrohen n\u00eb t\u00eb gjith\u00eb bot\u00ebn n\u00eb qendrat e licencuara t\u00eb provimeve t\u00eb \u00d6SD. <a href=\"https:\/\/www.osd.at\/pruefungen-machen\/pruefungszentren\/\">K\u00ebtu<\/a> mund t\u00eb gjeni t\u00eb gjitha qendrat e provimeve t\u00eb \u00d6SD. Qendr\u00ebn e provimit n\u00eb Shkod\u00ebr e gjeni <a href=\"https:\/\/qendra-nderkulturore.al\/de\/harta\/\">k\u00ebtu<\/a>.<\/p><p><a class=\"meineLinks mobil_back_link\" href=\"#site-header\">prapa<\/a><\/p>\t\t\t\t\t\t\t\t<\/div>\n\t\t\t\t<\/div>\n\t\t\t\t<div class=\"elementor-element elementor-element-8a85cad anchor_for_div elementor-widget elementor-widget-text-editor\" data-id=\"8a85cad\" data-element_type=\"widget\" data-e-type=\"widget\" id=\"anchor_2\" data-widget_type=\"text-editor.default\">\n\t\t\t\t<div class=\"elementor-widget-container\">\n\t\t\t\t\t\t\t\t\t<h3>2. Kur mund t\u00eb marr nj\u00eb provim?<\/h3><p>T\u00eb gjitha datat p\u00ebr qendr\u00ebn e provimit n\u00eb Shkod\u00ebr i gjeni <a href=\"https:\/\/qendra-nderkulturore.al\/sq\/datat\/\">k\u00ebtu<\/a>.<\/p><p><a class=\"meineLinks mobil_back_link\" href=\"#site-header\">prapa<\/a><\/p>\t\t\t\t\t\t\t\t<\/div>\n\t\t\t\t<\/div>\n\t\t\t\t<div class=\"elementor-element elementor-element-3e5235a anchor_for_div elementor-widget elementor-widget-text-editor\" data-id=\"3e5235a\" data-element_type=\"widget\" data-e-type=\"widget\" id=\"anchor_3\" data-widget_type=\"text-editor.default\">\n\t\t\t\t<div class=\"elementor-widget-container\">\n\t\t\t\t\t\t\t\t\t<h3>3. Si dhe kur mund t\u00eb regjistrohem p\u00ebr nj\u00eb provim?<\/h3><p>Regjistrimi p\u00ebr nj\u00eb provim duhet t\u00eb b\u00ebhet t\u00eb pakt\u00ebn kat\u00ebr jav\u00eb para dat\u00ebs s\u00eb caktuar p\u00ebr provimin. Datat p\u00ebr regjistrim mund t&#8217;i gjeni <a href=\"https:\/\/qendra-nderkulturore.al\/sq\/datat\/\">k\u00ebtu<\/a>. Lokacionin p\u00ebr regjistrim mund ta gjeni <a href=\"https:\/\/qendra-nderkulturore.al\/en\/harta\/\">k\u00ebtu<\/a>. P\u00ebr shkak t\u00eb nevoj\u00ebs s\u00eb nj\u00eb d\u00ebshmi identiteti p\u00ebr regjistrim, regjistrimet online nuk jan\u00eb t\u00eb mundshme.<\/p><p><a class=\"meineLinks mobil_back_link\" href=\"#site-header\">prapa<\/a><\/p>\t\t\t\t\t\t\t\t<\/div>\n\t\t\t\t<\/div>\n\t\t\t\t<div class=\"elementor-element elementor-element-6302e85 anchor_for_div elementor-widget elementor-widget-text-editor\" data-id=\"6302e85\" data-element_type=\"widget\" data-e-type=\"widget\" id=\"anchor_4\" data-widget_type=\"text-editor.default\">\n\t\t\t\t<div class=\"elementor-widget-container\">\n\t\t\t\t\t\t\t\t\t<h3>4. \u00c7far\u00eb duhet t\u00eb ket\u00eb p\u00ebr regjistrimin e provimit?<\/h3><p>Ju lutem sjellni nj\u00eb dokument identifikimi zyrtar t\u00eb vlefsh\u00ebm me fotografi (p.sh. pasaport\u00eb, kart\u00eb identiteti, etj.) dhe shum\u00ebn e duhur p\u00ebr t\u00eb paguar gjat\u00eb regjistrimit.<\/p><p><a class=\"meineLinks mobil_back_link\" href=\"#site-header\">prapa<\/a><\/p>\t\t\t\t\t\t\t\t<\/div>\n\t\t\t\t<\/div>\n\t\t\t\t<div class=\"elementor-element elementor-element-321ab88 anchor_for_div elementor-widget elementor-widget-text-editor\" data-id=\"321ab88\" data-element_type=\"widget\" data-e-type=\"widget\" id=\"anchor_5\" data-widget_type=\"text-editor.default\">\n\t\t\t\t<div class=\"elementor-widget-container\">\n\t\t\t\t\t\t\t\t\t<h3>5. A mund t\u00eb b\u00ebj nj\u00eb provim si nj\u00eb person me nevoja specifike?<\/h3><p>Sipas llojit dhe grad\u00ebs s\u00eb nevojave t\u00eb ve\u00e7anta (si v\u00ebshtir\u00ebsi n\u00eb lexim dhe \/ ose shkrim, kufizim i aft\u00ebsis\u00eb p\u00ebr t\u00eb par\u00eb ose d\u00ebgjuar etj.), Qendra e \u00d6SD ofron masa individuale q\u00eb e b\u00ebjn\u00eb p\u00ebrdorimin e testit t\u00eb ndersh\u00ebm dhe t\u00eb pa penguar t\u00eb provimit t\u00eb mundur.<\/p><p><a href=\"https:\/\/qendra-nderkulturore.al\/uploads\/Informationsblatt_spez_Bed_sq.pdf\">K\u00ebtu<\/a> mund t\u00eb gjeni informacionin p\u00ebr pjes\u00ebmarr\u00ebsit me nevoja specifike. Ju lutemi kontaktoni direktisht me qendr\u00ebn e provimit \u00d6SD n\u00eb t\u00eb cil\u00ebn doni t\u00eb b\u00ebni provimin ose kontaktoni <a href=\"https:\/\/www.osd.at\/kontakt\/\">Qendr\u00ebn e \u00d6SD<\/a>.<\/p><p><a class=\"meineLinks mobil_back_link\" href=\"#site-header\">prapa<\/a><\/p>\t\t\t\t\t\t\t\t<\/div>\n\t\t\t\t<\/div>\n\t\t\t\t<div class=\"elementor-element elementor-element-cfaf183 anchor_for_div elementor-widget elementor-widget-text-editor\" data-id=\"cfaf183\" data-element_type=\"widget\" data-e-type=\"widget\" id=\"anchor_6\" data-widget_type=\"text-editor.default\">\n\t\t\t\t<div class=\"elementor-widget-container\">\n\t\t\t\t\t\t\t\t\t<h3>6. Sa duhet t\u00eb paguaj p\u00ebr provimin?<\/h3><p>Nj\u00eb list\u00eb e tanishme e t\u00eb gjitha \u00e7mimeve mund ta gjeni <a href=\"https:\/\/qendra-nderkulturore.al\/sq\/cmimet\/\">k\u00ebtu<\/a>.<\/p><p><a class=\"meineLinks mobil_back_link\" href=\"#site-header\">prapa<\/a><\/p>\t\t\t\t\t\t\t\t<\/div>\n\t\t\t\t<\/div>\n\t\t\t\t<div class=\"elementor-element elementor-element-78975f2 anchor_for_div elementor-widget elementor-widget-text-editor\" data-id=\"78975f2\" data-element_type=\"widget\" data-e-type=\"widget\" id=\"anchor_7\" data-widget_type=\"text-editor.default\">\n\t\t\t\t<div class=\"elementor-widget-container\">\n\t\t\t\t\t\t\t\t\t<h3>7. \u00c7far\u00eb provimi duhet t\u00eb b\u00ebj?<\/h3><p>M\u00eb an\u00eb t\u00eb <a href=\"https:\/\/qendra-nderkulturore.al\/sq\/prove-e-provimit\/\">modelet e testit<\/a> t\u00eb lira n\u00eb t\u00eb gjitha nivelet (A1-C1), mund t\u00eb zbuloni me leht\u00ebsi cil\u00ebn prov\u00eb i p\u00ebrshtatet njohurive tuaja t\u00eb gjuh\u00ebs. P\u00ebr m\u00eb tep\u00ebr k\u00ebshillime n\u00eb p\u00ebrgatitjen tuaj mund t\u00eb merrni n\u00ebp\u00ebrmjet kurseve tona p\u00ebr p\u00ebrgatitje p\u00ebr provim. K\u00ebto kurse p\u00ebrfshijn\u00eb edhe simulimin e provave. Datat p\u00ebr to i gjeni <a href=\"https:\/\/qendra-nderkulturore.al\/sq\/datat\/\">k\u00ebtu<\/a>. Gjithashtu, mund t\u00eb p\u00ebrdorni nj\u00eb trajnim t\u00eb digitalizuar t\u00eb provave n\u00eb <a href=\"https:\/\/test-training-digital.osd.at\/\">faqen e internetit t\u00eb \u00d6SD<\/a> ose t\u00eb porosisni nj\u00eb <a href=\"https:\/\/shop.osd.at\/subtest-attempts\/create\">prov\u00eb shembull<\/a>.<\/p><p><a class=\"meineLinks mobil_back_link\" href=\"#site-header\">prapa<\/a><\/p>\t\t\t\t\t\t\t\t<\/div>\n\t\t\t\t<\/div>\n\t\t\t\t<div class=\"elementor-element elementor-element-8582673 anchor_for_div elementor-widget elementor-widget-text-editor\" data-id=\"8582673\" data-element_type=\"widget\" data-e-type=\"widget\" id=\"anchor_8\" data-widget_type=\"text-editor.default\">\n\t\t\t\t<div class=\"elementor-widget-container\">\n\t\t\t\t\t\t\t\t\t<h3>8. Si mund t\u00eb p\u00ebrgatitem?<\/h3><h5>8.1 Modelet e Testit<\/h5><p>Sigurisht, para se t\u00eb prezantoheni n\u00eb provim, shikoni modelet e testit p\u00ebrkat\u00ebs. K\u00ebshtu do t\u00eb merrni nj\u00eb id\u00e9 t\u00eb par\u00eb se si \u00ebsht\u00eb struktura e nj\u00eb provimi t\u00eb \u00d6SD. Modelet e testit mund t&#8217;i gjeni n\u00eb format t\u00eb mb\u00ebshtjell\u00eb ose mund t&#8217;i shkarkoni falas <a href=\"https:\/\/qendra-nderkulturore.al\/sq\/prove-e-provimit\/\">k\u00ebtu<\/a>.<\/p><h5>8.2 Materiale p\u00ebr Strehim<\/h5><p>Po ashtu, ju k\u00ebshillojm\u00eb t\u00eb p\u00ebrdorni materialet tona p\u00ebr strehim, t\u00eb cilat mund ti <a href=\"https:\/\/www.testsam.at\/shop\/ubungsmaterialien-materialien\/\">porosisni online<\/a>. Librat e strehimit p\u00ebrfshijn\u00eb modelet e testit me p\u00ebrgjigje, sete t\u00eb tjera ushtrimesh, komente p\u00ebr provimin me sugjerime p\u00ebr p\u00ebrgjigje, informacione t\u00eb p\u00ebrgjithshme p\u00ebr provimin dhe nj\u00eb CD audio me tekstet d\u00ebgjimore.<\/p><h5>8.3 Trajnim digjital p\u00ebr Test<\/h5><p>Me trajnimin digjital p\u00ebr test, mund t\u00eb <a href=\"https:\/\/test-training-digital.osd.at\/\">provoni menj\u00ebher\u00eb modelet e testit online<\/a>. B\u00ebni provimin n\u00ebnteste p\u00ebr Lexim dhe D\u00ebgjim dhe pastaj kontrolloni p\u00ebrgjigjet tuaja. P\u00ebr n\u00ebntestin Shkrim, mund t\u00eb shkruani tekste tuaja t\u00eb ve\u00e7anta, por ato nuk do t\u00eb vler\u00ebsohen. P\u00ebr krahasim, n\u00eb fund do t\u00eb gjeni tekste shembull.<\/p><h5>8.4 Prov\u00eb e Testit<\/h5><p>N\u00eb prov\u00ebn e testit, performanca juaj vler\u00ebsohet nga ekspert\u00ebt tan\u00eb t\u00eb \u00d6SD, si n\u00eb nj\u00eb provim t\u00eb v\u00ebrtet\u00eb. Ju nuk merrni vet\u00ebm nj\u00eb vler\u00ebsim por edhe nj\u00eb p\u00ebrgjigje t\u00eb holl\u00ebsishme p\u00ebr performanc\u00ebn tuaj dhe p\u00ebrparimin tuaj n\u00eb m\u00ebsim. P\u00ebr m\u00eb tep\u00ebr, me prov\u00ebn m\u00fcndor mund t\u00eb p\u00ebrjetoni nj\u00eb situat\u00eb t\u00eb v\u00ebrtet\u00eb t\u00eb provimit dhe t\u00eb p\u00ebrgatiteni mir\u00eb p\u00ebr dat\u00ebn e provimit tuaj.<\/p><p><a href=\"https:\/\/shop.osd.at\/subtest-attempts\/create\">K\u00ebtu<\/a> mund t\u00eb rezervoni nj\u00eb termin.<\/p><h5>8.5 Kurs p\u00ebr p\u00ebrgatitjen e provimit<\/h5><p>Para \u00e7do date provimi, ofrohen kurse p\u00ebrgatitore p\u00ebr provimin. Atje shpjegohet procedura e provimit dhe kryhet nj\u00eb provim ushtrues. \u00c7mimet p\u00ebr k\u00ebto kurse p\u00ebrgatitore i gjeni <a href=\"https:\/\/qendra-nderkulturore.al\/sq\/cmimet\/\">k\u00ebtu<\/a>, dhe datat <a href=\"https:\/\/qendra-nderkulturore.al\/sq\/datat\/\">k\u00ebtu<\/a>.<\/p><p><a class=\"meineLinks mobil_back_link\" href=\"#site-header\">prapa<\/a><\/p>\t\t\t\t\t\t\t\t<\/div>\n\t\t\t\t<\/div>\n\t\t\t\t<div class=\"elementor-element elementor-element-f498525 anchor_for_div elementor-widget elementor-widget-text-editor\" data-id=\"f498525\" data-element_type=\"widget\" data-e-type=\"widget\" id=\"anchor_9\" data-widget_type=\"text-editor.default\">\n\t\t\t\t<div class=\"elementor-widget-container\">\n\t\t\t\t\t\t\t\t\t<h3>9. Sa her\u00eb jam i lejuar t\u00eb marr pjes\u00eb n\u00eb nj\u00eb provim.?<\/h3><p>Ju mund t\u00eb merrni pjes\u00eb n\u00eb \u00e7do provim ose modul provimi sa her\u00eb t\u00eb doni. P\u00ebr provimet me dy module, moduli i Provimit Shkrimor (Lexim, D\u00ebgjim, Shkrim) duhet p\u00ebrs\u00ebri i marr\u00eb si nj\u00eb e t\u00ebr\u00eb. N\u00ebse nuk arrini t\u00eb kaloni nj\u00eb provim, \u00d6SD rekomandon q\u00eb t\u00eb merrni pjes\u00eb p\u00ebrs\u00ebri n\u00eb provim jo m\u00eb her\u00ebt se kat\u00ebr jav\u00eb pas dat\u00ebs s\u00eb provimit t\u00eb caktuar.<\/p><p><a class=\"meineLinks mobil_back_link\" href=\"#site-header\">prapa<\/a><\/p>\t\t\t\t\t\t\t\t<\/div>\n\t\t\t\t<\/div>\n\t\t\t\t<div class=\"elementor-element elementor-element-6797f90 anchor_for_div elementor-widget elementor-widget-text-editor\" data-id=\"6797f90\" data-element_type=\"widget\" data-e-type=\"widget\" id=\"anchor_10\" data-widget_type=\"text-editor.default\">\n\t\t\t\t<div class=\"elementor-widget-container\">\n\t\t\t\t\t\t\t\t\t<h3>10. Kur dhe ku mund t\u00eb marr diplom\u00ebn time t\u00eb \u00d6SD-s\u00eb?<\/h3><p>Certifikat\u00ebn tuaj do ta merrni direkt n\u00eb Shkod\u00ebr nga ne. Pasqyra e certifikat\u00ebs \u00ebsht\u00eb l\u00ebshuar nga Qendra e \u00d6SD-s\u00eb n\u00eb Austrin\u00eb dhe pastaj d\u00ebrgohet me post\u00eb. K\u00ebshtu q\u00eb certifikata do t\u00eb marr\u00eb nga gjasht\u00eb deri n\u00eb tet\u00eb jav\u00eb derisa t\u00eb arrij\u00eb n\u00eb Shkod\u00ebr.<\/p><p><a class=\"meineLinks mobil_back_link\" href=\"#site-header\">prapa<\/a><\/p>\t\t\t\t\t\t\t\t<\/div>\n\t\t\t\t<\/div>\n\t\t\t\t<\/div>\n\t\t\t\t<\/div>\n\t\t\t\t<\/div>\n\t\t","protected":false},"excerpt":{"rendered":"<p>Rruga juaj drejt certifikat\u00ebs \u00d6SD 1. Ku mund t\u00eb b\u00ebj nj\u00eb provim? 2. Kur mund t\u00eb b\u00ebj nj\u00eb provim? 3. Si dhe kur mund t\u00eb regjistrohem? 4. \u00c7far\u00eb kam nevoj\u00eb<\/p>\n<p><a href=\"https:\/\/qendra-nderkulturore.al\/sq\/osd\/\" class=\"more-link\">Continue reading<span class=\"screen-reader-text\">\u00d6SD<\/span><\/a><\/p>\n","protected":false},"author":1,"featured_media":0,"parent":0,"menu_order":0,"comment_status":"closed","ping_status":"closed","template":"","meta":{"footnotes":""},"class_list":["post-441","page","type-page","status-publish","hentry"],"_links":{"self":[{"href":"https:\/\/qendra-nderkulturore.al\/sq\/wp-json\/wp\/v2\/pages\/441","targetHints":{"allow":["GET"]}}],"collection":[{"href":"https:\/\/qendra-nderkulturore.al\/sq\/wp-json\/wp\/v2\/pages"}],"about":[{"href":"https:\/\/qendra-nderkulturore.al\/sq\/wp-json\/wp\/v2\/types\/page"}],"author":[{"embeddable":true,"href":"https:\/\/qendra-nderkulturore.al\/sq\/wp-json\/wp\/v2\/users\/1"}],"replies":[{"embeddable":true,"href":"https:\/\/qendra-nderkulturore.al\/sq\/wp-json\/wp\/v2\/comments?post=441"}],"version-history":[{"count":334,"href":"https:\/\/qendra-nderkulturore.al\/sq\/wp-json\/wp\/v2\/pages\/441\/revisions"}],"predecessor-version":[{"id":1933,"href":"https:\/\/qendra-nderkulturore.al\/sq\/wp-json\/wp\/v2\/pages\/441\/revisions\/1933"}],"wp:attachment":[{"href":"https:\/\/qendra-nderkulturore.al\/sq\/wp-json\/wp\/v2\/media?parent=441"}],"curies":[{"name":"wp","href":"https:\/\/api.w.org\/{rel}","templated":true}]}}