{"id":486,"date":"2023-09-28T09:15:24","date_gmt":"2023-09-28T09:15:24","guid":{"rendered":"https:\/\/qendra-nderkulturore.al\/?page_id=486"},"modified":"2026-04-13T10:58:27","modified_gmt":"2026-04-13T10:58:27","slug":"prove-e-provimit-c1","status":"publish","type":"page","link":"https:\/\/qendra-nderkulturore.al\/en\/prove-e-provimit-c1\/","title":{"rendered":"\u00d6SD Certificate C1"},"content":{"rendered":"<div data-elementor-type=\"wp-page\" data-elementor-id=\"486\" class=\"elementor elementor-486\" data-elementor-post-type=\"page\">\n\t\t\t\t<div class=\"elementor-element elementor-element-7edc8d14 e-flex e-con-boxed e-con e-parent\" data-id=\"7edc8d14\" data-element_type=\"container\" data-e-type=\"container\">\n\t\t\t\t\t<div class=\"e-con-inner\">\n\t\t<div class=\"elementor-element elementor-element-23841874 e-con-full e-flex e-con e-child\" data-id=\"23841874\" data-element_type=\"container\" data-e-type=\"container\">\n\t\t\t\t<div class=\"elementor-element elementor-element-3064406 elementor-widget elementor-widget-image\" data-id=\"3064406\" data-element_type=\"widget\" data-e-type=\"widget\" data-widget_type=\"image.default\">\n\t\t\t\t<div class=\"elementor-widget-container\">\n\t\t\t\t\t\t\t\t\t\t\t\t\t\t\t\t<a href=\"https:\/\/qendra-nderkulturore.al\/en\/uploads\/ZC1%20Modellsatz.pdf\/\" target=\"_blank\">\n\t\t\t\t\t\t\t<img fetchpriority=\"high\" decoding=\"async\" width=\"596\" height=\"842\" src=\"https:\/\/qendra-nderkulturore.al\/wp-content\/uploads\/2023\/09\/ZC1_cover.png\" class=\"attachment-large size-large wp-image-453\" alt=\"\" srcset=\"https:\/\/qendra-nderkulturore.al\/wp-content\/uploads\/2023\/09\/ZC1_cover.png 596w, https:\/\/qendra-nderkulturore.al\/wp-content\/uploads\/2023\/09\/ZC1_cover-212x300.png 212w, https:\/\/qendra-nderkulturore.al\/wp-content\/uploads\/2023\/09\/ZC1_cover-8x12.png 8w\" sizes=\"(max-width: 596px) 100vw, 596px\" \/>\t\t\t\t\t\t\t\t<\/a>\n\t\t\t\t\t\t\t\t\t\t\t\t\t\t\t<\/div>\n\t\t\t\t<\/div>\n\t\t\t\t<div class=\"elementor-element elementor-element-385c7823 elementor-widget elementor-widget-text-editor\" data-id=\"385c7823\" data-element_type=\"widget\" data-e-type=\"widget\" data-widget_type=\"text-editor.default\">\n\t\t\t\t<div class=\"elementor-widget-container\">\n\t\t\t\t\t\t\t\t\t<p align=\"center\"><strong>Download model exam<\/strong><\/p>\t\t\t\t\t\t\t\t<\/div>\n\t\t\t\t<\/div>\n\t\t\t\t<\/div>\n\t\t<div class=\"elementor-element elementor-element-6ef5848b e-con-full e-flex e-con e-child\" data-id=\"6ef5848b\" data-element_type=\"container\" data-e-type=\"container\">\n\t\t\t\t<div class=\"elementor-element elementor-element-11225b7d elementor-widget elementor-widget-text-editor\" data-id=\"11225b7d\" data-element_type=\"widget\" data-e-type=\"widget\" data-widget_type=\"text-editor.default\">\n\t\t\t\t<div class=\"elementor-widget-container\">\n\t\t\t\t\t\t\t\t\t<p align=\"center\"><strong>Exam target<\/strong><\/p><p>The exam \u00d6SD Zertifikat C1 certifies a candidate\u2019s ability to communicate in different professional and social situations dealing with more complex contexts.<\/p><p>This exam certifies language competence characterized by a high degree of accuracy, correctness and situation-specific appropriateness.<\/p><p>\u00d6SD Zertifikat C1 is particularly aimed at people learning German wishing to study at a German-speaking university and directed at learners aged 16 and over. The additional altered version is tailored to young learners aged 14 and above.<\/p><p>The exam comprises two modules, the Written exam (Reading, Listening and Writing) and the Oral exam (Speaking).<\/p>\t\t\t\t\t\t\t\t<\/div>\n\t\t\t\t<\/div>\n\t\t\t\t<\/div>\n\t\t\t\t\t<\/div>\n\t\t\t\t<\/div>\n\t\t<div class=\"elementor-element elementor-element-236dd999 e-flex e-con-boxed e-con e-parent\" data-id=\"236dd999\" data-element_type=\"container\" data-e-type=\"container\">\n\t\t\t\t\t<div class=\"e-con-inner\">\n\t\t<div class=\"elementor-element elementor-element-1cd46693 e-con-full e-flex e-con e-child\" data-id=\"1cd46693\" data-element_type=\"container\" data-e-type=\"container\">\n\t\t<div class=\"elementor-element elementor-element-12b884aa e-flex e-con-boxed e-con e-child\" data-id=\"12b884aa\" data-element_type=\"container\" data-e-type=\"container\" data-settings=\"{&quot;background_background&quot;:&quot;classic&quot;}\">\n\t\t\t\t\t<div class=\"e-con-inner\">\n\t\t\t\t<div class=\"elementor-element elementor-element-4e4714d9 elementor-widget elementor-widget-text-editor\" data-id=\"4e4714d9\" data-element_type=\"widget\" data-e-type=\"widget\" data-widget_type=\"text-editor.default\">\n\t\t\t\t<div class=\"elementor-widget-container\">\n\t\t\t\t\t\t\t\t\t<p align=\"center\"><strong>Reading<\/strong><\/p><p>Comprehension of various authentic texts from Austria, Germany, and Switzerland in terms of their overall meaning and individual content is assessed through four tasks.<\/p><p>Duration: 90 minutes.<\/p>\t\t\t\t\t\t\t\t<\/div>\n\t\t\t\t<\/div>\n\t\t\t\t\t<\/div>\n\t\t\t\t<\/div>\n\t\t<div class=\"elementor-element elementor-element-6d224584 e-flex e-con-boxed e-con e-child\" data-id=\"6d224584\" data-element_type=\"container\" data-e-type=\"container\" data-settings=\"{&quot;background_background&quot;:&quot;classic&quot;}\">\n\t\t\t\t\t<div class=\"e-con-inner\">\n\t\t\t\t<div class=\"elementor-element elementor-element-5501e31d meineLinks elementor-widget elementor-widget-text-editor\" data-id=\"5501e31d\" data-element_type=\"widget\" data-e-type=\"widget\" data-widget_type=\"text-editor.default\">\n\t\t\t\t<div class=\"elementor-widget-container\">\n\t\t\t\t\t\t\t\t\t<p align=\"center\"><strong>Writing<\/strong><\/p><p>Using multiple prompts, two texts (formal email; written presentation, statement, or comment) must be written and will be assessed according to established criteria (see <a href=\"https:\/\/qendra-nderkulturore.al\/uploads\/ZC1-AW_s_Ver.3.0_21_08_20_nur-SA.pdf\">evaluation sheet<\/a>).<\/p><p>Duration: 90 minutes.<\/p>\t\t\t\t\t\t\t\t<\/div>\n\t\t\t\t<\/div>\n\t\t\t\t\t<\/div>\n\t\t\t\t<\/div>\n\t\t\t\t<\/div>\n\t\t<div class=\"elementor-element elementor-element-452f31e e-con-full e-flex e-con e-child\" data-id=\"452f31e\" data-element_type=\"container\" data-e-type=\"container\">\n\t\t<div class=\"elementor-element elementor-element-2032141a e-flex e-con-boxed e-con e-child\" data-id=\"2032141a\" data-element_type=\"container\" data-e-type=\"container\" data-settings=\"{&quot;background_background&quot;:&quot;classic&quot;}\">\n\t\t\t\t\t<div class=\"e-con-inner\">\n\t\t\t\t<div class=\"elementor-element elementor-element-6f3a43a9 elementor-widget elementor-widget-text-editor\" data-id=\"6f3a43a9\" data-element_type=\"widget\" data-e-type=\"widget\" data-widget_type=\"text-editor.default\">\n\t\t\t\t<div class=\"elementor-widget-container\">\n\t\t\t\t\t\t\t\t\t<p align=\"center\"><strong>Listening<\/strong><\/p><p>Global, detailed, and selective comprehension is assessed in two tasks using standard-spoken authentic audio texts from Austria, Germany, and Switzerland, covering general and sociocultural topics.<\/p><p>Duration: approximately 40 minutes.<\/p>\t\t\t\t\t\t\t\t<\/div>\n\t\t\t\t<\/div>\n\t\t\t\t\t<\/div>\n\t\t\t\t<\/div>\n\t\t<div class=\"elementor-element elementor-element-5d1b7ad2 e-flex e-con-boxed e-con e-child\" data-id=\"5d1b7ad2\" data-element_type=\"container\" data-e-type=\"container\" data-settings=\"{&quot;background_background&quot;:&quot;classic&quot;}\">\n\t\t\t\t\t<div class=\"e-con-inner\">\n\t\t\t\t<div class=\"elementor-element elementor-element-554ac4f9 elementor-widget elementor-widget-text-editor\" data-id=\"554ac4f9\" data-element_type=\"widget\" data-e-type=\"widget\" data-widget_type=\"text-editor.default\">\n\t\t\t\t<div class=\"elementor-widget-container\">\n\t\t\t\t\t\t\t\t\t<p align=\"center\"><strong>Speaking<\/strong><\/p><p>The oral examination consists of three tasks: a telephone conversation, a discussion, and a short presentation. The examination conversation is assessed according to established criteria (see <a href=\"https:\/\/qendra-nderkulturore.al\/uploads\/zc1_auswertungsbogen_sprechen.pdf\">evaluation sheet<\/a>).<\/p><p>Duration: 15-20 minutes.<\/p>\t\t\t\t\t\t\t\t<\/div>\n\t\t\t\t<\/div>\n\t\t\t\t\t<\/div>\n\t\t\t\t<\/div>\n\t\t\t\t<\/div>\n\t\t\t\t\t<\/div>\n\t\t\t\t<\/div>\n\t\t<div class=\"elementor-element elementor-element-5c892aa9 e-flex e-con-boxed e-con e-parent\" data-id=\"5c892aa9\" data-element_type=\"container\" data-e-type=\"container\">\n\t\t\t\t\t<div class=\"e-con-inner\">\n\t\t<div class=\"elementor-element elementor-element-3bb32838 e-con-full e-flex e-con e-child\" data-id=\"3bb32838\" data-element_type=\"container\" data-e-type=\"container\">\n\t\t\t\t<div class=\"elementor-element elementor-element-1972ca7c elementor-widget elementor-widget-text-editor\" data-id=\"1972ca7c\" data-element_type=\"widget\" data-e-type=\"widget\" data-widget_type=\"text-editor.default\">\n\t\t\t\t<div class=\"elementor-widget-container\">\n\t\t\t\t\t\t\t\t\t<p align=\"center\"><strong>Exam administration<\/strong><\/p>\nThe exam \u00d6SD Zertifikat C1 comprises two modules: the Written exam (Reading, Listening and Writing) and the Oral exam (Speaking). These modules can be sat and certified individually or taken in combination. Candidates who have taken and passed one module will receive a single copy of a certificate for the module taken. If both modules were successfully completed within a year, at the same exam centre, candidates will be entitled to receive a single copy of a full certificate listing all completed modules.\n\nThe exam will be carried out by two licensed \u00d6SD examiners who subsequently mark the candidate\u2019s performance (see <a href=\"https:\/\/qendra-nderkulturore.al\/uploads\/zc1_gesamtbogen.pdf\">evaluation sheet<\/a>). By request, an inspection of the rating sheet is possible. Here you can find the <a href=\"https:\/\/qendra-nderkulturore.al\/wp-content\/uploads\/2026\/04\/Pruefungsordnung_April2026_english.pdf\">Exam Regulations<\/a> and the <a href=\"https:\/\/qendra-nderkulturore.al\/uploads\/ZC1-Durchfuhrungsbestimmungen_10_2023.pdf\">Terms and Conditions for Exam Administration<\/a>.\t\t\t\t\t\t\t\t<\/div>\n\t\t\t\t<\/div>\n\t\t\t\t<\/div>\n\t\t<div class=\"elementor-element elementor-element-2be6801a e-con-full e-flex e-con e-child\" data-id=\"2be6801a\" data-element_type=\"container\" data-e-type=\"container\">\n\t\t\t\t<div class=\"elementor-element elementor-element-2feacdcf elementor-widget elementor-widget-text-editor\" data-id=\"2feacdcf\" data-element_type=\"widget\" data-e-type=\"widget\" data-widget_type=\"text-editor.default\">\n\t\t\t\t<div class=\"elementor-widget-container\">\n\t\t\t\t\t\t\t\t\t<p align=\"center\"><strong>Video example<\/strong><\/p><p>Here you can find a video example for an oral exam.<\/p><p><a href=\"https:\/\/www.youtube.com\/watch?v=eEUKwckglkc\">ZC1 Speaking Individual Examination<\/a><\/p>\t\t\t\t\t\t\t\t<\/div>\n\t\t\t\t<\/div>\n\t\t\t\t<\/div>\n\t\t\t\t\t<\/div>\n\t\t\t\t<\/div>\n\t\t\t\t<\/div>","protected":false},"excerpt":{"rendered":"<p>Shkarko model t\u00eb provimit Q\u00ebllimi i provimit Pjes\u00ebmarr\u00ebsit n\u00eb provimin \u00d6SD Certifikat C1 duhet t\u00eb jen\u00eb n\u00eb gjendje t\u00eb komunikojn\u00eb n\u00eb situata t\u00eb ndryshme t\u00eb jet\u00ebs shoq\u00ebrore dhe profesionale, edhe<\/p>\n<p><a href=\"https:\/\/qendra-nderkulturore.al\/en\/prove-e-provimit-c1\/\" class=\"more-link\">Continue reading<span class=\"screen-reader-text\">\u00d6SD Certificate C1<\/span><\/a><\/p>","protected":false},"author":1,"featured_media":0,"parent":0,"menu_order":0,"comment_status":"closed","ping_status":"closed","template":"","meta":{"footnotes":""},"class_list":["post-486","page","type-page","status-publish","hentry"],"_links":{"self":[{"href":"https:\/\/qendra-nderkulturore.al\/en\/wp-json\/wp\/v2\/pages\/486","targetHints":{"allow":["GET"]}}],"collection":[{"href":"https:\/\/qendra-nderkulturore.al\/en\/wp-json\/wp\/v2\/pages"}],"about":[{"href":"https:\/\/qendra-nderkulturore.al\/en\/wp-json\/wp\/v2\/types\/page"}],"author":[{"embeddable":true,"href":"https:\/\/qendra-nderkulturore.al\/en\/wp-json\/wp\/v2\/users\/1"}],"replies":[{"embeddable":true,"href":"https:\/\/qendra-nderkulturore.al\/en\/wp-json\/wp\/v2\/comments?post=486"}],"version-history":[{"count":53,"href":"https:\/\/qendra-nderkulturore.al\/en\/wp-json\/wp\/v2\/pages\/486\/revisions"}],"predecessor-version":[{"id":2015,"href":"https:\/\/qendra-nderkulturore.al\/en\/wp-json\/wp\/v2\/pages\/486\/revisions\/2015"}],"wp:attachment":[{"href":"https:\/\/qendra-nderkulturore.al\/en\/wp-json\/wp\/v2\/media?parent=486"}],"curies":[{"name":"wp","href":"https:\/\/api.w.org\/{rel}","templated":true}]}}