{"id":484,"date":"2023-09-28T09:15:02","date_gmt":"2023-09-28T09:15:02","guid":{"rendered":"https:\/\/qendra-nderkulturore.al\/?page_id=484"},"modified":"2026-04-13T10:57:04","modified_gmt":"2026-04-13T10:57:04","slug":"prove-e-provimit-b2","status":"publish","type":"page","link":"https:\/\/qendra-nderkulturore.al\/en\/prove-e-provimit-b2\/","title":{"rendered":"\u00d6SD Certificate B2"},"content":{"rendered":"<div data-elementor-type=\"wp-page\" data-elementor-id=\"484\" class=\"elementor elementor-484\" data-elementor-post-type=\"page\">\n\t\t\t\t<div class=\"elementor-element elementor-element-425101e6 e-flex e-con-boxed e-con e-parent\" data-id=\"425101e6\" data-element_type=\"container\" data-e-type=\"container\">\n\t\t\t\t\t<div class=\"e-con-inner\">\n\t\t<div class=\"elementor-element elementor-element-28d876a9 e-con-full e-flex e-con e-child\" data-id=\"28d876a9\" data-element_type=\"container\" data-e-type=\"container\">\n\t\t\t\t<div class=\"elementor-element elementor-element-2953fa66 elementor-widget elementor-widget-image\" data-id=\"2953fa66\" data-element_type=\"widget\" data-e-type=\"widget\" data-widget_type=\"image.default\">\n\t\t\t\t<div class=\"elementor-widget-container\">\n\t\t\t\t\t\t\t\t\t\t\t\t\t\t\t\t<a href=\"https:\/\/qendra-nderkulturore.al\/en\/uploads\/ZB2%20Modellsatz.pdf\/\" target=\"_blank\">\n\t\t\t\t\t\t\t<img fetchpriority=\"high\" decoding=\"async\" width=\"597\" height=\"842\" src=\"https:\/\/qendra-nderkulturore.al\/wp-content\/uploads\/2023\/09\/ZB2_cover.png\" class=\"attachment-large size-large wp-image-454\" alt=\"\" srcset=\"https:\/\/qendra-nderkulturore.al\/wp-content\/uploads\/2023\/09\/ZB2_cover.png 597w, https:\/\/qendra-nderkulturore.al\/wp-content\/uploads\/2023\/09\/ZB2_cover-213x300.png 213w, https:\/\/qendra-nderkulturore.al\/wp-content\/uploads\/2023\/09\/ZB2_cover-9x12.png 9w\" sizes=\"(max-width: 597px) 100vw, 597px\" \/>\t\t\t\t\t\t\t\t<\/a>\n\t\t\t\t\t\t\t\t\t\t\t\t\t\t\t<\/div>\n\t\t\t\t<\/div>\n\t\t\t\t<div class=\"elementor-element elementor-element-783ef43c elementor-widget elementor-widget-text-editor\" data-id=\"783ef43c\" data-element_type=\"widget\" data-e-type=\"widget\" data-widget_type=\"text-editor.default\">\n\t\t\t\t<div class=\"elementor-widget-container\">\n\t\t\t\t\t\t\t\t\t<p align=\"center\"><strong>Download model exam<\/strong><\/p>\t\t\t\t\t\t\t\t<\/div>\n\t\t\t\t<\/div>\n\t\t\t\t<\/div>\n\t\t<div class=\"elementor-element elementor-element-2c7350f6 e-con-full e-flex e-con e-child\" data-id=\"2c7350f6\" data-element_type=\"container\" data-e-type=\"container\">\n\t\t\t\t<div class=\"elementor-element elementor-element-64a4353d elementor-widget elementor-widget-text-editor\" data-id=\"64a4353d\" data-element_type=\"widget\" data-e-type=\"widget\" data-widget_type=\"text-editor.default\">\n\t\t\t\t<div class=\"elementor-widget-container\">\n\t\t\t\t\t\t\t\t\t<p align=\"center\"><strong>Exam target<\/strong><\/p><p>The exam \u00d6SD Zertifikat B2 certifies a candidate\u2019s ability to communicate clearly and in detail on a broad range of topics and conduct a normal conversation with native speakers in a spontaneous and fluent way.<\/p><p>This exam certifies language competence in communicative situations that go beyond the private sphere, as well as (semi-)public and professional fields. Candidates are able to understand text dealing with their area of expertise.<\/p><p>This exam is directed at learners aged 16 and over, an altered version is tailored to young learners aged 14 and above.<\/p><p>The exam comprises two modules: the Written exam (Reading, Listening and Writing) and the Oral exam (Speaking), focusing mainly on communicative competence, even though attention is also paid to formal accuracy.<\/p>\t\t\t\t\t\t\t\t<\/div>\n\t\t\t\t<\/div>\n\t\t\t\t<\/div>\n\t\t\t\t\t<\/div>\n\t\t\t\t<\/div>\n\t\t<div class=\"elementor-element elementor-element-60b8966c e-flex e-con-boxed e-con e-parent\" data-id=\"60b8966c\" data-element_type=\"container\" data-e-type=\"container\">\n\t\t\t\t\t<div class=\"e-con-inner\">\n\t\t<div class=\"elementor-element elementor-element-1812c871 e-con-full e-flex e-con e-child\" data-id=\"1812c871\" data-element_type=\"container\" data-e-type=\"container\">\n\t\t<div class=\"elementor-element elementor-element-5b339df1 e-flex e-con-boxed e-con e-child\" data-id=\"5b339df1\" data-element_type=\"container\" data-e-type=\"container\" data-settings=\"{&quot;background_background&quot;:&quot;classic&quot;}\">\n\t\t\t\t\t<div class=\"e-con-inner\">\n\t\t\t\t<div class=\"elementor-element elementor-element-fb541f4 elementor-widget elementor-widget-text-editor\" data-id=\"fb541f4\" data-element_type=\"widget\" data-e-type=\"widget\" data-widget_type=\"text-editor.default\">\n\t\t\t\t<div class=\"elementor-widget-container\">\n\t\t\t\t\t\t\t\t\t<p align=\"center\"><strong>Reading<\/strong><\/p><p>Comprehension of various authentic texts from Austria, Germany, and Switzerland in terms of their overall meaning and individual content is assessed through four tasks.<\/p><p>Duration: 90 minutes.<\/p><p>\u00a0<\/p>\t\t\t\t\t\t\t\t<\/div>\n\t\t\t\t<\/div>\n\t\t\t\t\t<\/div>\n\t\t\t\t<\/div>\n\t\t<div class=\"elementor-element elementor-element-33c57bab e-flex e-con-boxed e-con e-child\" data-id=\"33c57bab\" data-element_type=\"container\" data-e-type=\"container\" data-settings=\"{&quot;background_background&quot;:&quot;classic&quot;}\">\n\t\t\t\t\t<div class=\"e-con-inner\">\n\t\t\t\t<div class=\"elementor-element elementor-element-2b3705a5 meineLinks elementor-widget elementor-widget-text-editor\" data-id=\"2b3705a5\" data-element_type=\"widget\" data-e-type=\"widget\" data-widget_type=\"text-editor.default\">\n\t\t\t\t<div class=\"elementor-widget-container\">\n\t\t\t\t\t\t\t\t\t<p align=\"center\"><strong>Writing<\/strong><\/p><p>Using multiple prompts, two texts (formal email, argumentation\/expression of opinion) must be written and will be assessed according to established criteria (see <a href=\"https:\/\/qendra-nderkulturore.al\/uploads\/ZB2-AW_s_Ver.4.0_13_08_20_nur-SA.pdf\">evaluation sheet<\/a>).<\/p><p>Duration: 90 minutes.<\/p>\t\t\t\t\t\t\t\t<\/div>\n\t\t\t\t<\/div>\n\t\t\t\t\t<\/div>\n\t\t\t\t<\/div>\n\t\t\t\t<\/div>\n\t\t<div class=\"elementor-element elementor-element-538ec94c e-con-full e-flex e-con e-child\" data-id=\"538ec94c\" data-element_type=\"container\" data-e-type=\"container\">\n\t\t<div class=\"elementor-element elementor-element-138ba2a7 e-flex e-con-boxed e-con e-child\" data-id=\"138ba2a7\" data-element_type=\"container\" data-e-type=\"container\" data-settings=\"{&quot;background_background&quot;:&quot;classic&quot;}\">\n\t\t\t\t\t<div class=\"e-con-inner\">\n\t\t\t\t<div class=\"elementor-element elementor-element-7dee8ed8 elementor-widget elementor-widget-text-editor\" data-id=\"7dee8ed8\" data-element_type=\"widget\" data-e-type=\"widget\" data-widget_type=\"text-editor.default\">\n\t\t\t\t<div class=\"elementor-widget-container\">\n\t\t\t\t\t\t\t\t\t<p align=\"center\"><strong>Listening<\/strong><\/p><p>Global, detailed, and selective comprehension is assessed in two tasks using standard-spoken authentic audio texts from Austria, Germany, and Switzerland, covering general and sociocultural topics.<\/p><p>Duration: approximately 30 minutes.<\/p>\t\t\t\t\t\t\t\t<\/div>\n\t\t\t\t<\/div>\n\t\t\t\t\t<\/div>\n\t\t\t\t<\/div>\n\t\t<div class=\"elementor-element elementor-element-41f94781 e-flex e-con-boxed e-con e-child\" data-id=\"41f94781\" data-element_type=\"container\" data-e-type=\"container\" data-settings=\"{&quot;background_background&quot;:&quot;classic&quot;}\">\n\t\t\t\t\t<div class=\"e-con-inner\">\n\t\t\t\t<div class=\"elementor-element elementor-element-76102d3a elementor-widget elementor-widget-text-editor\" data-id=\"76102d3a\" data-element_type=\"widget\" data-e-type=\"widget\" data-widget_type=\"text-editor.default\">\n\t\t\t\t<div class=\"elementor-widget-container\">\n\t\t\t\t\t\t\t\t\t<p align=\"center\"><strong>Speaking<\/strong><\/p><p>The individual or pair examination consists of three tasks: an information conversation, an image discussion, and a discussion. The examination conversation is assessed according to established criteria (see <a href=\"https:\/\/qendra-nderkulturore.al\/uploads\/zb2_auswertungsbogen_sprechen.pdf\">evaluation sheet<\/a>).<\/p><p>Duration: Individual examination 15\u201320 minutes, pair examination 20\u201325 minutes.<\/p>\t\t\t\t\t\t\t\t<\/div>\n\t\t\t\t<\/div>\n\t\t\t\t\t<\/div>\n\t\t\t\t<\/div>\n\t\t\t\t<\/div>\n\t\t\t\t\t<\/div>\n\t\t\t\t<\/div>\n\t\t<div class=\"elementor-element elementor-element-41a2f35d e-flex e-con-boxed e-con e-parent\" data-id=\"41a2f35d\" data-element_type=\"container\" data-e-type=\"container\">\n\t\t\t\t\t<div class=\"e-con-inner\">\n\t\t<div class=\"elementor-element elementor-element-4b5833b2 e-con-full e-flex e-con e-child\" data-id=\"4b5833b2\" data-element_type=\"container\" data-e-type=\"container\">\n\t\t\t\t<div class=\"elementor-element elementor-element-ea446e1 elementor-widget elementor-widget-text-editor\" data-id=\"ea446e1\" data-element_type=\"widget\" data-e-type=\"widget\" data-widget_type=\"text-editor.default\">\n\t\t\t\t<div class=\"elementor-widget-container\">\n\t\t\t\t\t\t\t\t\t<p align=\"center\"><strong>Exam administration<\/strong><\/p>\nThe \u00d6SD Certificate B2 examination is offered in two modules: Written examination (Reading, Listening, Writing) and Oral examination (Speaking). The modules can be taken and certified individually or in combination. If both modules are passed at the same examination session, a comprehensive certificate is issued. Similarly, exam participants receive a comprehensive certificate if they take and pass both modules within a year at the same examination center. Passing a single module results in a module certificate.\n\nThe examination is conducted by two trained \u00d6SD examiners, who then evaluate the performance of the participants (see <a href=\"https:\/\/qendra-nderkulturore.al\/uploads\/ZB2-GB_Ver.3.0_22_01_20.pdf\">score form<\/a>). By request, an inspection of the rating sheet is possible. Here you can find the <a href=\"https:\/\/qendra-nderkulturore.al\/wp-content\/uploads\/2026\/04\/Pruefungsordnung_April2026_english.pdf\">Exam Regulations<\/a> and the <a href=\"https:\/\/qendra-nderkulturore.al\/uploads\/ZB2-Durchfuhrungsbestimmungen_10_2023.pdf\">Terms and Conditions for Exam Administration<\/a>.\t\t\t\t\t\t\t\t<\/div>\n\t\t\t\t<\/div>\n\t\t\t\t<\/div>\n\t\t<div class=\"elementor-element elementor-element-4c56d7b e-con-full e-flex e-con e-child\" data-id=\"4c56d7b\" data-element_type=\"container\" data-e-type=\"container\">\n\t\t\t\t<div class=\"elementor-element elementor-element-54748f7 elementor-widget elementor-widget-text-editor\" data-id=\"54748f7\" data-element_type=\"widget\" data-e-type=\"widget\" data-widget_type=\"text-editor.default\">\n\t\t\t\t<div class=\"elementor-widget-container\">\n\t\t\t\t\t\t\t\t\t<p align=\"center\"><strong>Video example<\/strong><\/p>\nHere you can find a video example for an oral exam.\n<br><br>\n<a href=\"https:\/\/www.youtube.com\/watch?v=nFQljN4Oeio\">ZB1 Speaking Pair Examination<\/a>\t\t\t\t\t\t\t\t<\/div>\n\t\t\t\t<\/div>\n\t\t\t\t<\/div>\n\t\t\t\t\t<\/div>\n\t\t\t\t<\/div>\n\t\t\t\t<\/div>","protected":false},"excerpt":{"rendered":"<p>Shkarko model t\u00eb provimit Q\u00ebllimi i provimit Pjes\u00ebmarr\u00ebsit n\u00eb provimin \u00d6SD Certifikat B2 duhet t\u00eb jen\u00eb n\u00eb gjendje t\u00eb shprehin qart\u00eb dhe me detaje mbi nj\u00eb spektrum temash t\u00eb gjer\u00eb<\/p>\n<p><a href=\"https:\/\/qendra-nderkulturore.al\/en\/prove-e-provimit-b2\/\" class=\"more-link\">Continue reading<span class=\"screen-reader-text\">\u00d6SD Certificate B2<\/span><\/a><\/p>","protected":false},"author":1,"featured_media":0,"parent":0,"menu_order":0,"comment_status":"closed","ping_status":"closed","template":"","meta":{"footnotes":""},"class_list":["post-484","page","type-page","status-publish","hentry"],"_links":{"self":[{"href":"https:\/\/qendra-nderkulturore.al\/en\/wp-json\/wp\/v2\/pages\/484","targetHints":{"allow":["GET"]}}],"collection":[{"href":"https:\/\/qendra-nderkulturore.al\/en\/wp-json\/wp\/v2\/pages"}],"about":[{"href":"https:\/\/qendra-nderkulturore.al\/en\/wp-json\/wp\/v2\/types\/page"}],"author":[{"embeddable":true,"href":"https:\/\/qendra-nderkulturore.al\/en\/wp-json\/wp\/v2\/users\/1"}],"replies":[{"embeddable":true,"href":"https:\/\/qendra-nderkulturore.al\/en\/wp-json\/wp\/v2\/comments?post=484"}],"version-history":[{"count":47,"href":"https:\/\/qendra-nderkulturore.al\/en\/wp-json\/wp\/v2\/pages\/484\/revisions"}],"predecessor-version":[{"id":2012,"href":"https:\/\/qendra-nderkulturore.al\/en\/wp-json\/wp\/v2\/pages\/484\/revisions\/2012"}],"wp:attachment":[{"href":"https:\/\/qendra-nderkulturore.al\/en\/wp-json\/wp\/v2\/media?parent=484"}],"curies":[{"name":"wp","href":"https:\/\/api.w.org\/{rel}","templated":true}]}}