{"id":480,"date":"2023-09-28T09:14:18","date_gmt":"2023-09-28T09:14:18","guid":{"rendered":"https:\/\/qendra-nderkulturore.al\/?page_id=480"},"modified":"2026-04-13T10:55:17","modified_gmt":"2026-04-13T10:55:17","slug":"prove-e-provimit-a2","status":"publish","type":"page","link":"https:\/\/qendra-nderkulturore.al\/en\/prove-e-provimit-a2\/","title":{"rendered":"\u00d6SD Certificate A2"},"content":{"rendered":"<div data-elementor-type=\"wp-page\" data-elementor-id=\"480\" class=\"elementor elementor-480\" data-elementor-post-type=\"page\">\n\t\t\t\t<div class=\"elementor-element elementor-element-9392e41 e-flex e-con-boxed e-con e-parent\" data-id=\"9392e41\" data-element_type=\"container\" data-e-type=\"container\">\n\t\t\t\t\t<div class=\"e-con-inner\">\n\t\t<div class=\"elementor-element elementor-element-31f2152e e-con-full e-flex e-con e-child\" data-id=\"31f2152e\" data-element_type=\"container\" data-e-type=\"container\">\n\t\t\t\t<div class=\"elementor-element elementor-element-47b44099 elementor-widget elementor-widget-image\" data-id=\"47b44099\" data-element_type=\"widget\" data-e-type=\"widget\" data-widget_type=\"image.default\">\n\t\t\t\t<div class=\"elementor-widget-container\">\n\t\t\t\t\t\t\t\t\t\t\t\t\t\t\t\t<a href=\"https:\/\/qendra-nderkulturore.al\/en\/uploads\/ZA2%20Modellsatz.pdf\/\" target=\"_blank\">\n\t\t\t\t\t\t\t<img fetchpriority=\"high\" decoding=\"async\" width=\"596\" height=\"842\" src=\"https:\/\/qendra-nderkulturore.al\/wp-content\/uploads\/2023\/09\/ZA2_cover.png\" class=\"attachment-large size-large wp-image-456\" alt=\"\" srcset=\"https:\/\/qendra-nderkulturore.al\/wp-content\/uploads\/2023\/09\/ZA2_cover.png 596w, https:\/\/qendra-nderkulturore.al\/wp-content\/uploads\/2023\/09\/ZA2_cover-212x300.png 212w, https:\/\/qendra-nderkulturore.al\/wp-content\/uploads\/2023\/09\/ZA2_cover-8x12.png 8w\" sizes=\"(max-width: 596px) 100vw, 596px\" \/>\t\t\t\t\t\t\t\t<\/a>\n\t\t\t\t\t\t\t\t\t\t\t\t\t\t\t<\/div>\n\t\t\t\t<\/div>\n\t\t\t\t<div class=\"elementor-element elementor-element-5d063925 elementor-widget elementor-widget-text-editor\" data-id=\"5d063925\" data-element_type=\"widget\" data-e-type=\"widget\" data-widget_type=\"text-editor.default\">\n\t\t\t\t<div class=\"elementor-widget-container\">\n\t\t\t\t\t\t\t\t\t<p align=\"center\"><strong>Download model exam<\/strong><\/p>\t\t\t\t\t\t\t\t<\/div>\n\t\t\t\t<\/div>\n\t\t\t\t<\/div>\n\t\t<div class=\"elementor-element elementor-element-42eb0005 e-con-full e-flex e-con e-child\" data-id=\"42eb0005\" data-element_type=\"container\" data-e-type=\"container\">\n\t\t\t\t<div class=\"elementor-element elementor-element-12802a59 elementor-widget elementor-widget-text-editor\" data-id=\"12802a59\" data-element_type=\"widget\" data-e-type=\"widget\" data-widget_type=\"text-editor.default\">\n\t\t\t\t<div class=\"elementor-widget-container\">\n\t\t\t\t\t\t\t\t\t<p align=\"center\"><strong>Exam target<\/strong><\/p><p>For the exam \u00d6SD Zertifikat A2, candidates should be able to communicate on a basic level in simple, routine situations of their everyday, as well as their professional life.<\/p><p>This exam is directed at learners aged 14 and over and certifies language competence in routine situations with familiar topics and activities.<\/p><p>The exam \u00d6SD Zertifikat A2 comprises the two modules: Written exam (Reading, Listening and Writing) and Oral exam (Speaking), focusing mainly on the receptive skills Reading and Listening.<\/p>\t\t\t\t\t\t\t\t<\/div>\n\t\t\t\t<\/div>\n\t\t\t\t<\/div>\n\t\t\t\t\t<\/div>\n\t\t\t\t<\/div>\n\t\t<div class=\"elementor-element elementor-element-556edcf9 e-flex e-con-boxed e-con e-parent\" data-id=\"556edcf9\" data-element_type=\"container\" data-e-type=\"container\">\n\t\t\t\t\t<div class=\"e-con-inner\">\n\t\t<div class=\"elementor-element elementor-element-4f63b23b e-con-full e-flex e-con e-child\" data-id=\"4f63b23b\" data-element_type=\"container\" data-e-type=\"container\">\n\t\t<div class=\"elementor-element elementor-element-7a5923b e-flex e-con-boxed e-con e-child\" data-id=\"7a5923b\" data-element_type=\"container\" data-e-type=\"container\" data-settings=\"{&quot;background_background&quot;:&quot;classic&quot;}\">\n\t\t\t\t\t<div class=\"e-con-inner\">\n\t\t\t\t<div class=\"elementor-element elementor-element-4b64593c elementor-widget elementor-widget-text-editor\" data-id=\"4b64593c\" data-element_type=\"widget\" data-e-type=\"widget\" data-widget_type=\"text-editor.default\">\n\t\t\t\t<div class=\"elementor-widget-container\">\n\t\t\t\t\t\t\t\t\t<p align=\"center\"><strong>Reading<\/strong><\/p><p>Global and detailed comprehension is assessed through two tasks with different test formats.<\/p><p>Duration: 30 minutes.<\/p>\t\t\t\t\t\t\t\t<\/div>\n\t\t\t\t<\/div>\n\t\t\t\t\t<\/div>\n\t\t\t\t<\/div>\n\t\t<div class=\"elementor-element elementor-element-6107af4a e-flex e-con-boxed e-con e-child\" data-id=\"6107af4a\" data-element_type=\"container\" data-e-type=\"container\" data-settings=\"{&quot;background_background&quot;:&quot;classic&quot;}\">\n\t\t\t\t\t<div class=\"e-con-inner\">\n\t\t\t\t<div class=\"elementor-element elementor-element-6f4e50db meineLinks elementor-widget elementor-widget-text-editor\" data-id=\"6f4e50db\" data-element_type=\"widget\" data-e-type=\"widget\" data-widget_type=\"text-editor.default\">\n\t\t\t\t<div class=\"elementor-widget-container\">\n\t\t\t\t\t\t\t\t\t<p align=\"center\"><strong>Writing<\/strong><\/p><p>In response to a prompt text, a personal email should be written, evaluated according to established criteria (see <a href=\"https:\/\/qendra-nderkulturore.al\/uploads\/za2_auswertungsbogen_sprechen.pdf\">evaluation sheet<\/a>).<\/p><p>Duration: 30 minutes.<\/p>\t\t\t\t\t\t\t\t<\/div>\n\t\t\t\t<\/div>\n\t\t\t\t\t<\/div>\n\t\t\t\t<\/div>\n\t\t\t\t<\/div>\n\t\t<div class=\"elementor-element elementor-element-4c688f4e e-con-full e-flex e-con e-child\" data-id=\"4c688f4e\" data-element_type=\"container\" data-e-type=\"container\">\n\t\t<div class=\"elementor-element elementor-element-18b7b636 e-flex e-con-boxed e-con e-child\" data-id=\"18b7b636\" data-element_type=\"container\" data-e-type=\"container\" data-settings=\"{&quot;background_background&quot;:&quot;classic&quot;}\">\n\t\t\t\t\t<div class=\"e-con-inner\">\n\t\t\t\t<div class=\"elementor-element elementor-element-22942e25 elementor-widget elementor-widget-text-editor\" data-id=\"22942e25\" data-element_type=\"widget\" data-e-type=\"widget\" data-widget_type=\"text-editor.default\">\n\t\t\t\t<div class=\"elementor-widget-container\">\n\t\t\t\t\t\t\t\t\t<p align=\"center\"><strong>Listening<\/strong><\/p><p>Global and detailed comprehension is assessed in three tasks using standard-spoken audio texts from Austria, Germany, and Switzerland.<\/p><p>Duration: approximately 15 minutes.<\/p>\t\t\t\t\t\t\t\t<\/div>\n\t\t\t\t<\/div>\n\t\t\t\t\t<\/div>\n\t\t\t\t<\/div>\n\t\t<div class=\"elementor-element elementor-element-1c201b e-flex e-con-boxed e-con e-child\" data-id=\"1c201b\" data-element_type=\"container\" data-e-type=\"container\" data-settings=\"{&quot;background_background&quot;:&quot;classic&quot;}\">\n\t\t\t\t\t<div class=\"e-con-inner\">\n\t\t\t\t<div class=\"elementor-element elementor-element-477124cb elementor-widget elementor-widget-text-editor\" data-id=\"477124cb\" data-element_type=\"widget\" data-e-type=\"widget\" data-widget_type=\"text-editor.default\">\n\t\t\t\t<div class=\"elementor-widget-container\">\n\t\t\t\t\t\t\t\t\t<p align=\"center\"><strong>Speaking<\/strong><\/p><p>The exam consists of two tasks: introducing oneself (based on 5 topics) and planning a joint activity. The oral exam is assessed according to established criteria (see <a href=\"https:\/\/qendra-nderkulturore.al\/uploads\/za2_auswertungsbogen_sprechen.pdf\">evaluation sheet<\/a>).<\/p><p>Duration: approximately 10 minutes.<\/p>\t\t\t\t\t\t\t\t<\/div>\n\t\t\t\t<\/div>\n\t\t\t\t\t<\/div>\n\t\t\t\t<\/div>\n\t\t\t\t<\/div>\n\t\t\t\t\t<\/div>\n\t\t\t\t<\/div>\n\t\t<div class=\"elementor-element elementor-element-591f01e7 e-flex e-con-boxed e-con e-parent\" data-id=\"591f01e7\" data-element_type=\"container\" data-e-type=\"container\">\n\t\t\t\t\t<div class=\"e-con-inner\">\n\t\t<div class=\"elementor-element elementor-element-51e8c128 e-con-full e-flex e-con e-child\" data-id=\"51e8c128\" data-element_type=\"container\" data-e-type=\"container\">\n\t\t\t\t<div class=\"elementor-element elementor-element-52f5a4b6 elementor-widget elementor-widget-text-editor\" data-id=\"52f5a4b6\" data-element_type=\"widget\" data-e-type=\"widget\" data-widget_type=\"text-editor.default\">\n\t\t\t\t<div class=\"elementor-widget-container\">\n\t\t\t\t\t\t\t\t\t<p align=\"center\"><strong>Exam administration<\/strong><\/p>\nThe exam \u00d6SD Zertifikat A2 comprises two modules: the Written exam (Reading, Listening and Writing) and the Oral exam (Speaking). These modules can be sat and certified individually or taken in combination. Candidates who have taken and passed one module will receive a single copy of a certificate for the module taken. If both modules were successfully completed within a year, at the same exam centre, candidates will be entitled to receive a single copy of a certificate listing all completed modules.\n\nThe exam will be administered by two certified \u00d6SD examiners who subsequently mark the examinee\u2019s performance (see <a href=\"https:\/\/qendra-nderkulturore.al\/uploads\/za2_gesamtbogen.pdf\">score form<\/a>). By request, an inspection of the rating sheet is possible. Here you can find the <a href=\"https:\/\/qendra-nderkulturore.al\/wp-content\/uploads\/2026\/04\/Pruefungsordnung_April2026_english.pdf\">Exam Regulations<\/a> and the <a href=\"https:\/\/qendra-nderkulturore.al\/uploads\/ZA2-Durchfuhrungsbestimmungen_10_2023.pdf\">Terms and Conditions for Exam Administration<\/a>.\t\t\t\t\t\t\t\t<\/div>\n\t\t\t\t<\/div>\n\t\t\t\t<\/div>\n\t\t<div class=\"elementor-element elementor-element-567428ab e-con-full e-flex e-con e-child\" data-id=\"567428ab\" data-element_type=\"container\" data-e-type=\"container\">\n\t\t\t\t<div class=\"elementor-element elementor-element-4ecaa4a2 elementor-widget elementor-widget-text-editor\" data-id=\"4ecaa4a2\" data-element_type=\"widget\" data-e-type=\"widget\" data-widget_type=\"text-editor.default\">\n\t\t\t\t<div class=\"elementor-widget-container\">\n\t\t\t\t\t\t\t\t\t<p align=\"center\"><strong>Video example<\/strong><\/p>\nHere you can find two video examples for the oral exam:\n\n<a href=\"https:\/\/www.youtube.com\/watch?v=z2aNdPQnbZM\">ZA2 Speaking Individual Examination<\/a>\n\n<a href=\"https:\/\/www.youtube.com\/watch?v=wN6QPgvCyJg&amp;t=1s\">ZA2 Speaking Pair Examination<\/a>\t\t\t\t\t\t\t\t<\/div>\n\t\t\t\t<\/div>\n\t\t\t\t<\/div>\n\t\t\t\t\t<\/div>\n\t\t\t\t<\/div>\n\t\t\t\t<\/div>","protected":false},"excerpt":{"rendered":"<p>Shkarko model t\u00eb provimit Q\u00ebllimi i provimit Pjes\u00ebmarr\u00ebsit n\u00eb provimin \u00d6SD Certifikat A2 duhet t\u00eb jen\u00eb n\u00eb gjendje t\u00eb komunikojn\u00eb n\u00eb nivelin elementar n\u00eb situata t\u00eb thjeshta dhe rutinore t\u00eb<\/p>\n<p><a href=\"https:\/\/qendra-nderkulturore.al\/en\/prove-e-provimit-a2\/\" class=\"more-link\">Continue reading<span class=\"screen-reader-text\">\u00d6SD Certificate A2<\/span><\/a><\/p>","protected":false},"author":1,"featured_media":0,"parent":0,"menu_order":0,"comment_status":"closed","ping_status":"closed","template":"","meta":{"footnotes":""},"class_list":["post-480","page","type-page","status-publish","hentry"],"_links":{"self":[{"href":"https:\/\/qendra-nderkulturore.al\/en\/wp-json\/wp\/v2\/pages\/480","targetHints":{"allow":["GET"]}}],"collection":[{"href":"https:\/\/qendra-nderkulturore.al\/en\/wp-json\/wp\/v2\/pages"}],"about":[{"href":"https:\/\/qendra-nderkulturore.al\/en\/wp-json\/wp\/v2\/types\/page"}],"author":[{"embeddable":true,"href":"https:\/\/qendra-nderkulturore.al\/en\/wp-json\/wp\/v2\/users\/1"}],"replies":[{"embeddable":true,"href":"https:\/\/qendra-nderkulturore.al\/en\/wp-json\/wp\/v2\/comments?post=480"}],"version-history":[{"count":53,"href":"https:\/\/qendra-nderkulturore.al\/en\/wp-json\/wp\/v2\/pages\/480\/revisions"}],"predecessor-version":[{"id":2006,"href":"https:\/\/qendra-nderkulturore.al\/en\/wp-json\/wp\/v2\/pages\/480\/revisions\/2006"}],"wp:attachment":[{"href":"https:\/\/qendra-nderkulturore.al\/en\/wp-json\/wp\/v2\/media?parent=480"}],"curies":[{"name":"wp","href":"https:\/\/api.w.org\/{rel}","templated":true}]}}