{"id":478,"date":"2023-09-28T09:14:06","date_gmt":"2023-09-28T09:14:06","guid":{"rendered":"https:\/\/qendra-nderkulturore.al\/?page_id=478"},"modified":"2026-04-13T10:53:06","modified_gmt":"2026-04-13T10:53:06","slug":"prove-e-provimit-a1","status":"publish","type":"page","link":"https:\/\/qendra-nderkulturore.al\/en\/prove-e-provimit-a1\/","title":{"rendered":"\u00d6SD Certificate A1"},"content":{"rendered":"<div data-elementor-type=\"wp-page\" data-elementor-id=\"478\" class=\"elementor elementor-478\" data-elementor-post-type=\"page\">\n\t\t\t\t<div class=\"elementor-element elementor-element-469aaeb e-flex e-con-boxed e-con e-parent\" data-id=\"469aaeb\" data-element_type=\"container\" data-e-type=\"container\">\n\t\t\t\t\t<div class=\"e-con-inner\">\n\t\t<div class=\"elementor-element elementor-element-28c631c e-con-full e-flex e-con e-child\" data-id=\"28c631c\" data-element_type=\"container\" data-e-type=\"container\">\n\t\t\t\t<div class=\"elementor-element elementor-element-3e7d6f8 elementor-widget elementor-widget-image\" data-id=\"3e7d6f8\" data-element_type=\"widget\" data-e-type=\"widget\" data-widget_type=\"image.default\">\n\t\t\t\t<div class=\"elementor-widget-container\">\n\t\t\t\t\t\t\t\t\t\t\t\t\t\t\t\t<a href=\"https:\/\/qendra-nderkulturore.al\/en\/uploads\/ZA1%20Modellsatz.pdf\/\" target=\"_blank\">\n\t\t\t\t\t\t\t<img fetchpriority=\"high\" decoding=\"async\" width=\"596\" height=\"842\" src=\"https:\/\/qendra-nderkulturore.al\/wp-content\/uploads\/2023\/09\/ZA1_cover.png\" class=\"attachment-large size-large wp-image-457\" alt=\"\" srcset=\"https:\/\/qendra-nderkulturore.al\/wp-content\/uploads\/2023\/09\/ZA1_cover.png 596w, https:\/\/qendra-nderkulturore.al\/wp-content\/uploads\/2023\/09\/ZA1_cover-212x300.png 212w, https:\/\/qendra-nderkulturore.al\/wp-content\/uploads\/2023\/09\/ZA1_cover-8x12.png 8w\" sizes=\"(max-width: 596px) 100vw, 596px\" \/>\t\t\t\t\t\t\t\t<\/a>\n\t\t\t\t\t\t\t\t\t\t\t\t\t\t\t<\/div>\n\t\t\t\t<\/div>\n\t\t\t\t<div class=\"elementor-element elementor-element-f3fa8bf elementor-widget elementor-widget-text-editor\" data-id=\"f3fa8bf\" data-element_type=\"widget\" data-e-type=\"widget\" data-widget_type=\"text-editor.default\">\n\t\t\t\t<div class=\"elementor-widget-container\">\n\t\t\t\t\t\t\t\t\t<p align=\"center\"><strong>Download model exam<\/strong><\/p>\t\t\t\t\t\t\t\t<\/div>\n\t\t\t\t<\/div>\n\t\t\t\t<\/div>\n\t\t<div class=\"elementor-element elementor-element-179402f e-con-full e-flex e-con e-child\" data-id=\"179402f\" data-element_type=\"container\" data-e-type=\"container\">\n\t\t\t\t<div class=\"elementor-element elementor-element-a3cb82d elementor-widget elementor-widget-text-editor\" data-id=\"a3cb82d\" data-element_type=\"widget\" data-e-type=\"widget\" data-widget_type=\"text-editor.default\">\n\t\t\t\t<div class=\"elementor-widget-container\">\n\t\t\t\t\t\t\t\t\t<p align=\"center\"><strong>Exam target<\/strong><\/p><p>For the exam \u00d6SD Zertifikat A1, candidates should be able to communicate on a basic level in simple situations of their everyday life.<\/p><p>\u00d6SD Zertifikat A1 is directed at learners aged 14 and over and certifies language competence in routine situations with familiar topics and activities.<\/p><p>The exam \u00d6SD Zertifikat A1 comprises the two modules: Written exam (Reading, Listening and Writing) and Oral exam (Speaking), focusing mainly on the receptive skills Reading and Listening.<\/p><p>For further information go to our references for the<a href=\"https:\/\/qendra-nderkulturore.al\/en\/njohje\/\"> recognition of \u00d6SD Exams in Austria<\/a>.<\/p>\t\t\t\t\t\t\t\t<\/div>\n\t\t\t\t<\/div>\n\t\t\t\t<\/div>\n\t\t\t\t\t<\/div>\n\t\t\t\t<\/div>\n\t\t<div class=\"elementor-element elementor-element-07f1b21 e-flex e-con-boxed e-con e-parent\" data-id=\"07f1b21\" data-element_type=\"container\" data-e-type=\"container\">\n\t\t\t\t\t<div class=\"e-con-inner\">\n\t\t<div class=\"elementor-element elementor-element-d2deb68 e-con-full e-flex e-con e-child\" data-id=\"d2deb68\" data-element_type=\"container\" data-e-type=\"container\">\n\t\t<div class=\"elementor-element elementor-element-d1bf4fc e-flex e-con-boxed e-con e-child\" data-id=\"d1bf4fc\" data-element_type=\"container\" data-e-type=\"container\" data-settings=\"{&quot;background_background&quot;:&quot;classic&quot;}\">\n\t\t\t\t\t<div class=\"e-con-inner\">\n\t\t\t\t<div class=\"elementor-element elementor-element-da9668f elementor-widget elementor-widget-text-editor\" data-id=\"da9668f\" data-element_type=\"widget\" data-e-type=\"widget\" data-widget_type=\"text-editor.default\">\n\t\t\t\t<div class=\"elementor-widget-container\">\n\t\t\t\t\t\t\t\t\t<p align=\"center\"><strong>Reading<\/strong><\/p>\nThree tasks are used to assess the comprehension of various authentic, simple texts from Austria, Germany, and Switzerland in terms of their overall meaning and individual content.\nDuration: 25 minutes.\t\t\t\t\t\t\t\t<\/div>\n\t\t\t\t<\/div>\n\t\t\t\t\t<\/div>\n\t\t\t\t<\/div>\n\t\t<div class=\"elementor-element elementor-element-ee17a4f e-flex e-con-boxed e-con e-child\" data-id=\"ee17a4f\" data-element_type=\"container\" data-e-type=\"container\" data-settings=\"{&quot;background_background&quot;:&quot;classic&quot;}\">\n\t\t\t\t\t<div class=\"e-con-inner\">\n\t\t\t\t<div class=\"elementor-element elementor-element-d6e5154 meineLinks elementor-widget elementor-widget-text-editor\" data-id=\"d6e5154\" data-element_type=\"widget\" data-e-type=\"widget\" data-widget_type=\"text-editor.default\">\n\t\t\t\t<div class=\"elementor-widget-container\">\n\t\t\t\t\t\t\t\t\t<p align=\"center\"><strong>Writing<\/strong><\/p>\nAn application form must be completed, and a simple text must be written. The texts are evaluated based on established criteria (see <a href=\"https:\/\/qendra-nderkulturore.al\/uploads\/ZA1-AW_s_Ver.4.0_19_12_19-002_nschreiben.pdf\" target=\"_blank\" rel=\"noopener\">evaluation sheet<\/a>).\n\nDuration: 20 minutes.\t\t\t\t\t\t\t\t<\/div>\n\t\t\t\t<\/div>\n\t\t\t\t\t<\/div>\n\t\t\t\t<\/div>\n\t\t\t\t<\/div>\n\t\t<div class=\"elementor-element elementor-element-90b8cc5 e-con-full e-flex e-con e-child\" data-id=\"90b8cc5\" data-element_type=\"container\" data-e-type=\"container\">\n\t\t<div class=\"elementor-element elementor-element-fe2c127 e-flex e-con-boxed e-con e-child\" data-id=\"fe2c127\" data-element_type=\"container\" data-e-type=\"container\" data-settings=\"{&quot;background_background&quot;:&quot;classic&quot;}\">\n\t\t\t\t\t<div class=\"e-con-inner\">\n\t\t\t\t<div class=\"elementor-element elementor-element-341f737 elementor-widget elementor-widget-text-editor\" data-id=\"341f737\" data-element_type=\"widget\" data-e-type=\"widget\" data-widget_type=\"text-editor.default\">\n\t\t\t\t<div class=\"elementor-widget-container\">\n\t\t\t\t\t\t\t\t\t<p align=\"center\"><strong>Listening<\/strong><\/p>\nIn three tasks, global understanding, detailed comprehension, and selective listening skills are assessed through standard-spoken authentic, simple audio texts from Austria, Germany, and Switzerland, covering everyday topics.\nDuration: approximately 10 minutes.\t\t\t\t\t\t\t\t<\/div>\n\t\t\t\t<\/div>\n\t\t\t\t\t<\/div>\n\t\t\t\t<\/div>\n\t\t<div class=\"elementor-element elementor-element-fd3a292 e-flex e-con-boxed e-con e-child\" data-id=\"fd3a292\" data-element_type=\"container\" data-e-type=\"container\" data-settings=\"{&quot;background_background&quot;:&quot;classic&quot;}\">\n\t\t\t\t\t<div class=\"e-con-inner\">\n\t\t\t\t<div class=\"elementor-element elementor-element-5052d01 elementor-widget elementor-widget-text-editor\" data-id=\"5052d01\" data-element_type=\"widget\" data-e-type=\"widget\" data-widget_type=\"text-editor.default\">\n\t\t\t\t<div class=\"elementor-widget-container\">\n\t\t\t\t\t\t\t\t\t<p align=\"center\"><strong>Speaking<\/strong><\/p>\nAn application form must be completed, and a simple text must be written. The texts are evaluated based on established criteria (see <a href=\"https:\/\/qendra-nderkulturore.al\/uploads\/za1_auswertungsbogen_sprechen.pdf\" rel=\"noopener\" target=\"_blank\">evaluation sheet<\/a>).\n\nDuration: 20 minutes.\t\t\t\t\t\t\t\t<\/div>\n\t\t\t\t<\/div>\n\t\t\t\t\t<\/div>\n\t\t\t\t<\/div>\n\t\t\t\t<\/div>\n\t\t\t\t\t<\/div>\n\t\t\t\t<\/div>\n\t\t<div class=\"elementor-element elementor-element-8c77172 e-flex e-con-boxed e-con e-parent\" data-id=\"8c77172\" data-element_type=\"container\" data-e-type=\"container\">\n\t\t\t\t\t<div class=\"e-con-inner\">\n\t\t<div class=\"elementor-element elementor-element-58bc0c4 e-con-full e-flex e-con e-child\" data-id=\"58bc0c4\" data-element_type=\"container\" data-e-type=\"container\">\n\t\t\t\t<div class=\"elementor-element elementor-element-edd112d elementor-widget elementor-widget-text-editor\" data-id=\"edd112d\" data-element_type=\"widget\" data-e-type=\"widget\" data-widget_type=\"text-editor.default\">\n\t\t\t\t<div class=\"elementor-widget-container\">\n\t\t\t\t\t\t\t\t\t<p align=\"center\"><strong>Exam administration<\/strong><\/p>\nThe exam \u00d6SD Zertifikat A1 comprises two modules: the Written exam (Reading, Listening and Writing) and the Oral exam (Speaking). These modules can be sat and certified individually or taken in combination. Candidates who have taken and passed one module will receive a single copy of a certificate for the module taken. If both modules were successfully completed within a year, at the same exam centre, candidates will be entitled to receive a single copy of a certificate listing all completed modules.\n\nThe exam will be administered by two certified \u00d6SD examiners who subsequently mark the examinee\u2019s performance (see <a href=\"https:\/\/qendra-nderkulturore.al\/uploads\/za1_gesamtbogen_neu.pdf\" target=\"_blank\" rel=\"noopener\">score form<\/a>). By request, an inspection of the rating sheet is possible. Here you can find the <a href=\"https:\/\/qendra-nderkulturore.al\/wp-content\/uploads\/2026\/04\/Pruefungsordnung_April2026_english.pdf\" target=\"_blank\" rel=\"noopener\">Exam Regulations<\/a> and the <a href=\"https:\/\/qendra-nderkulturore.al\/en\/uploads\/ZA1-Durchfuhrungsbestimmungen_10_2023%20%281%29.pdf\/\" target=\"_blank\" rel=\"noopener\"> Terms and Conditions for Exam Administration<\/a>.\t\t\t\t\t\t\t\t<\/div>\n\t\t\t\t<\/div>\n\t\t\t\t<\/div>\n\t\t<div class=\"elementor-element elementor-element-37b35dc e-con-full e-flex e-con e-child\" data-id=\"37b35dc\" data-element_type=\"container\" data-e-type=\"container\">\n\t\t\t\t<div class=\"elementor-element elementor-element-1badb96 elementor-widget elementor-widget-text-editor\" data-id=\"1badb96\" data-element_type=\"widget\" data-e-type=\"widget\" data-widget_type=\"text-editor.default\">\n\t\t\t\t<div class=\"elementor-widget-container\">\n\t\t\t\t\t\t\t\t\t<p align=\"center\"><strong>Video example<\/strong><\/p>\nHere you can find a <a href=\"https:\/\/www.youtube.com\/watch?v=d0RcmGpj5MY\" rel=\"noopener\" target=\"_blank\">video example<\/a> for an oral exam.\t\t\t\t\t\t\t\t<\/div>\n\t\t\t\t<\/div>\n\t\t\t\t<\/div>\n\t\t\t\t\t<\/div>\n\t\t\t\t<\/div>\n\t\t<div class=\"elementor-element elementor-element-d4d3d0d e-flex e-con-boxed e-con e-parent\" data-id=\"d4d3d0d\" data-element_type=\"container\" data-e-type=\"container\">\n\t\t\t\t\t<div class=\"e-con-inner\">\n\t\t<div class=\"elementor-element elementor-element-a713f00 e-con-full e-flex e-con e-child\" data-id=\"a713f00\" data-element_type=\"container\" data-e-type=\"container\">\n\t\t\t\t<div class=\"elementor-element elementor-element-8e62fda elementor-widget elementor-widget-text-editor\" data-id=\"8e62fda\" data-element_type=\"widget\" data-e-type=\"widget\" data-widget_type=\"text-editor.default\">\n\t\t\t\t<div class=\"elementor-widget-container\">\n\t\t\t\t\t\t\t\t\t<p align=\"center\"><strong>The significance of the German A1 exam for your stay in Germany or Austria<\/strong><\/p>\nAnyone who wants to officially demonstrate their German language proficiency needs to take a recognized A1 German exam. A1 is the lowest level of the Common European Framework of Reference for Languages (CEFR). If someone speaks German at the A1 level, they can understand simple sentences and handle everyday situations, such as daily shopping or a doctor's appointment.\t\t\t\t\t\t\t\t<\/div>\n\t\t\t\t<\/div>\n\t\t\t\t<\/div>\n\t\t<div class=\"elementor-element elementor-element-1be6f2d e-con-full e-flex e-con e-child\" data-id=\"1be6f2d\" data-element_type=\"container\" data-e-type=\"container\">\n\t\t\t\t<div class=\"elementor-element elementor-element-a75e5cc elementor-widget elementor-widget-text-editor\" data-id=\"a75e5cc\" data-element_type=\"widget\" data-e-type=\"widget\" data-widget_type=\"text-editor.default\">\n\t\t\t\t<div class=\"elementor-widget-container\">\n\t\t\t\t\t\t\t\t\t<p align=\"center\"><strong>Why do I need a German A1 exam?<\/strong><\/p>\nFamily reunification: If a person is not from the EU and wants to join their family in Germany or Austria, they must first pass an A1 German exam.\nFirst visa: Even if someone wants to obtain a visa, they must take a recognized A1 German test and submit the certificate to a German or Austrian embassy.\t\t\t\t\t\t\t\t<\/div>\n\t\t\t\t<\/div>\n\t\t\t\t<\/div>\n\t\t\t\t\t<\/div>\n\t\t\t\t<\/div>\n\t\t\t\t<\/div>","protected":false},"excerpt":{"rendered":"<p>Shkarko model t\u00eb provimit Q\u00ebllimi i provimit P\u00ebr provimin \u00d6SD Certifikat\u00eb A1, pjes\u00ebmarr\u00ebsit duhet t\u00eb jen\u00eb n\u00eb gjendje t\u00eb komunikojn\u00eb n\u00eb situata t\u00eb thjeshta t\u00eb jet\u00ebs s\u00eb p\u00ebrditshme n\u00eb nj\u00eb<\/p>\n<p><a href=\"https:\/\/qendra-nderkulturore.al\/en\/prove-e-provimit-a1\/\" class=\"more-link\">Continue reading<span class=\"screen-reader-text\">\u00d6SD Certificate A1<\/span><\/a><\/p>","protected":false},"author":1,"featured_media":0,"parent":0,"menu_order":0,"comment_status":"closed","ping_status":"closed","template":"","meta":{"footnotes":""},"class_list":["post-478","page","type-page","status-publish","hentry"],"_links":{"self":[{"href":"https:\/\/qendra-nderkulturore.al\/en\/wp-json\/wp\/v2\/pages\/478","targetHints":{"allow":["GET"]}}],"collection":[{"href":"https:\/\/qendra-nderkulturore.al\/en\/wp-json\/wp\/v2\/pages"}],"about":[{"href":"https:\/\/qendra-nderkulturore.al\/en\/wp-json\/wp\/v2\/types\/page"}],"author":[{"embeddable":true,"href":"https:\/\/qendra-nderkulturore.al\/en\/wp-json\/wp\/v2\/users\/1"}],"replies":[{"embeddable":true,"href":"https:\/\/qendra-nderkulturore.al\/en\/wp-json\/wp\/v2\/comments?post=478"}],"version-history":[{"count":115,"href":"https:\/\/qendra-nderkulturore.al\/en\/wp-json\/wp\/v2\/pages\/478\/revisions"}],"predecessor-version":[{"id":2003,"href":"https:\/\/qendra-nderkulturore.al\/en\/wp-json\/wp\/v2\/pages\/478\/revisions\/2003"}],"wp:attachment":[{"href":"https:\/\/qendra-nderkulturore.al\/en\/wp-json\/wp\/v2\/media?parent=478"}],"curies":[{"name":"wp","href":"https:\/\/api.w.org\/{rel}","templated":true}]}}