{"id":486,"date":"2023-09-28T09:15:24","date_gmt":"2023-09-28T09:15:24","guid":{"rendered":"https:\/\/qendra-nderkulturore.al\/?page_id=486"},"modified":"2026-04-13T10:58:27","modified_gmt":"2026-04-13T10:58:27","slug":"prove-e-provimit-c1","status":"publish","type":"page","link":"https:\/\/qendra-nderkulturore.al\/de\/prove-e-provimit-c1\/","title":{"rendered":"\u00d6SD Zertifikat C1"},"content":{"rendered":"<div data-elementor-type=\"wp-page\" data-elementor-id=\"486\" class=\"elementor elementor-486\" data-elementor-post-type=\"page\">\n\t\t\t\t<div class=\"elementor-element elementor-element-7edc8d14 e-flex e-con-boxed e-con e-parent\" data-id=\"7edc8d14\" data-element_type=\"container\" data-e-type=\"container\">\n\t\t\t\t\t<div class=\"e-con-inner\">\n\t\t<div class=\"elementor-element elementor-element-23841874 e-con-full e-flex e-con e-child\" data-id=\"23841874\" data-element_type=\"container\" data-e-type=\"container\">\n\t\t\t\t<div class=\"elementor-element elementor-element-3064406 elementor-widget elementor-widget-image\" data-id=\"3064406\" data-element_type=\"widget\" data-e-type=\"widget\" data-widget_type=\"image.default\">\n\t\t\t\t<div class=\"elementor-widget-container\">\n\t\t\t\t\t\t\t\t\t\t\t\t\t\t\t\t<a href=\"https:\/\/qendra-nderkulturore.al\/de\/uploads\/ZC1%20Modellsatz.pdf\/\" target=\"_blank\">\n\t\t\t\t\t\t\t<img fetchpriority=\"high\" decoding=\"async\" width=\"596\" height=\"842\" src=\"https:\/\/qendra-nderkulturore.al\/wp-content\/uploads\/2023\/09\/ZC1_cover.png\" class=\"attachment-large size-large wp-image-453\" alt=\"\" srcset=\"https:\/\/qendra-nderkulturore.al\/wp-content\/uploads\/2023\/09\/ZC1_cover.png 596w, https:\/\/qendra-nderkulturore.al\/wp-content\/uploads\/2023\/09\/ZC1_cover-212x300.png 212w, https:\/\/qendra-nderkulturore.al\/wp-content\/uploads\/2023\/09\/ZC1_cover-8x12.png 8w\" sizes=\"(max-width: 596px) 100vw, 596px\" \/>\t\t\t\t\t\t\t\t<\/a>\n\t\t\t\t\t\t\t\t\t\t\t\t\t\t\t<\/div>\n\t\t\t\t<\/div>\n\t\t\t\t<div class=\"elementor-element elementor-element-385c7823 elementor-widget elementor-widget-text-editor\" data-id=\"385c7823\" data-element_type=\"widget\" data-e-type=\"widget\" data-widget_type=\"text-editor.default\">\n\t\t\t\t<div class=\"elementor-widget-container\">\n\t\t\t\t\t\t\t\t\t<p align=\"center\"><strong>Modellsatz herunterladen<\/strong><\/p>\t\t\t\t\t\t\t\t<\/div>\n\t\t\t\t<\/div>\n\t\t\t\t<\/div>\n\t\t<div class=\"elementor-element elementor-element-6ef5848b e-con-full e-flex e-con e-child\" data-id=\"6ef5848b\" data-element_type=\"container\" data-e-type=\"container\">\n\t\t\t\t<div class=\"elementor-element elementor-element-11225b7d elementor-widget elementor-widget-text-editor\" data-id=\"11225b7d\" data-element_type=\"widget\" data-e-type=\"widget\" data-widget_type=\"text-editor.default\">\n\t\t\t\t<div class=\"elementor-widget-container\">\n\t\t\t\t\t\t\t\t\t<p align=\"center\"><strong>Pr\u00fcfungsziel<\/strong><\/p><p>F\u00fcr die Pr\u00fcfung \u00d6SD Zertifikat C1 sollten die Teilnehmenden f\u00e4hig sein, in verschiedenen Situationen des gesellschaftlichen und beruflichen Lebens auch in komplexeren Zusammenh\u00e4ngen zu kommunizieren.<\/p><p>Diese Pr\u00fcfung stellt den Nachweis einer sprachlichen Kompetenz dar, die sich bereits durch einen hohen Grad an Korrektheit und situationsspezifischer Angemessenheit auszeichnet.<\/p><p>Die Pr\u00fcfung \u00d6SD Zertifikat C1 richtet sich besonders an Deutschlernende, die an einer deutschsprachigen Universit\u00e4t studieren m\u00f6chten. Sie wird f\u00fcr Lernende ab 16 Jahren sowie in einer Version f\u00fcr Jugendliche ab 14 Jahren angeboten.<\/p><p>Die Pr\u00fcfung \u00d6SD Zertifikat C1 besteht aus den zwei Modulen Schriftliche Pr\u00fcfung (Lesen, H\u00f6ren, Schreiben) und M\u00fcndliche Pr\u00fcfung (Sprechen).<\/p>\t\t\t\t\t\t\t\t<\/div>\n\t\t\t\t<\/div>\n\t\t\t\t<\/div>\n\t\t\t\t\t<\/div>\n\t\t\t\t<\/div>\n\t\t<div class=\"elementor-element elementor-element-236dd999 e-flex e-con-boxed e-con e-parent\" data-id=\"236dd999\" data-element_type=\"container\" data-e-type=\"container\">\n\t\t\t\t\t<div class=\"e-con-inner\">\n\t\t<div class=\"elementor-element elementor-element-1cd46693 e-con-full e-flex e-con e-child\" data-id=\"1cd46693\" data-element_type=\"container\" data-e-type=\"container\">\n\t\t<div class=\"elementor-element elementor-element-12b884aa e-flex e-con-boxed e-con e-child\" data-id=\"12b884aa\" data-element_type=\"container\" data-e-type=\"container\" data-settings=\"{&quot;background_background&quot;:&quot;classic&quot;}\">\n\t\t\t\t\t<div class=\"e-con-inner\">\n\t\t\t\t<div class=\"elementor-element elementor-element-4e4714d9 elementor-widget elementor-widget-text-editor\" data-id=\"4e4714d9\" data-element_type=\"widget\" data-e-type=\"widget\" data-widget_type=\"text-editor.default\">\n\t\t\t\t<div class=\"elementor-widget-container\">\n\t\t\t\t\t\t\t\t\t<p align=\"center\"><strong>Lesen<\/strong><\/p><p>Anhand von vier Aufgaben wird das Verstehen unterschiedlicher authentischer Texte aus \u00d6sterreich, Deutschland und der Schweiz in ihrer Gesamtaussage und in ihren Einzelinhalten \u00fcberpr\u00fcft.<\/p><p>Dauer: 90 Minuten.<\/p>\t\t\t\t\t\t\t\t<\/div>\n\t\t\t\t<\/div>\n\t\t\t\t\t<\/div>\n\t\t\t\t<\/div>\n\t\t<div class=\"elementor-element elementor-element-6d224584 e-flex e-con-boxed e-con e-child\" data-id=\"6d224584\" data-element_type=\"container\" data-e-type=\"container\" data-settings=\"{&quot;background_background&quot;:&quot;classic&quot;}\">\n\t\t\t\t\t<div class=\"e-con-inner\">\n\t\t\t\t<div class=\"elementor-element elementor-element-5501e31d meineLinks elementor-widget elementor-widget-text-editor\" data-id=\"5501e31d\" data-element_type=\"widget\" data-e-type=\"widget\" data-widget_type=\"text-editor.default\">\n\t\t\t\t<div class=\"elementor-widget-container\">\n\t\t\t\t\t\t\t\t\t<p align=\"center\"><strong>Schreiben<\/strong><\/p><p>Unter Verwendung mehrerer Vorgaben m\u00fcssen zwei Texte (formelles E-Mail; schriftliches Referat, Stellungnahme oder Kommentar) verfasst werden, die mittels festgelegter Kriterien (siehe <a href=\"https:\/\/qendra-nderkulturore.al\/uploads\/ZC1-AW_s_Ver.3.0_21_08_20_nur-SA.pdf\">Auswertungsbogen<\/a>).<\/p><p>Dauer: 90 Minuten.<\/p>\t\t\t\t\t\t\t\t<\/div>\n\t\t\t\t<\/div>\n\t\t\t\t\t<\/div>\n\t\t\t\t<\/div>\n\t\t\t\t<\/div>\n\t\t<div class=\"elementor-element elementor-element-452f31e e-con-full e-flex e-con e-child\" data-id=\"452f31e\" data-element_type=\"container\" data-e-type=\"container\">\n\t\t<div class=\"elementor-element elementor-element-2032141a e-flex e-con-boxed e-con e-child\" data-id=\"2032141a\" data-element_type=\"container\" data-e-type=\"container\" data-settings=\"{&quot;background_background&quot;:&quot;classic&quot;}\">\n\t\t\t\t\t<div class=\"e-con-inner\">\n\t\t\t\t<div class=\"elementor-element elementor-element-6f3a43a9 elementor-widget elementor-widget-text-editor\" data-id=\"6f3a43a9\" data-element_type=\"widget\" data-e-type=\"widget\" data-widget_type=\"text-editor.default\">\n\t\t\t\t<div class=\"elementor-widget-container\">\n\t\t\t\t\t\t\t\t\t<p align=\"center\"><strong>H\u00f6ren<\/strong><\/p><p>In zwei Aufgaben wird Global-, Detail- und selektives Verstehen anhand standardsprachlich gesprochener authentischer H\u00f6rtexte aus \u00d6sterreich, Deutschland und der Schweiz mit allgemeiner und gesellschaftsspezifischer Thematik \u00fcberpr\u00fcft.<\/p><p>Dauer: ca. 40 Minuten.<\/p>\t\t\t\t\t\t\t\t<\/div>\n\t\t\t\t<\/div>\n\t\t\t\t\t<\/div>\n\t\t\t\t<\/div>\n\t\t<div class=\"elementor-element elementor-element-5d1b7ad2 e-flex e-con-boxed e-con e-child\" data-id=\"5d1b7ad2\" data-element_type=\"container\" data-e-type=\"container\" data-settings=\"{&quot;background_background&quot;:&quot;classic&quot;}\">\n\t\t\t\t\t<div class=\"e-con-inner\">\n\t\t\t\t<div class=\"elementor-element elementor-element-554ac4f9 elementor-widget elementor-widget-text-editor\" data-id=\"554ac4f9\" data-element_type=\"widget\" data-e-type=\"widget\" data-widget_type=\"text-editor.default\">\n\t\t\t\t<div class=\"elementor-widget-container\">\n\t\t\t\t\t\t\t\t\t<p align=\"center\"><strong>Sprechen<\/strong><\/p><p>Die m\u00fcndliche Pr\u00fcfung umfasst drei Aufgaben: ein Telefongespr\u00e4ch, eine Diskussion und ein Kurzreferat. Das Pr\u00fcfungsgespr\u00e4ch wird nach festgelegten Kriterien (siehe <a href=\"https:\/\/qendra-nderkulturore.al\/uploads\/zc1_auswertungsbogen_sprechen.pdf\">Auswertungsbogen<\/a>).<\/p><p>Dauer: 15-20 Minuten<\/p>\t\t\t\t\t\t\t\t<\/div>\n\t\t\t\t<\/div>\n\t\t\t\t\t<\/div>\n\t\t\t\t<\/div>\n\t\t\t\t<\/div>\n\t\t\t\t\t<\/div>\n\t\t\t\t<\/div>\n\t\t<div class=\"elementor-element elementor-element-5c892aa9 e-flex e-con-boxed e-con e-parent\" data-id=\"5c892aa9\" data-element_type=\"container\" data-e-type=\"container\">\n\t\t\t\t\t<div class=\"e-con-inner\">\n\t\t<div class=\"elementor-element elementor-element-3bb32838 e-con-full e-flex e-con e-child\" data-id=\"3bb32838\" data-element_type=\"container\" data-e-type=\"container\">\n\t\t\t\t<div class=\"elementor-element elementor-element-1972ca7c elementor-widget elementor-widget-text-editor\" data-id=\"1972ca7c\" data-element_type=\"widget\" data-e-type=\"widget\" data-widget_type=\"text-editor.default\">\n\t\t\t\t<div class=\"elementor-widget-container\">\n\t\t\t\t\t\t\t\t\t<p align=\"center\"><strong>Pr\u00fcfungsdurchf\u00fchrung<\/strong><\/p>\nDie Pr\u00fcfung \u00d6SD Zertifikat C1 wird in den zwei Modulen Schriftliche Pr\u00fcfung (Lesen, H\u00f6ren, Schreiben) und M\u00fcndliche Pr\u00fcfung (Sprechen) angeboten. Die Module k\u00f6nnen einzeln oder in Kombination abgelegt und zertifiziert werden. Werden beide Module an einem Pr\u00fcfungstermin bestanden, wird ein Gesamtzertifikat ausgestellt. Ebenso erhalten Pr\u00fcfungsteilnehmende ein Gesamtzertifikat, wenn sie die beiden Module innerhalb eines Jahres an demselben Pr\u00fcfungszentrum abgelegt und bestanden haben. Bei Bestehen eines einzelnen Moduls wird ein Modulzertifikat ausgestellt.\n\nDie Pr\u00fcfung wird von jeweils zwei ausgebildeten \u00d6SD-Pr\u00fcfenden abgenommen. Diese bewerten anschlie\u00dfend die Pr\u00fcfungsleistung der Teilnehmenden (siehe <a href=\"https:\/\/qendra-nderkulturore.al\/uploads\/zc1_gesamtbogen.pdf\">Auswertungsbogen<\/a>). Auf Wunsch ist eine Einsichtnahme in den Auswertungsbogen m\u00f6glich. Hier finden Sie die <a href=\"https:\/\/qendra-nderkulturore.al\/wp-content\/uploads\/2026\/04\/Pruefungsordnung_April2026.pdf\">Pr\u00fcfungsordnung<\/a> und die <a href=\"https:\/\/qendra-nderkulturore.al\/uploads\/ZC1-Durchfuhrungsbestimmungen_10_2023.pdf\">Durchf\u00fchrungsbestimmungen<\/a>.\t\t\t\t\t\t\t\t<\/div>\n\t\t\t\t<\/div>\n\t\t\t\t<\/div>\n\t\t<div class=\"elementor-element elementor-element-2be6801a e-con-full e-flex e-con e-child\" data-id=\"2be6801a\" data-element_type=\"container\" data-e-type=\"container\">\n\t\t\t\t<div class=\"elementor-element elementor-element-2feacdcf elementor-widget elementor-widget-text-editor\" data-id=\"2feacdcf\" data-element_type=\"widget\" data-e-type=\"widget\" data-widget_type=\"text-editor.default\">\n\t\t\t\t<div class=\"elementor-widget-container\">\n\t\t\t\t\t\t\t\t\t<p align=\"center\"><strong>Videobeispiel<\/strong><\/p><p>Hier finden Sie ein Videobeispiel zur m\u00fcndlichen Pr\u00fcfung.<\/p><p><a href=\"https:\/\/www.youtube.com\/watch?v=eEUKwckglkc\">ZC1 Sprechen Einzelpr\u00fcfung<\/a><\/p>\t\t\t\t\t\t\t\t<\/div>\n\t\t\t\t<\/div>\n\t\t\t\t<\/div>\n\t\t\t\t\t<\/div>\n\t\t\t\t<\/div>\n\t\t\t\t<\/div>","protected":false},"excerpt":{"rendered":"<p>Shkarko model t\u00eb provimit Q\u00ebllimi i provimit Pjes\u00ebmarr\u00ebsit n\u00eb provimin \u00d6SD Certifikat C1 duhet t\u00eb jen\u00eb n\u00eb gjendje t\u00eb komunikojn\u00eb n\u00eb situata t\u00eb ndryshme t\u00eb jet\u00ebs shoq\u00ebrore dhe profesionale, edhe<\/p>\n<p><a href=\"https:\/\/qendra-nderkulturore.al\/de\/prove-e-provimit-c1\/\" class=\"more-link\">Continue reading<span class=\"screen-reader-text\">\u00d6SD Zertifikat C1<\/span><\/a><\/p>","protected":false},"author":1,"featured_media":0,"parent":0,"menu_order":0,"comment_status":"closed","ping_status":"closed","template":"","meta":{"footnotes":""},"class_list":["post-486","page","type-page","status-publish","hentry"],"_links":{"self":[{"href":"https:\/\/qendra-nderkulturore.al\/de\/wp-json\/wp\/v2\/pages\/486","targetHints":{"allow":["GET"]}}],"collection":[{"href":"https:\/\/qendra-nderkulturore.al\/de\/wp-json\/wp\/v2\/pages"}],"about":[{"href":"https:\/\/qendra-nderkulturore.al\/de\/wp-json\/wp\/v2\/types\/page"}],"author":[{"embeddable":true,"href":"https:\/\/qendra-nderkulturore.al\/de\/wp-json\/wp\/v2\/users\/1"}],"replies":[{"embeddable":true,"href":"https:\/\/qendra-nderkulturore.al\/de\/wp-json\/wp\/v2\/comments?post=486"}],"version-history":[{"count":53,"href":"https:\/\/qendra-nderkulturore.al\/de\/wp-json\/wp\/v2\/pages\/486\/revisions"}],"predecessor-version":[{"id":2015,"href":"https:\/\/qendra-nderkulturore.al\/de\/wp-json\/wp\/v2\/pages\/486\/revisions\/2015"}],"wp:attachment":[{"href":"https:\/\/qendra-nderkulturore.al\/de\/wp-json\/wp\/v2\/media?parent=486"}],"curies":[{"name":"wp","href":"https:\/\/api.w.org\/{rel}","templated":true}]}}