{"id":484,"date":"2023-09-28T09:15:02","date_gmt":"2023-09-28T09:15:02","guid":{"rendered":"https:\/\/qendra-nderkulturore.al\/?page_id=484"},"modified":"2026-04-13T10:57:04","modified_gmt":"2026-04-13T10:57:04","slug":"prove-e-provimit-b2","status":"publish","type":"page","link":"https:\/\/qendra-nderkulturore.al\/de\/prove-e-provimit-b2\/","title":{"rendered":"\u00d6SD Zertifikat B2"},"content":{"rendered":"<div data-elementor-type=\"wp-page\" data-elementor-id=\"484\" class=\"elementor elementor-484\" data-elementor-post-type=\"page\">\n\t\t\t\t<div class=\"elementor-element elementor-element-425101e6 e-flex e-con-boxed e-con e-parent\" data-id=\"425101e6\" data-element_type=\"container\" data-e-type=\"container\">\n\t\t\t\t\t<div class=\"e-con-inner\">\n\t\t<div class=\"elementor-element elementor-element-28d876a9 e-con-full e-flex e-con e-child\" data-id=\"28d876a9\" data-element_type=\"container\" data-e-type=\"container\">\n\t\t\t\t<div class=\"elementor-element elementor-element-2953fa66 elementor-widget elementor-widget-image\" data-id=\"2953fa66\" data-element_type=\"widget\" data-e-type=\"widget\" data-widget_type=\"image.default\">\n\t\t\t\t<div class=\"elementor-widget-container\">\n\t\t\t\t\t\t\t\t\t\t\t\t\t\t\t\t<a href=\"https:\/\/qendra-nderkulturore.al\/de\/uploads\/ZB2%20Modellsatz.pdf\/\" target=\"_blank\">\n\t\t\t\t\t\t\t<img fetchpriority=\"high\" decoding=\"async\" width=\"597\" height=\"842\" src=\"https:\/\/qendra-nderkulturore.al\/wp-content\/uploads\/2023\/09\/ZB2_cover.png\" class=\"attachment-large size-large wp-image-454\" alt=\"\" srcset=\"https:\/\/qendra-nderkulturore.al\/wp-content\/uploads\/2023\/09\/ZB2_cover.png 597w, https:\/\/qendra-nderkulturore.al\/wp-content\/uploads\/2023\/09\/ZB2_cover-213x300.png 213w, https:\/\/qendra-nderkulturore.al\/wp-content\/uploads\/2023\/09\/ZB2_cover-9x12.png 9w\" sizes=\"(max-width: 597px) 100vw, 597px\" \/>\t\t\t\t\t\t\t\t<\/a>\n\t\t\t\t\t\t\t\t\t\t\t\t\t\t\t<\/div>\n\t\t\t\t<\/div>\n\t\t\t\t<div class=\"elementor-element elementor-element-783ef43c elementor-widget elementor-widget-text-editor\" data-id=\"783ef43c\" data-element_type=\"widget\" data-e-type=\"widget\" data-widget_type=\"text-editor.default\">\n\t\t\t\t<div class=\"elementor-widget-container\">\n\t\t\t\t\t\t\t\t\t<p align=\"center\"><strong>Modellsatz herunterladen<\/strong><\/p>\t\t\t\t\t\t\t\t<\/div>\n\t\t\t\t<\/div>\n\t\t\t\t<\/div>\n\t\t<div class=\"elementor-element elementor-element-2c7350f6 e-con-full e-flex e-con e-child\" data-id=\"2c7350f6\" data-element_type=\"container\" data-e-type=\"container\">\n\t\t\t\t<div class=\"elementor-element elementor-element-64a4353d elementor-widget elementor-widget-text-editor\" data-id=\"64a4353d\" data-element_type=\"widget\" data-e-type=\"widget\" data-widget_type=\"text-editor.default\">\n\t\t\t\t<div class=\"elementor-widget-container\">\n\t\t\t\t\t\t\t\t\t<p align=\"center\"><strong>Pr\u00fcfungsziel<\/strong><\/p><p>F\u00fcr die Pr\u00fcfung \u00d6SD Zertifikat B2 sollten die Teilnehmenden f\u00e4hig sein, sich zu einem breiten Themenspektrum klar und detailliert auszudr\u00fccken und spontan und flie\u00dfend ein normales Gespr\u00e4ch mit Muttersprachlerinnen und Muttersprachlern zu f\u00fchren.<\/p><p>Mit dieser Pr\u00fcfung weisen Deutschlernende sprachliche Kompetenz in Kommunikationssituationen nach, die \u00fcber den privaten Bereich hinaus in den (halb-)\u00f6ffentlichen sowie zum Teil beruflichen Bereich gehen. Im eigenen Spezialgebiet k\u00f6nnen bereits Texte zu Fachthemen verstanden werden.<\/p><p>Diese Pr\u00fcfung richtet sich an Lernende ab 16 Jahren, f\u00fcr Pr\u00fcfungsteilnehmende ab 14 Jahren steht eine Jugendvariante zur Verf\u00fcgung.<\/p><p>Die Pr\u00fcfung \u00d6SD Zertifikat B2 besteht aus den zwei Modulen Schriftliche Pr\u00fcfung (Lesen, H\u00f6ren, Schreiben) und M\u00fcndliche Pr\u00fcfung (Sprechen).<\/p>\t\t\t\t\t\t\t\t<\/div>\n\t\t\t\t<\/div>\n\t\t\t\t<\/div>\n\t\t\t\t\t<\/div>\n\t\t\t\t<\/div>\n\t\t<div class=\"elementor-element elementor-element-60b8966c e-flex e-con-boxed e-con e-parent\" data-id=\"60b8966c\" data-element_type=\"container\" data-e-type=\"container\">\n\t\t\t\t\t<div class=\"e-con-inner\">\n\t\t<div class=\"elementor-element elementor-element-1812c871 e-con-full e-flex e-con e-child\" data-id=\"1812c871\" data-element_type=\"container\" data-e-type=\"container\">\n\t\t<div class=\"elementor-element elementor-element-5b339df1 e-flex e-con-boxed e-con e-child\" data-id=\"5b339df1\" data-element_type=\"container\" data-e-type=\"container\" data-settings=\"{&quot;background_background&quot;:&quot;classic&quot;}\">\n\t\t\t\t\t<div class=\"e-con-inner\">\n\t\t\t\t<div class=\"elementor-element elementor-element-fb541f4 elementor-widget elementor-widget-text-editor\" data-id=\"fb541f4\" data-element_type=\"widget\" data-e-type=\"widget\" data-widget_type=\"text-editor.default\">\n\t\t\t\t<div class=\"elementor-widget-container\">\n\t\t\t\t\t\t\t\t\t<p align=\"center\"><strong>Lesen<\/strong><\/p><p>Anhand von vier Aufgaben wird das Verstehen unterschiedlicher authentischer Texte aus \u00d6sterreich, Deutschland und der Schweiz in ihrer Gesamtaussage und in ihren Einzelinhalten \u00fcberpr\u00fcft.<\/p><p>Dauer: 90 Minuten.<\/p><p>\u00a0<\/p>\t\t\t\t\t\t\t\t<\/div>\n\t\t\t\t<\/div>\n\t\t\t\t\t<\/div>\n\t\t\t\t<\/div>\n\t\t<div class=\"elementor-element elementor-element-33c57bab e-flex e-con-boxed e-con e-child\" data-id=\"33c57bab\" data-element_type=\"container\" data-e-type=\"container\" data-settings=\"{&quot;background_background&quot;:&quot;classic&quot;}\">\n\t\t\t\t\t<div class=\"e-con-inner\">\n\t\t\t\t<div class=\"elementor-element elementor-element-2b3705a5 meineLinks elementor-widget elementor-widget-text-editor\" data-id=\"2b3705a5\" data-element_type=\"widget\" data-e-type=\"widget\" data-widget_type=\"text-editor.default\">\n\t\t\t\t<div class=\"elementor-widget-container\">\n\t\t\t\t\t\t\t\t\t<p align=\"center\"><strong>Schreiben<\/strong><\/p><p>Unter Verwendung mehrerer Vorgaben m\u00fcssen zwei Texte (formelles E-Mail; Argumentation\/Meinungs\u00e4u\u00dferung) verfasst werden, die mittels festgelegter Kriterien (siehe <a href=\"https:\/\/qendra-nderkulturore.al\/uploads\/ZB2-AW_s_Ver.4.0_13_08_20_nur-SA.pdf\">Auswertungsbogen<\/a>).<\/p><p>Dauer: 90 Minuten.<\/p>\t\t\t\t\t\t\t\t<\/div>\n\t\t\t\t<\/div>\n\t\t\t\t\t<\/div>\n\t\t\t\t<\/div>\n\t\t\t\t<\/div>\n\t\t<div class=\"elementor-element elementor-element-538ec94c e-con-full e-flex e-con e-child\" data-id=\"538ec94c\" data-element_type=\"container\" data-e-type=\"container\">\n\t\t<div class=\"elementor-element elementor-element-138ba2a7 e-flex e-con-boxed e-con e-child\" data-id=\"138ba2a7\" data-element_type=\"container\" data-e-type=\"container\" data-settings=\"{&quot;background_background&quot;:&quot;classic&quot;}\">\n\t\t\t\t\t<div class=\"e-con-inner\">\n\t\t\t\t<div class=\"elementor-element elementor-element-7dee8ed8 elementor-widget elementor-widget-text-editor\" data-id=\"7dee8ed8\" data-element_type=\"widget\" data-e-type=\"widget\" data-widget_type=\"text-editor.default\">\n\t\t\t\t<div class=\"elementor-widget-container\">\n\t\t\t\t\t\t\t\t\t<p align=\"center\"><strong>H\u00f6ren<\/strong><\/p><p>In zwei Aufgaben wird Global-, Detail- und selektives Verstehen anhand standardsprachlich gesprochener authentischer H\u00f6rtexte aus \u00d6sterreich, Deutschland und der Schweiz mit allgemeiner und gesellschaftsspezifischer Thematik \u00fcberpr\u00fcft.<\/p><p>Dauer: ca. 30 Minuten<\/p>\t\t\t\t\t\t\t\t<\/div>\n\t\t\t\t<\/div>\n\t\t\t\t\t<\/div>\n\t\t\t\t<\/div>\n\t\t<div class=\"elementor-element elementor-element-41f94781 e-flex e-con-boxed e-con e-child\" data-id=\"41f94781\" data-element_type=\"container\" data-e-type=\"container\" data-settings=\"{&quot;background_background&quot;:&quot;classic&quot;}\">\n\t\t\t\t\t<div class=\"e-con-inner\">\n\t\t\t\t<div class=\"elementor-element elementor-element-76102d3a elementor-widget elementor-widget-text-editor\" data-id=\"76102d3a\" data-element_type=\"widget\" data-e-type=\"widget\" data-widget_type=\"text-editor.default\">\n\t\t\t\t<div class=\"elementor-widget-container\">\n\t\t\t\t\t\t\t\t\t<p align=\"center\"><strong>Sprechen<\/strong><\/p><p>Die Einzel- oder Paarpr\u00fcfung umfasst drei Aufgaben: ein Informationsgespr\u00e4ch, eine Bildbesprechung und eine Diskussion. Das Pr\u00fcfungsgespr\u00e4ch wird nach festgelegten Kriterien (siehe <a href=\"https:\/\/qendra-nderkulturore.al\/uploads\/zb2_auswertungsbogen_sprechen.pdf\">Auswertungsbogen<\/a>).<\/p><p>Dauer: Einzelpr\u00fcfung 15\u201320 Minuten, Paarpr\u00fcfung 20\u201325 Minuten.<\/p>\t\t\t\t\t\t\t\t<\/div>\n\t\t\t\t<\/div>\n\t\t\t\t\t<\/div>\n\t\t\t\t<\/div>\n\t\t\t\t<\/div>\n\t\t\t\t\t<\/div>\n\t\t\t\t<\/div>\n\t\t<div class=\"elementor-element elementor-element-41a2f35d e-flex e-con-boxed e-con e-parent\" data-id=\"41a2f35d\" data-element_type=\"container\" data-e-type=\"container\">\n\t\t\t\t\t<div class=\"e-con-inner\">\n\t\t<div class=\"elementor-element elementor-element-4b5833b2 e-con-full e-flex e-con e-child\" data-id=\"4b5833b2\" data-element_type=\"container\" data-e-type=\"container\">\n\t\t\t\t<div class=\"elementor-element elementor-element-ea446e1 elementor-widget elementor-widget-text-editor\" data-id=\"ea446e1\" data-element_type=\"widget\" data-e-type=\"widget\" data-widget_type=\"text-editor.default\">\n\t\t\t\t<div class=\"elementor-widget-container\">\n\t\t\t\t\t\t\t\t\t<p align=\"center\"><strong>Pr\u00fcfungsdurchf\u00fchrung<\/strong><\/p>\nProvimi \u00d6SD Certifikat B2 ofrohet n\u00eb dy module: Provimi shkrimor (Leximi, D\u00ebgjimi, Shkrimi) dhe Provimi me folje (Folja). Modulet mund t\u00eb zhvillohen dhe t\u00eb certifikohen individualisht ose n\u00eb kombinim. N\u00ebse t\u00eb dy modulet kalohen n\u00eb t\u00eb nj\u00ebjtin dat\u00eb provimi, jepet nj\u00eb certifikat\u00eb e p\u00ebrgjithshme. Po ashtu, pjes\u00ebmarr\u00ebsit n\u00eb provim marrin nj\u00eb certifikat\u00eb t\u00eb p\u00ebrgjithshme n\u00ebse dy modulet zhvillohen dhe kalohen brenda nj\u00eb viti n\u00eb t\u00eb nj\u00ebjtin qend\u00ebr provimi. N\u00eb rast se modulet e ve\u00e7anta kalohen, p\u00ebr secilin modul jepet nj\u00eb certifikat\u00eb moduli.\n\nProvimi kryhet nga dy ekspert\u00eb t\u00eb trajnuar t\u00eb \u00d6SD. Ata pastaj vler\u00ebsojn\u00eb performanc\u00ebn e pjes\u00ebmarr\u00ebsve n\u00eb provim (shihni <a href=\"https:\/\/qendra-nderkulturore.al\/uploads\/ZB2-GB_Ver.3.0_22_01_20.pdf\">Gesamtbogen<\/a>). Auf Wunsch ist eine Einsichtnahme in den Auswertungsbogen m\u00f6glich. Hier finden Sie die <a href=\"https:\/\/qendra-nderkulturore.al\/wp-content\/uploads\/2026\/04\/Pruefungsordnung_April2026.pdf\">Pr\u00fcfungsordnung<\/a> und die <a href=\"https:\/\/qendra-nderkulturore.al\/uploads\/ZB2-Durchfuhrungsbestimmungen_10_2023.pdf\">Durchf\u00fchrungsbestimmungen<\/a>.\t\t\t\t\t\t\t\t<\/div>\n\t\t\t\t<\/div>\n\t\t\t\t<\/div>\n\t\t<div class=\"elementor-element elementor-element-4c56d7b e-con-full e-flex e-con e-child\" data-id=\"4c56d7b\" data-element_type=\"container\" data-e-type=\"container\">\n\t\t\t\t<div class=\"elementor-element elementor-element-54748f7 elementor-widget elementor-widget-text-editor\" data-id=\"54748f7\" data-element_type=\"widget\" data-e-type=\"widget\" data-widget_type=\"text-editor.default\">\n\t\t\t\t<div class=\"elementor-widget-container\">\n\t\t\t\t\t\t\t\t\t<p align=\"center\"><strong>Videobeispiel<\/strong><\/p>\nHier finden Sie ein Videobeispiel zur m\u00fcndlichen Pr\u00fcfung.\n<br><br>\n<a href=\"https:\/\/www.youtube.com\/watch?v=nFQljN4Oeio\">ZB1 Sprechen Paarpr\u00fcfung<\/a>\t\t\t\t\t\t\t\t<\/div>\n\t\t\t\t<\/div>\n\t\t\t\t<\/div>\n\t\t\t\t\t<\/div>\n\t\t\t\t<\/div>\n\t\t\t\t<\/div>","protected":false},"excerpt":{"rendered":"<p>Shkarko model t\u00eb provimit Q\u00ebllimi i provimit Pjes\u00ebmarr\u00ebsit n\u00eb provimin \u00d6SD Certifikat B2 duhet t\u00eb jen\u00eb n\u00eb gjendje t\u00eb shprehin qart\u00eb dhe me detaje mbi nj\u00eb spektrum temash t\u00eb gjer\u00eb<\/p>\n<p><a href=\"https:\/\/qendra-nderkulturore.al\/de\/prove-e-provimit-b2\/\" class=\"more-link\">Continue reading<span class=\"screen-reader-text\">\u00d6SD Zertifikat B2<\/span><\/a><\/p>","protected":false},"author":1,"featured_media":0,"parent":0,"menu_order":0,"comment_status":"closed","ping_status":"closed","template":"","meta":{"footnotes":""},"class_list":["post-484","page","type-page","status-publish","hentry"],"_links":{"self":[{"href":"https:\/\/qendra-nderkulturore.al\/de\/wp-json\/wp\/v2\/pages\/484","targetHints":{"allow":["GET"]}}],"collection":[{"href":"https:\/\/qendra-nderkulturore.al\/de\/wp-json\/wp\/v2\/pages"}],"about":[{"href":"https:\/\/qendra-nderkulturore.al\/de\/wp-json\/wp\/v2\/types\/page"}],"author":[{"embeddable":true,"href":"https:\/\/qendra-nderkulturore.al\/de\/wp-json\/wp\/v2\/users\/1"}],"replies":[{"embeddable":true,"href":"https:\/\/qendra-nderkulturore.al\/de\/wp-json\/wp\/v2\/comments?post=484"}],"version-history":[{"count":47,"href":"https:\/\/qendra-nderkulturore.al\/de\/wp-json\/wp\/v2\/pages\/484\/revisions"}],"predecessor-version":[{"id":2012,"href":"https:\/\/qendra-nderkulturore.al\/de\/wp-json\/wp\/v2\/pages\/484\/revisions\/2012"}],"wp:attachment":[{"href":"https:\/\/qendra-nderkulturore.al\/de\/wp-json\/wp\/v2\/media?parent=484"}],"curies":[{"name":"wp","href":"https:\/\/api.w.org\/{rel}","templated":true}]}}