{"id":482,"date":"2023-09-28T09:14:37","date_gmt":"2023-09-28T09:14:37","guid":{"rendered":"https:\/\/qendra-nderkulturore.al\/?page_id=482"},"modified":"2026-04-13T10:56:18","modified_gmt":"2026-04-13T10:56:18","slug":"prove-e-provimit-b1","status":"publish","type":"page","link":"https:\/\/qendra-nderkulturore.al\/de\/prove-e-provimit-b1\/","title":{"rendered":"\u00d6SD Zertifikat B1"},"content":{"rendered":"\t\t<div data-elementor-type=\"wp-page\" data-elementor-id=\"482\" class=\"elementor elementor-482\" data-elementor-post-type=\"page\">\n\t\t\t\t<div class=\"elementor-element elementor-element-5a8e0c16 e-flex e-con-boxed e-con e-parent\" data-id=\"5a8e0c16\" data-element_type=\"container\" data-e-type=\"container\">\n\t\t\t\t\t<div class=\"e-con-inner\">\n\t\t<div class=\"elementor-element elementor-element-49639e57 e-con-full e-flex e-con e-child\" data-id=\"49639e57\" data-element_type=\"container\" data-e-type=\"container\">\n\t\t\t\t<div class=\"elementor-element elementor-element-21bfcfdc elementor-widget elementor-widget-image\" data-id=\"21bfcfdc\" data-element_type=\"widget\" data-e-type=\"widget\" data-widget_type=\"image.default\">\n\t\t\t\t<div class=\"elementor-widget-container\">\n\t\t\t\t\t\t\t\t\t\t\t\t\t\t\t\t<a href=\"https:\/\/qendra-nderkulturore.al\/uploads\/ZB1%20Modellsatz.pdf\" target=\"_blank\">\n\t\t\t\t\t\t\t<img fetchpriority=\"high\" decoding=\"async\" width=\"596\" height=\"842\" src=\"https:\/\/qendra-nderkulturore.al\/wp-content\/uploads\/2023\/09\/ZB1_cover.png\" class=\"attachment-large size-large wp-image-455\" alt=\"\" srcset=\"https:\/\/qendra-nderkulturore.al\/wp-content\/uploads\/2023\/09\/ZB1_cover.png 596w, https:\/\/qendra-nderkulturore.al\/wp-content\/uploads\/2023\/09\/ZB1_cover-212x300.png 212w, https:\/\/qendra-nderkulturore.al\/wp-content\/uploads\/2023\/09\/ZB1_cover-8x12.png 8w\" sizes=\"(max-width: 596px) 100vw, 596px\" \/>\t\t\t\t\t\t\t\t<\/a>\n\t\t\t\t\t\t\t\t\t\t\t\t\t\t\t<\/div>\n\t\t\t\t<\/div>\n\t\t\t\t<div class=\"elementor-element elementor-element-414783e8 elementor-widget elementor-widget-text-editor\" data-id=\"414783e8\" data-element_type=\"widget\" data-e-type=\"widget\" data-widget_type=\"text-editor.default\">\n\t\t\t\t<div class=\"elementor-widget-container\">\n\t\t\t\t\t\t\t\t\t<p align=\"center\"><strong>Shkarko model t\u00eb provimit<\/strong><\/p>\t\t\t\t\t\t\t\t<\/div>\n\t\t\t\t<\/div>\n\t\t\t\t<\/div>\n\t\t<div class=\"elementor-element elementor-element-69c19c02 e-con-full e-flex e-con e-child\" data-id=\"69c19c02\" data-element_type=\"container\" data-e-type=\"container\">\n\t\t\t\t<div class=\"elementor-element elementor-element-7b4a5fd0 elementor-widget elementor-widget-text-editor\" data-id=\"7b4a5fd0\" data-element_type=\"widget\" data-e-type=\"widget\" data-widget_type=\"text-editor.default\">\n\t\t\t\t<div class=\"elementor-widget-container\">\n\t\t\t\t\t\t\t\t\t<p align=\"center\"><strong>Q\u00ebllimi i provimit<\/strong><\/p><div class=\"group final-completion w-full text-token-text-primary border-b border-black\/10 gizmo:border-0 dark:border-gray-900\/50 gizmo:dark:border-0 bg-gray-50 gizmo:bg-transparent dark:bg-[#444654] gizmo:dark:bg-transparent\" data-testid=\"conversation-turn-131\"><div class=\"p-4 gizmo:py-2 justify-center text-base md:gap-6 md:py-6 m-auto\"><div class=\"flex flex-1 gap-4 text-base mx-auto md:gap-6 gizmo:gap-3 gizmo:md:px-5 gizmo:lg:px-1 gizmo:xl:px-5 md:max-w-2xl lg:max-w-[38rem] gizmo:md:max-w-3xl gizmo:lg:max-w-[40rem] gizmo:xl:max-w-[48rem] xl:max-w-3xl }\"><div class=\"relative flex w-[calc(100%-50px)] flex-col gizmo:w-full lg:w-[calc(100%-115px)] agent-turn\"><div class=\"flex-col gap-1 md:gap-3\"><div class=\"flex flex-grow flex-col gap-3 max-w-full\"><div class=\"min-h-[20px] flex flex-col items-start gap-3 whitespace-pre-wrap break-words overflow-x-auto\"><div class=\"markdown prose w-full break-words dark:prose-invert light\"><p>Provimi \u00d6SD Certifikat B1 vler\u00ebson aft\u00ebsin\u00eb p\u00ebr p\u00ebrdorim t\u00eb pavarur t\u00eb gjuh\u00ebs n\u00eb situata t\u00eb jet\u00ebs s\u00eb p\u00ebrditshme dhe pun\u00ebs, ku temat dhe interesat personale jan\u00eb t\u00eb njohura.<\/p><p>Ky provim ofrohet p\u00ebr t\u00eb m\u00ebsuarit mbi 16 vje\u00e7, si dhe n\u00eb nj\u00eb version p\u00ebr t\u00eb rinjt\u00eb n\u00eb mosh\u00ebn 12 vje\u00e7 e m\u00eb shum\u00eb.<\/p><p>Provimi p\u00ebrb\u00ebhet nga kat\u00ebr module, ku modulet e provimit t\u00eb Leximit, D\u00ebgjimit, Shkrimit dhe Fjal\u00ebs mund t\u00eb zhvillohen t\u00eb pavarura n\u00eb koh\u00ebra t\u00eb ndryshme.<\/p><p>Certifikata B1 \u00ebsht\u00eb nj\u00eb produkt i p\u00ebrbashk\u00ebt i \u00d6SD, Institutit Goethe (GI) dhe Qendr\u00ebs s\u00eb Studimeve dhe Hulumtimit t\u00eb Universitetit t\u00eb Friburgut\/Zvic\u00ebr dhe ofrohet gjer\u00ebsisht n\u00eb nivel nd\u00ebrkomb\u00ebtar nga \u00d6SD dhe Institutit Goethe.<\/p><\/div><\/div><\/div><\/div><\/div><\/div><\/div><\/div>\t\t\t\t\t\t\t\t<\/div>\n\t\t\t\t<\/div>\n\t\t\t\t<\/div>\n\t\t\t\t\t<\/div>\n\t\t\t\t<\/div>\n\t\t<div class=\"elementor-element elementor-element-6a607639 e-flex e-con-boxed e-con e-parent\" data-id=\"6a607639\" data-element_type=\"container\" data-e-type=\"container\">\n\t\t\t\t\t<div class=\"e-con-inner\">\n\t\t<div class=\"elementor-element elementor-element-c70b676 e-con-full e-flex e-con e-child\" data-id=\"c70b676\" data-element_type=\"container\" data-e-type=\"container\">\n\t\t<div class=\"elementor-element elementor-element-4dea4ddd e-flex e-con-boxed e-con e-child\" data-id=\"4dea4ddd\" data-element_type=\"container\" data-e-type=\"container\" data-settings=\"{&quot;background_background&quot;:&quot;classic&quot;}\">\n\t\t\t\t\t<div class=\"e-con-inner\">\n\t\t\t\t<div class=\"elementor-element elementor-element-4ac3787f elementor-widget elementor-widget-text-editor\" data-id=\"4ac3787f\" data-element_type=\"widget\" data-e-type=\"widget\" data-widget_type=\"text-editor.default\">\n\t\t\t\t<div class=\"elementor-widget-container\">\n\t\t\t\t\t\t\t\t\t<p align=\"center\"><strong>Leximi<\/strong><\/p><p>N\u00ebp\u00ebrmjet pes\u00eb detyrave vler\u00ebsohet kuptimi global, selektiv dhe i detajuar i tekstesh t\u00eb ndryshme t\u00eb lexuara (postime n\u00eb blog, artikuj gazete, reklama, deklarata dhe udh\u00ebzime t\u00eb shkruara) nga Austria, Gjermania dhe Zvicra.<\/p><p>Koh\u00ebzgjatja: 65 minuta.<\/p>\t\t\t\t\t\t\t\t<\/div>\n\t\t\t\t<\/div>\n\t\t\t\t\t<\/div>\n\t\t\t\t<\/div>\n\t\t<div class=\"elementor-element elementor-element-e535d1f e-flex e-con-boxed e-con e-child\" data-id=\"e535d1f\" data-element_type=\"container\" data-e-type=\"container\" data-settings=\"{&quot;background_background&quot;:&quot;classic&quot;}\">\n\t\t\t\t\t<div class=\"e-con-inner\">\n\t\t\t\t<div class=\"elementor-element elementor-element-9619be6 meineLinks elementor-widget elementor-widget-text-editor\" data-id=\"9619be6\" data-element_type=\"widget\" data-e-type=\"widget\" data-widget_type=\"text-editor.default\">\n\t\t\t\t<div class=\"elementor-widget-container\">\n\t\t\t\t\t\t\t\t\t<p align=\"center\"><strong>Shkrimi<\/strong><\/p><p>Duke p\u00ebrdorur udh\u00ebzime specifike, duhet t\u00eb shkruhen nj\u00eb email jozyrtar, nj\u00eb shprehje e mendimit personale dhe nj\u00eb k\u00ebrkes\u00eb p\u00ebr ndjes\u00eb t\u00eb shkurt\u00ebr formale, t\u00eb cilat vler\u00ebsohen p\u00ebrmes <a href=\"https:\/\/qendra-nderkulturore.al\/uploads\/zb1_kriterien_schreiben.pdf\">kritereve<\/a> t\u00eb p\u00ebrcaktuara.<\/p><p>Koh\u00ebzgjatja: 60 minuta.<\/p>\t\t\t\t\t\t\t\t<\/div>\n\t\t\t\t<\/div>\n\t\t\t\t\t<\/div>\n\t\t\t\t<\/div>\n\t\t\t\t<\/div>\n\t\t<div class=\"elementor-element elementor-element-4b528340 e-con-full e-flex e-con e-child\" data-id=\"4b528340\" data-element_type=\"container\" data-e-type=\"container\">\n\t\t<div class=\"elementor-element elementor-element-c3b4306 e-flex e-con-boxed e-con e-child\" data-id=\"c3b4306\" data-element_type=\"container\" data-e-type=\"container\" data-settings=\"{&quot;background_background&quot;:&quot;classic&quot;}\">\n\t\t\t\t\t<div class=\"e-con-inner\">\n\t\t\t\t<div class=\"elementor-element elementor-element-67c4a488 elementor-widget elementor-widget-text-editor\" data-id=\"67c4a488\" data-element_type=\"widget\" data-e-type=\"widget\" data-widget_type=\"text-editor.default\">\n\t\t\t\t<div class=\"elementor-widget-container\">\n\t\t\t\t\t\t\t\t\t<p align=\"center\"><strong>D\u00ebgjimi<\/strong><\/p><p>N\u00ebp\u00ebrmjet kat\u00ebr detyrave vler\u00ebsohet kuptimi global dhe i detajuar n\u00ebp\u00ebrmjet tekstesh t\u00eb folura n\u00eb gjuh\u00ebn standarde (njoftime, fjalime t\u00eb shkurtra, biseda jozyrtare dhe diskutime nga radio) nga Austria, Gjermania dhe Zvicra.<\/p><p>Koh\u00ebzgjatja: rreth 40 minuta.<\/p>\t\t\t\t\t\t\t\t<\/div>\n\t\t\t\t<\/div>\n\t\t\t\t\t<\/div>\n\t\t\t\t<\/div>\n\t\t<div class=\"elementor-element elementor-element-5f0ebf7b e-flex e-con-boxed e-con e-child\" data-id=\"5f0ebf7b\" data-element_type=\"container\" data-e-type=\"container\" data-settings=\"{&quot;background_background&quot;:&quot;classic&quot;}\">\n\t\t\t\t\t<div class=\"e-con-inner\">\n\t\t\t\t<div class=\"elementor-element elementor-element-c0abd5a elementor-widget elementor-widget-text-editor\" data-id=\"c0abd5a\" data-element_type=\"widget\" data-e-type=\"widget\" data-widget_type=\"text-editor.default\">\n\t\t\t\t<div class=\"elementor-widget-container\">\n\t\t\t\t\t\t\t\t\t<p align=\"center\"><strong>Folja<\/strong><\/p><p>Nj\u00eb provim n\u00eb dy persona (provimi individual ndodh vet\u00ebm n\u00eb raste t\u00eb jasht\u00ebzakonshme) fillimisht zhvillohet nj\u00eb bised\u00eb planifikimi, pastaj nj\u00eb tem\u00eb e njohur prezantohet n\u00eb nj\u00eb fjalim t\u00eb shkurt\u00ebr dhe m\u00eb pas me nj\u00eb rikthim dhe nj\u00eb pyetje p\u00ebr reflektim mbi prezantimin e nj\u00ebrit prej pjes\u00ebmarr\u00ebsve. Biseda e provimit vler\u00ebsohet sipas <a href=\"https:\/\/qendra-nderkulturore.al\/uploads\/zb1_kriterien_sprechen.pdf\">kritereve<\/a> t\u00eb p\u00ebrcaktuara.<\/p><p>Koh\u00ebzgjatja: rreth 15 minuta.<\/p>\t\t\t\t\t\t\t\t<\/div>\n\t\t\t\t<\/div>\n\t\t\t\t\t<\/div>\n\t\t\t\t<\/div>\n\t\t\t\t<\/div>\n\t\t\t\t\t<\/div>\n\t\t\t\t<\/div>\n\t\t<div class=\"elementor-element elementor-element-6d4d766f e-flex e-con-boxed e-con e-parent\" data-id=\"6d4d766f\" data-element_type=\"container\" data-e-type=\"container\">\n\t\t\t\t\t<div class=\"e-con-inner\">\n\t\t<div class=\"elementor-element elementor-element-49808de1 e-con-full e-flex e-con e-child\" data-id=\"49808de1\" data-element_type=\"container\" data-e-type=\"container\">\n\t\t\t\t<div class=\"elementor-element elementor-element-7b2a8002 elementor-widget elementor-widget-text-editor\" data-id=\"7b2a8002\" data-element_type=\"widget\" data-e-type=\"widget\" data-widget_type=\"text-editor.default\">\n\t\t\t\t<div class=\"elementor-widget-container\">\n\t\t\t\t\t\t\t\t\t<p align=\"center\"><strong>Realizimi i provimit<\/strong><\/p>\nCertifikata \u00d6SD B1 p\u00ebrb\u00ebhet nga kat\u00ebr module: Leximi, D\u00ebgjimi, Shkrimi dhe Folja. Modulet mund t\u00eb zhvillohen dhe t\u00eb certifikohen individualisht ose n\u00eb kombinim. N\u00ebse t\u00eb gjitha kat\u00ebr module kalohen n\u00eb t\u00eb nj\u00ebjtin dat\u00eb provimi, jepet nj\u00eb certifikat\u00eb e p\u00ebrgjithshme. Po ashtu, pjes\u00ebmarr\u00ebsit n\u00eb provim marrin nj\u00eb certifikat\u00eb t\u00eb p\u00ebrgjithshme n\u00ebse kat\u00ebr modulet zhvillohen dhe kalohen brenda nj\u00eb viti n\u00eb t\u00eb nj\u00ebjtin qend\u00ebr provimi. N\u00eb rast se modulet e ve\u00e7anta kalohen, p\u00ebr secilin modul jepet nj\u00eb certifikat\u00eb moduli.\n\nProvimi kryhet nga dy ekspert\u00eb t\u00eb trajnuar t\u00eb \u00d6SD. Ata pastaj vler\u00ebsojn\u00eb performanc\u00ebn e pjes\u00ebmarr\u00ebsve n\u00eb provim (shihni <a href=\"https:\/\/qendra-nderkulturore.al\/uploads\/zb1_gesamtbogen.pdf\">Buletinin e P\u00ebrgjithsh\u00ebm<\/a>). N\u00ebse k\u00ebrkohet, \u00ebsht\u00eb e mundur t\u00eb shihni buletinin e vler\u00ebsimit dhe p\u00ebrgjigjet e testit. K\u00ebtu mund t\u00eb gjeni <a href=\"https:\/\/qendra-nderkulturore.al\/wp-content\/uploads\/2026\/04\/Pruefungsordnung_April2026.pdf\">rregulloren e provimit<\/a> dhe <a href=\"https:\/\/qendra-nderkulturore.al\/uploads\/ZB1-Durchfuhrungsbestimmungen_10_2023.pdf\">udh\u00ebzimet p\u00ebr realizim<\/a>.\t\t\t\t\t\t\t\t<\/div>\n\t\t\t\t<\/div>\n\t\t\t\t<\/div>\n\t\t<div class=\"elementor-element elementor-element-3e35484b e-con-full e-flex e-con e-child\" data-id=\"3e35484b\" data-element_type=\"container\" data-e-type=\"container\">\n\t\t\t\t<div class=\"elementor-element elementor-element-2f39938b elementor-widget elementor-widget-text-editor\" data-id=\"2f39938b\" data-element_type=\"widget\" data-e-type=\"widget\" data-widget_type=\"text-editor.default\">\n\t\t\t\t<div class=\"elementor-widget-container\">\n\t\t\t\t\t\t\t\t\t<p align=\"center\"><strong>Shembull video<\/strong><\/p><p>K\u00ebtu mund t\u00eb gjeni dy shembuj video p\u00ebr provimin me folje:<\/p><p><a href=\"https:\/\/www.youtube.com\/watch?v=D1k0gAyNW6I\">Provimi i foljes ZB1 n\u00eb m\u00ebnyr\u00eb individuale<\/a><br \/><a href=\"https:\/\/www.youtube.com\/watch?v=CtYvctbOSO8\">Provimi i foljes ZB1 n\u00eb m\u00ebnyr\u00eb t\u00eb dyfisht\u00eb<\/a><\/p>\t\t\t\t\t\t\t\t<\/div>\n\t\t\t\t<\/div>\n\t\t\t\t<\/div>\n\t\t\t\t\t<\/div>\n\t\t\t\t<\/div>\n\t\t\t\t<\/div>\n\t\t","protected":false},"excerpt":{"rendered":"<p>Shkarko model t\u00eb provimit Q\u00ebllimi i provimit Provimi \u00d6SD Certifikat B1 vler\u00ebson aft\u00ebsin\u00eb p\u00ebr p\u00ebrdorim t\u00eb pavarur t\u00eb gjuh\u00ebs n\u00eb situata t\u00eb jet\u00ebs s\u00eb p\u00ebrditshme dhe pun\u00ebs, ku temat dhe<\/p>\n<p><a href=\"https:\/\/qendra-nderkulturore.al\/de\/prove-e-provimit-b1\/\" class=\"more-link\">Continue reading<span class=\"screen-reader-text\">\u00d6SD Zertifikat B1<\/span><\/a><\/p>","protected":false},"author":1,"featured_media":0,"parent":0,"menu_order":0,"comment_status":"closed","ping_status":"closed","template":"","meta":{"footnotes":""},"class_list":["post-482","page","type-page","status-publish","hentry"],"_links":{"self":[{"href":"https:\/\/qendra-nderkulturore.al\/de\/wp-json\/wp\/v2\/pages\/482","targetHints":{"allow":["GET"]}}],"collection":[{"href":"https:\/\/qendra-nderkulturore.al\/de\/wp-json\/wp\/v2\/pages"}],"about":[{"href":"https:\/\/qendra-nderkulturore.al\/de\/wp-json\/wp\/v2\/types\/page"}],"author":[{"embeddable":true,"href":"https:\/\/qendra-nderkulturore.al\/de\/wp-json\/wp\/v2\/users\/1"}],"replies":[{"embeddable":true,"href":"https:\/\/qendra-nderkulturore.al\/de\/wp-json\/wp\/v2\/comments?post=482"}],"version-history":[{"count":56,"href":"https:\/\/qendra-nderkulturore.al\/de\/wp-json\/wp\/v2\/pages\/482\/revisions"}],"predecessor-version":[{"id":2009,"href":"https:\/\/qendra-nderkulturore.al\/de\/wp-json\/wp\/v2\/pages\/482\/revisions\/2009"}],"wp:attachment":[{"href":"https:\/\/qendra-nderkulturore.al\/de\/wp-json\/wp\/v2\/media?parent=482"}],"curies":[{"name":"wp","href":"https:\/\/api.w.org\/{rel}","templated":true}]}}