{"id":480,"date":"2023-09-28T09:14:18","date_gmt":"2023-09-28T09:14:18","guid":{"rendered":"https:\/\/qendra-nderkulturore.al\/?page_id=480"},"modified":"2026-04-13T10:55:17","modified_gmt":"2026-04-13T10:55:17","slug":"prove-e-provimit-a2","status":"publish","type":"page","link":"https:\/\/qendra-nderkulturore.al\/de\/prove-e-provimit-a2\/","title":{"rendered":"\u00d6SD Zertifikat A2"},"content":{"rendered":"<div data-elementor-type=\"wp-page\" data-elementor-id=\"480\" class=\"elementor elementor-480\" data-elementor-post-type=\"page\">\n\t\t\t\t<div class=\"elementor-element elementor-element-9392e41 e-flex e-con-boxed e-con e-parent\" data-id=\"9392e41\" data-element_type=\"container\" data-e-type=\"container\">\n\t\t\t\t\t<div class=\"e-con-inner\">\n\t\t<div class=\"elementor-element elementor-element-31f2152e e-con-full e-flex e-con e-child\" data-id=\"31f2152e\" data-element_type=\"container\" data-e-type=\"container\">\n\t\t\t\t<div class=\"elementor-element elementor-element-47b44099 elementor-widget elementor-widget-image\" data-id=\"47b44099\" data-element_type=\"widget\" data-e-type=\"widget\" data-widget_type=\"image.default\">\n\t\t\t\t<div class=\"elementor-widget-container\">\n\t\t\t\t\t\t\t\t\t\t\t\t\t\t\t\t<a href=\"https:\/\/qendra-nderkulturore.al\/de\/uploads\/ZA2%20Modellsatz.pdf\/\" target=\"_blank\">\n\t\t\t\t\t\t\t<img fetchpriority=\"high\" decoding=\"async\" width=\"596\" height=\"842\" src=\"https:\/\/qendra-nderkulturore.al\/wp-content\/uploads\/2023\/09\/ZA2_cover.png\" class=\"attachment-large size-large wp-image-456\" alt=\"\" srcset=\"https:\/\/qendra-nderkulturore.al\/wp-content\/uploads\/2023\/09\/ZA2_cover.png 596w, https:\/\/qendra-nderkulturore.al\/wp-content\/uploads\/2023\/09\/ZA2_cover-212x300.png 212w, https:\/\/qendra-nderkulturore.al\/wp-content\/uploads\/2023\/09\/ZA2_cover-8x12.png 8w\" sizes=\"(max-width: 596px) 100vw, 596px\" \/>\t\t\t\t\t\t\t\t<\/a>\n\t\t\t\t\t\t\t\t\t\t\t\t\t\t\t<\/div>\n\t\t\t\t<\/div>\n\t\t\t\t<div class=\"elementor-element elementor-element-5d063925 elementor-widget elementor-widget-text-editor\" data-id=\"5d063925\" data-element_type=\"widget\" data-e-type=\"widget\" data-widget_type=\"text-editor.default\">\n\t\t\t\t<div class=\"elementor-widget-container\">\n\t\t\t\t\t\t\t\t\t<p align=\"center\"><strong>Modellsatz herunterladen<\/strong><\/p>\t\t\t\t\t\t\t\t<\/div>\n\t\t\t\t<\/div>\n\t\t\t\t<\/div>\n\t\t<div class=\"elementor-element elementor-element-42eb0005 e-con-full e-flex e-con e-child\" data-id=\"42eb0005\" data-element_type=\"container\" data-e-type=\"container\">\n\t\t\t\t<div class=\"elementor-element elementor-element-12802a59 elementor-widget elementor-widget-text-editor\" data-id=\"12802a59\" data-element_type=\"widget\" data-e-type=\"widget\" data-widget_type=\"text-editor.default\">\n\t\t\t\t<div class=\"elementor-widget-container\">\n\t\t\t\t\t\t\t\t\t<p align=\"center\"><strong>Pr\u00fcfungsziel<\/strong><\/p><p>Die an der Pr\u00fcfung \u00d6SD Zertifikat A2 Teilnehmenden sollten in der Lage sein, auf elementarer Ebene in einfachen, routinem\u00e4\u00dfigen Situationen des Alltags- und Berufslebens zu kommunizieren.<\/p><p>Diese Pr\u00fcfung f\u00fcr Deutschlernende ab 14 Jahren stellt den Nachweis sprachlicher Kompetenz in routinem\u00e4\u00dfigen Situationen mit vertrauten Themen und T\u00e4tigkeiten dar.<\/p><p>Die Pr\u00fcfung \u00d6SD Zertifikat A2\u2009besteht aus den zwei Modulen Schriftliche Pr\u00fcfung (Lesen, H\u00f6ren, Schreiben) und M\u00fcndliche Pr\u00fcfung (Sprechen), wobei der Schwerpunkt im Bereich der rezeptiven Fertigkeiten Lesen und H\u00f6ren liegt.<\/p>\t\t\t\t\t\t\t\t<\/div>\n\t\t\t\t<\/div>\n\t\t\t\t<\/div>\n\t\t\t\t\t<\/div>\n\t\t\t\t<\/div>\n\t\t<div class=\"elementor-element elementor-element-556edcf9 e-flex e-con-boxed e-con e-parent\" data-id=\"556edcf9\" data-element_type=\"container\" data-e-type=\"container\">\n\t\t\t\t\t<div class=\"e-con-inner\">\n\t\t<div class=\"elementor-element elementor-element-4f63b23b e-con-full e-flex e-con e-child\" data-id=\"4f63b23b\" data-element_type=\"container\" data-e-type=\"container\">\n\t\t<div class=\"elementor-element elementor-element-7a5923b e-flex e-con-boxed e-con e-child\" data-id=\"7a5923b\" data-element_type=\"container\" data-e-type=\"container\" data-settings=\"{&quot;background_background&quot;:&quot;classic&quot;}\">\n\t\t\t\t\t<div class=\"e-con-inner\">\n\t\t\t\t<div class=\"elementor-element elementor-element-4b64593c elementor-widget elementor-widget-text-editor\" data-id=\"4b64593c\" data-element_type=\"widget\" data-e-type=\"widget\" data-widget_type=\"text-editor.default\">\n\t\t\t\t<div class=\"elementor-widget-container\">\n\t\t\t\t\t\t\t\t\t<p align=\"center\"><strong>Lesen<\/strong><\/p><p>Anhand von zwei Aufgaben mit unterschiedlichem Testformat wird Global- und Detailverstehen \u00fcberpr\u00fcft.<\/p><p>Dauer: 30 Minuten.<\/p>\t\t\t\t\t\t\t\t<\/div>\n\t\t\t\t<\/div>\n\t\t\t\t\t<\/div>\n\t\t\t\t<\/div>\n\t\t<div class=\"elementor-element elementor-element-6107af4a e-flex e-con-boxed e-con e-child\" data-id=\"6107af4a\" data-element_type=\"container\" data-e-type=\"container\" data-settings=\"{&quot;background_background&quot;:&quot;classic&quot;}\">\n\t\t\t\t\t<div class=\"e-con-inner\">\n\t\t\t\t<div class=\"elementor-element elementor-element-6f4e50db meineLinks elementor-widget elementor-widget-text-editor\" data-id=\"6f4e50db\" data-element_type=\"widget\" data-e-type=\"widget\" data-widget_type=\"text-editor.default\">\n\t\t\t\t<div class=\"elementor-widget-container\">\n\t\t\t\t\t\t\t\t\t<p align=\"center\"><strong>Schreiben<\/strong><\/p><p>Als Antwort auf einen Impulstext soll ein pers\u00f6nliches E-Mail verfasst werden, das mittels festgelegter Kriterien (siehe <a href=\"https:\/\/qendra-nderkulturore.al\/uploads\/za2_auswertungsbogen_sprechen.pdf\">Auswertungsbogen<\/a>).<\/p><p>Dauer: 30 Minuten.<\/p>\t\t\t\t\t\t\t\t<\/div>\n\t\t\t\t<\/div>\n\t\t\t\t\t<\/div>\n\t\t\t\t<\/div>\n\t\t\t\t<\/div>\n\t\t<div class=\"elementor-element elementor-element-4c688f4e e-con-full e-flex e-con e-child\" data-id=\"4c688f4e\" data-element_type=\"container\" data-e-type=\"container\">\n\t\t<div class=\"elementor-element elementor-element-18b7b636 e-flex e-con-boxed e-con e-child\" data-id=\"18b7b636\" data-element_type=\"container\" data-e-type=\"container\" data-settings=\"{&quot;background_background&quot;:&quot;classic&quot;}\">\n\t\t\t\t\t<div class=\"e-con-inner\">\n\t\t\t\t<div class=\"elementor-element elementor-element-22942e25 elementor-widget elementor-widget-text-editor\" data-id=\"22942e25\" data-element_type=\"widget\" data-e-type=\"widget\" data-widget_type=\"text-editor.default\">\n\t\t\t\t<div class=\"elementor-widget-container\">\n\t\t\t\t\t\t\t\t\t<p align=\"center\"><strong>H\u00f6ren<\/strong><\/p><p>In drei Aufgaben wird Global- und Detailverstehen anhand standardsprachlich gesprochener H\u00f6rtexte aus \u00d6sterreich, Deutschland und der Schweiz \u00fcberpr\u00fcft.<\/p><p>Dauer: ca. 15 Minuten.<\/p>\t\t\t\t\t\t\t\t<\/div>\n\t\t\t\t<\/div>\n\t\t\t\t\t<\/div>\n\t\t\t\t<\/div>\n\t\t<div class=\"elementor-element elementor-element-1c201b e-flex e-con-boxed e-con e-child\" data-id=\"1c201b\" data-element_type=\"container\" data-e-type=\"container\" data-settings=\"{&quot;background_background&quot;:&quot;classic&quot;}\">\n\t\t\t\t\t<div class=\"e-con-inner\">\n\t\t\t\t<div class=\"elementor-element elementor-element-477124cb elementor-widget elementor-widget-text-editor\" data-id=\"477124cb\" data-element_type=\"widget\" data-e-type=\"widget\" data-widget_type=\"text-editor.default\">\n\t\t\t\t<div class=\"elementor-widget-container\">\n\t\t\t\t\t\t\t\t\t<p align=\"center\"><strong>Sprechen<\/strong><\/p><p>Die Pr\u00fcfung umfasst zwei Aufgaben: sich vorstellen (anhand von 5 Themen) und eine gemeinsame Aktivit\u00e4t planen. Das Pr\u00fcfungsgespr\u00e4ch wird mittels festgelegter Kriterien (siehe <a href=\"https:\/\/qendra-nderkulturore.al\/uploads\/za2_auswertungsbogen_sprechen.pdf\">Auswertungsbogen<\/a>).<\/p><p>Dauer: ca. 10 Minuten.<\/p>\t\t\t\t\t\t\t\t<\/div>\n\t\t\t\t<\/div>\n\t\t\t\t\t<\/div>\n\t\t\t\t<\/div>\n\t\t\t\t<\/div>\n\t\t\t\t\t<\/div>\n\t\t\t\t<\/div>\n\t\t<div class=\"elementor-element elementor-element-591f01e7 e-flex e-con-boxed e-con e-parent\" data-id=\"591f01e7\" data-element_type=\"container\" data-e-type=\"container\">\n\t\t\t\t\t<div class=\"e-con-inner\">\n\t\t<div class=\"elementor-element elementor-element-51e8c128 e-con-full e-flex e-con e-child\" data-id=\"51e8c128\" data-element_type=\"container\" data-e-type=\"container\">\n\t\t\t\t<div class=\"elementor-element elementor-element-52f5a4b6 elementor-widget elementor-widget-text-editor\" data-id=\"52f5a4b6\" data-element_type=\"widget\" data-e-type=\"widget\" data-widget_type=\"text-editor.default\">\n\t\t\t\t<div class=\"elementor-widget-container\">\n\t\t\t\t\t\t\t\t\t<p align=\"center\"><strong>Pr\u00fcfungsdurchf\u00fchrung<\/strong><\/p>\nDie Pr\u00fcfung \u00d6SD Zertifikat A2 wird in den zwei Modulen Schriftliche Pr\u00fcfung (Lesen, H\u00f6ren, Schreiben) und M\u00fcndliche Pr\u00fcfung (Sprechen) angeboten. Die Module k\u00f6nnen einzeln oder in Kombination abgelegt und zertifiziert werden. Werden beide Module an einem Pr\u00fcfungstermin bestanden, wird ein Gesamtzertifikat ausgestellt. Ebenso erhalten Pr\u00fcfungsteilnehmende ein Gesamtzertifikat, wenn sie die beiden Module innerhalb eines Jahres an demselben Pr\u00fcfungszentrum abgelegt und bestanden haben. Bei Bestehen eines einzelnen Moduls wird ein Modulzertifikat ausgestellt.\n\nDie Pr\u00fcfung wird von jeweils zwei ausgebildeten \u00d6SD-Pr\u00fcfenden abgenommen. Diese bewerten anschlie\u00dfend die Pr\u00fcfungsleistung der Teilnehmenden (siehe <a href=\"https:\/\/qendra-nderkulturore.al\/uploads\/za2_gesamtbogen.pdf\">Gesamtbogen<\/a>). Auf Wunsch ist eine Einsichtnahme in den Auswertungsbogen m\u00f6glich. Hier finden Sie die <a href=\"https:\/\/qendra-nderkulturore.al\/wp-content\/uploads\/2026\/04\/Pruefungsordnung_April2026.pdf\">Pr\u00fcfungsordnung<\/a> und die <a href=\"https:\/\/qendra-nderkulturore.al\/uploads\/ZA2-Durchfuhrungsbestimmungen_10_2023.pdf\">Durchf\u00fchrungsbestimmungen<\/a>.\t\t\t\t\t\t\t\t<\/div>\n\t\t\t\t<\/div>\n\t\t\t\t<\/div>\n\t\t<div class=\"elementor-element elementor-element-567428ab e-con-full e-flex e-con e-child\" data-id=\"567428ab\" data-element_type=\"container\" data-e-type=\"container\">\n\t\t\t\t<div class=\"elementor-element elementor-element-4ecaa4a2 elementor-widget elementor-widget-text-editor\" data-id=\"4ecaa4a2\" data-element_type=\"widget\" data-e-type=\"widget\" data-widget_type=\"text-editor.default\">\n\t\t\t\t<div class=\"elementor-widget-container\">\n\t\t\t\t\t\t\t\t\t<p align=\"center\"><strong>Videobeispiel<\/strong><\/p>\nHier finden Sie zwei Videobeispiele zur m\u00fcndlichen Pr\u00fcfung:\n\n<a href=\"https:\/\/www.youtube.com\/watch?v=z2aNdPQnbZM\">ZA2 Sprechen Einzelpr\u00fcfung<\/a>\n\n<a href=\"https:\/\/www.youtube.com\/watch?v=wN6QPgvCyJg&amp;t=1s\">ZA2 Sprechen Paarpr\u00fcfung<\/a>\t\t\t\t\t\t\t\t<\/div>\n\t\t\t\t<\/div>\n\t\t\t\t<\/div>\n\t\t\t\t\t<\/div>\n\t\t\t\t<\/div>\n\t\t\t\t<\/div>","protected":false},"excerpt":{"rendered":"<p>Shkarko model t\u00eb provimit Q\u00ebllimi i provimit Pjes\u00ebmarr\u00ebsit n\u00eb provimin \u00d6SD Certifikat A2 duhet t\u00eb jen\u00eb n\u00eb gjendje t\u00eb komunikojn\u00eb n\u00eb nivelin elementar n\u00eb situata t\u00eb thjeshta dhe rutinore t\u00eb<\/p>\n<p><a href=\"https:\/\/qendra-nderkulturore.al\/de\/prove-e-provimit-a2\/\" class=\"more-link\">Continue reading<span class=\"screen-reader-text\">\u00d6SD Zertifikat A2<\/span><\/a><\/p>","protected":false},"author":1,"featured_media":0,"parent":0,"menu_order":0,"comment_status":"closed","ping_status":"closed","template":"","meta":{"footnotes":""},"class_list":["post-480","page","type-page","status-publish","hentry"],"_links":{"self":[{"href":"https:\/\/qendra-nderkulturore.al\/de\/wp-json\/wp\/v2\/pages\/480","targetHints":{"allow":["GET"]}}],"collection":[{"href":"https:\/\/qendra-nderkulturore.al\/de\/wp-json\/wp\/v2\/pages"}],"about":[{"href":"https:\/\/qendra-nderkulturore.al\/de\/wp-json\/wp\/v2\/types\/page"}],"author":[{"embeddable":true,"href":"https:\/\/qendra-nderkulturore.al\/de\/wp-json\/wp\/v2\/users\/1"}],"replies":[{"embeddable":true,"href":"https:\/\/qendra-nderkulturore.al\/de\/wp-json\/wp\/v2\/comments?post=480"}],"version-history":[{"count":53,"href":"https:\/\/qendra-nderkulturore.al\/de\/wp-json\/wp\/v2\/pages\/480\/revisions"}],"predecessor-version":[{"id":2006,"href":"https:\/\/qendra-nderkulturore.al\/de\/wp-json\/wp\/v2\/pages\/480\/revisions\/2006"}],"wp:attachment":[{"href":"https:\/\/qendra-nderkulturore.al\/de\/wp-json\/wp\/v2\/media?parent=480"}],"curies":[{"name":"wp","href":"https:\/\/api.w.org\/{rel}","templated":true}]}}