{"id":478,"date":"2023-09-28T09:14:06","date_gmt":"2023-09-28T09:14:06","guid":{"rendered":"https:\/\/qendra-nderkulturore.al\/?page_id=478"},"modified":"2026-04-13T10:53:06","modified_gmt":"2026-04-13T10:53:06","slug":"prove-e-provimit-a1","status":"publish","type":"page","link":"https:\/\/qendra-nderkulturore.al\/de\/prove-e-provimit-a1\/","title":{"rendered":"\u00d6SD Zertifikat A1"},"content":{"rendered":"<div data-elementor-type=\"wp-page\" data-elementor-id=\"478\" class=\"elementor elementor-478\" data-elementor-post-type=\"page\">\n\t\t\t\t<div class=\"elementor-element elementor-element-469aaeb e-flex e-con-boxed e-con e-parent\" data-id=\"469aaeb\" data-element_type=\"container\" data-e-type=\"container\">\n\t\t\t\t\t<div class=\"e-con-inner\">\n\t\t<div class=\"elementor-element elementor-element-28c631c e-con-full e-flex e-con e-child\" data-id=\"28c631c\" data-element_type=\"container\" data-e-type=\"container\">\n\t\t\t\t<div class=\"elementor-element elementor-element-3e7d6f8 elementor-widget elementor-widget-image\" data-id=\"3e7d6f8\" data-element_type=\"widget\" data-e-type=\"widget\" data-widget_type=\"image.default\">\n\t\t\t\t<div class=\"elementor-widget-container\">\n\t\t\t\t\t\t\t\t\t\t\t\t\t\t\t\t<a href=\"https:\/\/qendra-nderkulturore.al\/de\/uploads\/ZA1%20Modellsatz.pdf\/\" target=\"_blank\">\n\t\t\t\t\t\t\t<img fetchpriority=\"high\" decoding=\"async\" width=\"596\" height=\"842\" src=\"https:\/\/qendra-nderkulturore.al\/wp-content\/uploads\/2023\/09\/ZA1_cover.png\" class=\"attachment-large size-large wp-image-457\" alt=\"\" srcset=\"https:\/\/qendra-nderkulturore.al\/wp-content\/uploads\/2023\/09\/ZA1_cover.png 596w, https:\/\/qendra-nderkulturore.al\/wp-content\/uploads\/2023\/09\/ZA1_cover-212x300.png 212w, https:\/\/qendra-nderkulturore.al\/wp-content\/uploads\/2023\/09\/ZA1_cover-8x12.png 8w\" sizes=\"(max-width: 596px) 100vw, 596px\" \/>\t\t\t\t\t\t\t\t<\/a>\n\t\t\t\t\t\t\t\t\t\t\t\t\t\t\t<\/div>\n\t\t\t\t<\/div>\n\t\t\t\t<div class=\"elementor-element elementor-element-f3fa8bf elementor-widget elementor-widget-text-editor\" data-id=\"f3fa8bf\" data-element_type=\"widget\" data-e-type=\"widget\" data-widget_type=\"text-editor.default\">\n\t\t\t\t<div class=\"elementor-widget-container\">\n\t\t\t\t\t\t\t\t\t<p align=\"center\"><strong>Modellsatz herunterladen<\/strong><\/p>\t\t\t\t\t\t\t\t<\/div>\n\t\t\t\t<\/div>\n\t\t\t\t<\/div>\n\t\t<div class=\"elementor-element elementor-element-179402f e-con-full e-flex e-con e-child\" data-id=\"179402f\" data-element_type=\"container\" data-e-type=\"container\">\n\t\t\t\t<div class=\"elementor-element elementor-element-a3cb82d elementor-widget elementor-widget-text-editor\" data-id=\"a3cb82d\" data-element_type=\"widget\" data-e-type=\"widget\" data-widget_type=\"text-editor.default\">\n\t\t\t\t<div class=\"elementor-widget-container\">\n\t\t\t\t\t\t\t\t\t<p align=\"center\"><strong>Pr\u00fcfungsziel<\/strong><\/p><p>F\u00fcr die Pr\u00fcfung \u00d6SD Zertifikat A1 sollen die Teilnehmenden f\u00e4hig sein, in einfachen Situationen des Alltagslebens auf elementarer Basis zu kommunizieren.<\/p><p>\u00d6SD Zertifikat A1 richtet sich an Deutschlernende ab 14 Jahren und stellt den Nachweis sprachlicher Kompetenz in routinem\u00e4\u00dfigen Situationen mit vertrauten Themen und T\u00e4tigkeiten dar.<\/p><p>Die Pr\u00fcfung \u00d6SD Zertifikat A1 besteht aus den zwei Modulen Schriftliche Pr\u00fcfung (Lesen, H\u00f6ren, Schreiben) und M\u00fcndliche Pr\u00fcfung (Sprechen), wobei der Schwerpunkt im Bereich der rezeptiven Fertigkeiten Lesen und H\u00f6ren liegt.<\/p><p>Weitere Informationen finden Sie auch in unseren Hinweisen zur<a href=\"https:\/\/qendra-nderkulturore.al\/de\/njohje\/\"> Anerkennung von \u00d6SD-Pr\u00fcfungen in \u00d6sterreich<\/a>.<\/p>\t\t\t\t\t\t\t\t<\/div>\n\t\t\t\t<\/div>\n\t\t\t\t<\/div>\n\t\t\t\t\t<\/div>\n\t\t\t\t<\/div>\n\t\t<div class=\"elementor-element elementor-element-07f1b21 e-flex e-con-boxed e-con e-parent\" data-id=\"07f1b21\" data-element_type=\"container\" data-e-type=\"container\">\n\t\t\t\t\t<div class=\"e-con-inner\">\n\t\t<div class=\"elementor-element elementor-element-d2deb68 e-con-full e-flex e-con e-child\" data-id=\"d2deb68\" data-element_type=\"container\" data-e-type=\"container\">\n\t\t<div class=\"elementor-element elementor-element-d1bf4fc e-flex e-con-boxed e-con e-child\" data-id=\"d1bf4fc\" data-element_type=\"container\" data-e-type=\"container\" data-settings=\"{&quot;background_background&quot;:&quot;classic&quot;}\">\n\t\t\t\t\t<div class=\"e-con-inner\">\n\t\t\t\t<div class=\"elementor-element elementor-element-da9668f elementor-widget elementor-widget-text-editor\" data-id=\"da9668f\" data-element_type=\"widget\" data-e-type=\"widget\" data-widget_type=\"text-editor.default\">\n\t\t\t\t<div class=\"elementor-widget-container\">\n\t\t\t\t\t\t\t\t\t<p align=\"center\"><strong>Lesen<\/strong><\/p>\nAnhand von drei Aufgaben wird das Verstehen unterschiedlicher authentischer, einfacher Texte aus \u00d6sterreich, Deutschland und der Schweiz in ihrer Gesamtaussage und in ihren Einzelinhalten \u00fcberpr\u00fcft.\nDauer: 25 Minuten\t\t\t\t\t\t\t\t<\/div>\n\t\t\t\t<\/div>\n\t\t\t\t\t<\/div>\n\t\t\t\t<\/div>\n\t\t<div class=\"elementor-element elementor-element-ee17a4f e-flex e-con-boxed e-con e-child\" data-id=\"ee17a4f\" data-element_type=\"container\" data-e-type=\"container\" data-settings=\"{&quot;background_background&quot;:&quot;classic&quot;}\">\n\t\t\t\t\t<div class=\"e-con-inner\">\n\t\t\t\t<div class=\"elementor-element elementor-element-d6e5154 meineLinks elementor-widget elementor-widget-text-editor\" data-id=\"d6e5154\" data-element_type=\"widget\" data-e-type=\"widget\" data-widget_type=\"text-editor.default\">\n\t\t\t\t<div class=\"elementor-widget-container\">\n\t\t\t\t\t\t\t\t\t<p align=\"center\"><strong>Schreiben<\/strong><\/p>\nEs muss ein Formular ausgef\u00fcllt und ein einfacher Text verfasst werden. Die Texte werden mittels festgelegter Kriterien (siehe <a href=\"https:\/\/qendra-nderkulturore.al\/uploads\/ZA1-AW_s_Ver.4.0_19_12_19-002_nschreiben.pdf\" target=\"_blank\" rel=\"noopener\">Auswertungsbogen<\/a>). beurteilt.\n\nDauer: 20 Minuten\t\t\t\t\t\t\t\t<\/div>\n\t\t\t\t<\/div>\n\t\t\t\t\t<\/div>\n\t\t\t\t<\/div>\n\t\t\t\t<\/div>\n\t\t<div class=\"elementor-element elementor-element-90b8cc5 e-con-full e-flex e-con e-child\" data-id=\"90b8cc5\" data-element_type=\"container\" data-e-type=\"container\">\n\t\t<div class=\"elementor-element elementor-element-fe2c127 e-flex e-con-boxed e-con e-child\" data-id=\"fe2c127\" data-element_type=\"container\" data-e-type=\"container\" data-settings=\"{&quot;background_background&quot;:&quot;classic&quot;}\">\n\t\t\t\t\t<div class=\"e-con-inner\">\n\t\t\t\t<div class=\"elementor-element elementor-element-341f737 elementor-widget elementor-widget-text-editor\" data-id=\"341f737\" data-element_type=\"widget\" data-e-type=\"widget\" data-widget_type=\"text-editor.default\">\n\t\t\t\t<div class=\"elementor-widget-container\">\n\t\t\t\t\t\t\t\t\t<p align=\"center\"><strong>H\u00f6ren<\/strong><\/p>\nIn drei Aufgaben wird Global-, Detail- und selektives Verstehen anhand standardsprachlich gesprochener authentischer, einfacher H\u00f6rtexte aus \u00d6sterreich, Deutschland und der Schweiz mit allt\u00e4glicher Thematik \u00fcberpr\u00fcft.\nDauer: ca. 10 Minuten\t\t\t\t\t\t\t\t<\/div>\n\t\t\t\t<\/div>\n\t\t\t\t\t<\/div>\n\t\t\t\t<\/div>\n\t\t<div class=\"elementor-element elementor-element-fd3a292 e-flex e-con-boxed e-con e-child\" data-id=\"fd3a292\" data-element_type=\"container\" data-e-type=\"container\" data-settings=\"{&quot;background_background&quot;:&quot;classic&quot;}\">\n\t\t\t\t\t<div class=\"e-con-inner\">\n\t\t\t\t<div class=\"elementor-element elementor-element-5052d01 elementor-widget elementor-widget-text-editor\" data-id=\"5052d01\" data-element_type=\"widget\" data-e-type=\"widget\" data-widget_type=\"text-editor.default\">\n\t\t\t\t<div class=\"elementor-widget-container\">\n\t\t\t\t\t\t\t\t\t<p align=\"center\"><strong>Sprechen<\/strong><\/p>\nEs muss ein Formular ausgef\u00fcllt und ein einfacher Text verfasst werden. Die Texte werden mittels festgelegter Kriterien (siehe <a href=\"https:\/\/qendra-nderkulturore.al\/uploads\/za1_auswertungsbogen_sprechen.pdf\" rel=\"noopener\" target=\"_blank\">Auswertungsbogen<\/a>). beurteilt.\n\nDauer: 20 Minuten\t\t\t\t\t\t\t\t<\/div>\n\t\t\t\t<\/div>\n\t\t\t\t\t<\/div>\n\t\t\t\t<\/div>\n\t\t\t\t<\/div>\n\t\t\t\t\t<\/div>\n\t\t\t\t<\/div>\n\t\t<div class=\"elementor-element elementor-element-8c77172 e-flex e-con-boxed e-con e-parent\" data-id=\"8c77172\" data-element_type=\"container\" data-e-type=\"container\">\n\t\t\t\t\t<div class=\"e-con-inner\">\n\t\t<div class=\"elementor-element elementor-element-58bc0c4 e-con-full e-flex e-con e-child\" data-id=\"58bc0c4\" data-element_type=\"container\" data-e-type=\"container\">\n\t\t\t\t<div class=\"elementor-element elementor-element-edd112d elementor-widget elementor-widget-text-editor\" data-id=\"edd112d\" data-element_type=\"widget\" data-e-type=\"widget\" data-widget_type=\"text-editor.default\">\n\t\t\t\t<div class=\"elementor-widget-container\">\n\t\t\t\t\t\t\t\t\t<p align=\"center\"><strong>Pr\u00fcfungsdurchf\u00fchrung<\/strong><\/p>\nDie Pr\u00fcfung \u00d6SD Zertifikat A1 wird in den zwei Modulen Schriftliche Pr\u00fcfung (Lesen, H\u00f6ren, Schreiben) und M\u00fcndliche Pr\u00fcfung (Sprechen) angeboten. Die Module k\u00f6nnen einzeln oder in Kombination abgelegt und zertifiziert werden. Werden beide Module an einem Pr\u00fcfungstermin bestanden, wird ein Gesamtzertifikat ausgestellt. Ebenso erhalten Pr\u00fcfungsteilnehmende ein Gesamtzertifikat, wenn sie die beiden Module innerhalb eines Jahres an demselben Pr\u00fcfungszentrum abgelegt und bestanden haben. Bei Bestehen eines einzelnen Moduls wird ein Modulzertifikat ausgestellt.\n\nDie Pr\u00fcfung wird von jeweils zwei ausgebildeten \u00d6SD-Pr\u00fcfenden abgenommen. Diese bewerten anschlie\u00dfend die Pr\u00fcfungsleistung der Teilnehmenden (siehe <a href=\"https:\/\/qendra-nderkulturore.al\/uploads\/za1_gesamtbogen_neu.pdf\" target=\"_blank\" rel=\"noopener\">Gesamtbogen<\/a>). Auf Wunsch ist eine Einsichtnahme in den Auswertungsbogen m\u00f6glich. Hier finden Sie die <a href=\"https:\/\/qendra-nderkulturore.al\/wp-content\/uploads\/2026\/04\/Pruefungsordnung_April2026.pdf\" target=\"_blank\" rel=\"noopener\">Pr\u00fcfungsordnung<\/a> und die <a href=\"https:\/\/qendra-nderkulturore.al\/de\/uploads\/ZA1-Durchfuhrungsbestimmungen_10_2023%20%281%29.pdf\/\" target=\"_blank\" rel=\"noopener\"> Durchf\u00fchrungsbestimmungen<\/a>.\t\t\t\t\t\t\t\t<\/div>\n\t\t\t\t<\/div>\n\t\t\t\t<\/div>\n\t\t<div class=\"elementor-element elementor-element-37b35dc e-con-full e-flex e-con e-child\" data-id=\"37b35dc\" data-element_type=\"container\" data-e-type=\"container\">\n\t\t\t\t<div class=\"elementor-element elementor-element-1badb96 elementor-widget elementor-widget-text-editor\" data-id=\"1badb96\" data-element_type=\"widget\" data-e-type=\"widget\" data-widget_type=\"text-editor.default\">\n\t\t\t\t<div class=\"elementor-widget-container\">\n\t\t\t\t\t\t\t\t\t<p align=\"center\"><strong>Videobeispiel<\/strong><\/p>\nHier finden sie ein <a href=\"https:\/\/www.youtube.com\/watch?v=d0RcmGpj5MY\" rel=\"noopener\" target=\"_blank\">Videobeispiel<\/a> zur m\u00fcndlichen Pr\u00fcfung.\t\t\t\t\t\t\t\t<\/div>\n\t\t\t\t<\/div>\n\t\t\t\t<\/div>\n\t\t\t\t\t<\/div>\n\t\t\t\t<\/div>\n\t\t<div class=\"elementor-element elementor-element-d4d3d0d e-flex e-con-boxed e-con e-parent\" data-id=\"d4d3d0d\" data-element_type=\"container\" data-e-type=\"container\">\n\t\t\t\t\t<div class=\"e-con-inner\">\n\t\t<div class=\"elementor-element elementor-element-a713f00 e-con-full e-flex e-con e-child\" data-id=\"a713f00\" data-element_type=\"container\" data-e-type=\"container\">\n\t\t\t\t<div class=\"elementor-element elementor-element-8e62fda elementor-widget elementor-widget-text-editor\" data-id=\"8e62fda\" data-element_type=\"widget\" data-e-type=\"widget\" data-widget_type=\"text-editor.default\">\n\t\t\t\t<div class=\"elementor-widget-container\">\n\t\t\t\t\t\t\t\t\t<p align=\"center\"><strong>Die Bedeutung der Deutschpr\u00fcfung A1 f\u00fcr Ihren Aufenthalt in Deutschland oder \u00d6sterreich<\/strong><\/p>\nWer seine Deutschkenntnisse offiziell nachweisen m\u00f6chte, muss eine anerkannte A1-Deutschpr\u00fcfung machen. A1 ist das niedrigste Niveau des\u202fGemeinsamen Europ\u00e4ischen Referenzrahmens f\u00fcr Sprachen\u202f(GER). Wenn jemand Deutsch auf dem Niveau A1 spricht, kann er oder sie einfache S\u00e4tze verstehen und allt\u00e4gliche Situationen bew\u00e4ltigen wie zum Beispiel den t\u00e4glichen Einkauf oder einen Arztbesuch.\t\t\t\t\t\t\t\t<\/div>\n\t\t\t\t<\/div>\n\t\t\t\t<\/div>\n\t\t<div class=\"elementor-element elementor-element-1be6f2d e-con-full e-flex e-con e-child\" data-id=\"1be6f2d\" data-element_type=\"container\" data-e-type=\"container\">\n\t\t\t\t<div class=\"elementor-element elementor-element-a75e5cc elementor-widget elementor-widget-text-editor\" data-id=\"a75e5cc\" data-element_type=\"widget\" data-e-type=\"widget\" data-widget_type=\"text-editor.default\">\n\t\t\t\t<div class=\"elementor-widget-container\">\n\t\t\t\t\t\t\t\t\t<p align=\"center\"><strong>Warum brauche ich eine Deutschpr\u00fcfung A1?<\/strong><\/p>\nFamiliennachzug: Wenn eine Person nicht aus der EU ist und zu ihrer Familie nach Deutschland oder \u00d6sterreich ziehen m\u00f6chte, muss diese zuerst eine A1-Deutschpr\u00fcfung bestehen.\nErstes Visum: Auch wenn man ein Visum bekommen will, muss man einen anerkannten Deutschtest A1 machen und das Zertifikat an einer deutschen oder \u00f6sterreichischen Botschaft abgeben.\t\t\t\t\t\t\t\t<\/div>\n\t\t\t\t<\/div>\n\t\t\t\t<\/div>\n\t\t\t\t\t<\/div>\n\t\t\t\t<\/div>\n\t\t\t\t<\/div>","protected":false},"excerpt":{"rendered":"<p>Shkarko model t\u00eb provimit Q\u00ebllimi i provimit P\u00ebr provimin \u00d6SD Certifikat\u00eb A1, pjes\u00ebmarr\u00ebsit duhet t\u00eb jen\u00eb n\u00eb gjendje t\u00eb komunikojn\u00eb n\u00eb situata t\u00eb thjeshta t\u00eb jet\u00ebs s\u00eb p\u00ebrditshme n\u00eb nj\u00eb<\/p>\n<p><a href=\"https:\/\/qendra-nderkulturore.al\/de\/prove-e-provimit-a1\/\" class=\"more-link\">Continue reading<span class=\"screen-reader-text\">\u00d6SD Zertifikat A1<\/span><\/a><\/p>","protected":false},"author":1,"featured_media":0,"parent":0,"menu_order":0,"comment_status":"closed","ping_status":"closed","template":"","meta":{"footnotes":""},"class_list":["post-478","page","type-page","status-publish","hentry"],"_links":{"self":[{"href":"https:\/\/qendra-nderkulturore.al\/de\/wp-json\/wp\/v2\/pages\/478","targetHints":{"allow":["GET"]}}],"collection":[{"href":"https:\/\/qendra-nderkulturore.al\/de\/wp-json\/wp\/v2\/pages"}],"about":[{"href":"https:\/\/qendra-nderkulturore.al\/de\/wp-json\/wp\/v2\/types\/page"}],"author":[{"embeddable":true,"href":"https:\/\/qendra-nderkulturore.al\/de\/wp-json\/wp\/v2\/users\/1"}],"replies":[{"embeddable":true,"href":"https:\/\/qendra-nderkulturore.al\/de\/wp-json\/wp\/v2\/comments?post=478"}],"version-history":[{"count":115,"href":"https:\/\/qendra-nderkulturore.al\/de\/wp-json\/wp\/v2\/pages\/478\/revisions"}],"predecessor-version":[{"id":2003,"href":"https:\/\/qendra-nderkulturore.al\/de\/wp-json\/wp\/v2\/pages\/478\/revisions\/2003"}],"wp:attachment":[{"href":"https:\/\/qendra-nderkulturore.al\/de\/wp-json\/wp\/v2\/media?parent=478"}],"curies":[{"name":"wp","href":"https:\/\/api.w.org\/{rel}","templated":true}]}}