{"id":434,"date":"2023-09-28T07:17:20","date_gmt":"2023-09-28T07:17:20","guid":{"rendered":"https:\/\/qendra-nderkulturore.al\/?page_id=434"},"modified":"2023-10-30T10:44:22","modified_gmt":"2023-10-30T10:44:22","slug":"prove-e-provimit","status":"publish","type":"page","link":"https:\/\/qendra-nderkulturore.al\/de\/prove-e-provimit\/","title":{"rendered":"\u00d6SD Zertifikat"},"content":{"rendered":"<div data-elementor-type=\"wp-page\" data-elementor-id=\"434\" class=\"elementor elementor-434\" data-elementor-post-type=\"page\">\n\t\t\t\t<div class=\"elementor-element elementor-element-ba38dca e-flex e-con-boxed e-con e-parent\" data-id=\"ba38dca\" data-element_type=\"container\" data-e-type=\"container\">\n\t\t\t\t\t<div class=\"e-con-inner\">\n\t\t\t\t<div class=\"elementor-element elementor-element-ad967c5 elementor-widget elementor-widget-text-editor\" data-id=\"ad967c5\" data-element_type=\"widget\" data-e-type=\"widget\" data-widget_type=\"text-editor.default\">\n\t\t\t\t<div class=\"elementor-widget-container\">\n\t\t\t\t\t\t\t\t\t<p>Hier finden Sie Beispiele, wie die Pr\u00fcfungen f\u00fcr das jeweilige Niveau aufgebaut sind. Sie erfahren, welche Kompetenzen von Ihnen verlangt werden und wie eine Pr\u00fcfung abl\u00e4uft. Die Modells\u00e4tze sind in einzelne Module ('Lesen', 'H\u00f6ren', 'Schreiben', 'Sprechen') aufgeteilt, da  Pr\u00fcfungen auch f\u00fcr einzelne Module abgelegt werden k\u00f6nnen.<\/p><p>Pr\u00fcfungen mit zwei Modulen:\nPr\u00fcfungen, die in zwei Modulen angeboten werden, bestehen jeweils aus den Modulen Schriftliche Pr\u00fcfung (Lesen, H\u00f6ren, Schreiben) und M\u00fcndliche Pr\u00fcfung (Sprechen).<\/p><p>Pr\u00fcfungen mit vier Modulen:\nDie Pr\u00fcfungen \u00d6SD Zertifikat B1 und \u00d6SD Zertifikat C2 werden in vier Modulen angeboten. Sie bestehen jeweils aus den Modulen Lesen, H\u00f6ren, Schreiben, Sprechen.<\/p><p>Au\u00dferdem bieten wir Ihnen Links zu Videos, die den Ablauf einer Pr\u00fcfung auf bestimmtem Niveau zeigen. Alle Modellvorschl\u00e4ge, zus\u00e4tzliches Schulungsmaterial und einen digitalen Test zur Einsch\u00e4tzung Ihres aktuellen Niveaus finden Sie auf der <a href=\"https:\/\/www.osd.at\/die-pruefungen\/osd-prufungen\/\">\u00d6SD-Website absolvieren<\/a>.<\/p>\t\t\t\t\t\t\t\t<\/div>\n\t\t\t\t<\/div>\n\t\t\t\t\t<\/div>\n\t\t\t\t<\/div>\n\t\t<div class=\"elementor-element elementor-element-1b1c4e1 e-flex e-con-boxed e-con e-parent\" data-id=\"1b1c4e1\" data-element_type=\"container\" data-e-type=\"container\">\n\t\t\t\t\t<div class=\"e-con-inner\">\n\t\t<div class=\"elementor-element elementor-element-c19d8ee e-con-full e-flex e-con e-child\" data-id=\"c19d8ee\" data-element_type=\"container\" data-e-type=\"container\">\n\t\t\t\t<div class=\"elementor-element elementor-element-33fef8b elementor-widget elementor-widget-image\" data-id=\"33fef8b\" data-element_type=\"widget\" data-e-type=\"widget\" data-widget_type=\"image.default\">\n\t\t\t\t<div class=\"elementor-widget-container\">\n\t\t\t\t\t\t\t\t\t\t\t\t\t\t\t\t<a href=\"https:\/\/qendra-nderkulturore.al\/de\/prove-e-provimit-a1\/\">\n\t\t\t\t\t\t\t<img fetchpriority=\"high\" decoding=\"async\" width=\"596\" height=\"842\" src=\"https:\/\/qendra-nderkulturore.al\/wp-content\/uploads\/2023\/09\/ZA1_cover.png\" class=\"attachment-full size-full wp-image-457\" alt=\"\" srcset=\"https:\/\/qendra-nderkulturore.al\/wp-content\/uploads\/2023\/09\/ZA1_cover.png 596w, https:\/\/qendra-nderkulturore.al\/wp-content\/uploads\/2023\/09\/ZA1_cover-212x300.png 212w, https:\/\/qendra-nderkulturore.al\/wp-content\/uploads\/2023\/09\/ZA1_cover-8x12.png 8w\" sizes=\"(max-width: 596px) 100vw, 596px\" \/>\t\t\t\t\t\t\t\t<\/a>\n\t\t\t\t\t\t\t\t\t\t\t\t\t\t\t<\/div>\n\t\t\t\t<\/div>\n\t\t\t\t<\/div>\n\t\t<div class=\"elementor-element elementor-element-71203f5 e-con-full e-flex e-con e-child\" data-id=\"71203f5\" data-element_type=\"container\" data-e-type=\"container\">\n\t\t\t\t<div class=\"elementor-element elementor-element-571ca63 elementor-widget elementor-widget-image\" data-id=\"571ca63\" data-element_type=\"widget\" data-e-type=\"widget\" data-widget_type=\"image.default\">\n\t\t\t\t<div class=\"elementor-widget-container\">\n\t\t\t\t\t\t\t\t\t\t\t\t\t\t\t\t<a href=\"https:\/\/qendra-nderkulturore.al\/de\/prove-e-provimit-a2\/\">\n\t\t\t\t\t\t\t<img decoding=\"async\" width=\"596\" height=\"842\" src=\"https:\/\/qendra-nderkulturore.al\/wp-content\/uploads\/2023\/09\/ZA2_cover.png\" class=\"attachment-large size-large wp-image-456\" alt=\"\" srcset=\"https:\/\/qendra-nderkulturore.al\/wp-content\/uploads\/2023\/09\/ZA2_cover.png 596w, https:\/\/qendra-nderkulturore.al\/wp-content\/uploads\/2023\/09\/ZA2_cover-212x300.png 212w, https:\/\/qendra-nderkulturore.al\/wp-content\/uploads\/2023\/09\/ZA2_cover-8x12.png 8w\" sizes=\"(max-width: 596px) 100vw, 596px\" \/>\t\t\t\t\t\t\t\t<\/a>\n\t\t\t\t\t\t\t\t\t\t\t\t\t\t\t<\/div>\n\t\t\t\t<\/div>\n\t\t\t\t<\/div>\n\t\t<div class=\"elementor-element elementor-element-593065d e-con-full e-flex e-con e-child\" data-id=\"593065d\" data-element_type=\"container\" data-e-type=\"container\">\n\t\t\t\t<div class=\"elementor-element elementor-element-7bcd076 elementor-widget elementor-widget-image\" data-id=\"7bcd076\" data-element_type=\"widget\" data-e-type=\"widget\" data-widget_type=\"image.default\">\n\t\t\t\t<div class=\"elementor-widget-container\">\n\t\t\t\t\t\t\t\t\t\t\t\t\t\t\t\t<a href=\"https:\/\/qendra-nderkulturore.al\/de\/prove-e-provimit-b1\/\">\n\t\t\t\t\t\t\t<img decoding=\"async\" width=\"596\" height=\"842\" src=\"https:\/\/qendra-nderkulturore.al\/wp-content\/uploads\/2023\/09\/ZB1_cover.png\" class=\"attachment-large size-large wp-image-455\" alt=\"\" srcset=\"https:\/\/qendra-nderkulturore.al\/wp-content\/uploads\/2023\/09\/ZB1_cover.png 596w, https:\/\/qendra-nderkulturore.al\/wp-content\/uploads\/2023\/09\/ZB1_cover-212x300.png 212w, https:\/\/qendra-nderkulturore.al\/wp-content\/uploads\/2023\/09\/ZB1_cover-8x12.png 8w\" sizes=\"(max-width: 596px) 100vw, 596px\" \/>\t\t\t\t\t\t\t\t<\/a>\n\t\t\t\t\t\t\t\t\t\t\t\t\t\t\t<\/div>\n\t\t\t\t<\/div>\n\t\t\t\t<\/div>\n\t\t<div class=\"elementor-element elementor-element-026cba5 e-con-full e-flex e-con e-child\" data-id=\"026cba5\" data-element_type=\"container\" data-e-type=\"container\">\n\t\t\t\t<div class=\"elementor-element elementor-element-a99d367 elementor-widget elementor-widget-image\" data-id=\"a99d367\" data-element_type=\"widget\" data-e-type=\"widget\" data-widget_type=\"image.default\">\n\t\t\t\t<div class=\"elementor-widget-container\">\n\t\t\t\t\t\t\t\t\t\t\t\t\t\t\t\t<a href=\"https:\/\/qendra-nderkulturore.al\/de\/prove-e-provimit-b2\/\">\n\t\t\t\t\t\t\t<img loading=\"lazy\" decoding=\"async\" width=\"597\" height=\"842\" src=\"https:\/\/qendra-nderkulturore.al\/wp-content\/uploads\/2023\/09\/ZB2_cover.png\" class=\"attachment-large size-large wp-image-454\" alt=\"\" srcset=\"https:\/\/qendra-nderkulturore.al\/wp-content\/uploads\/2023\/09\/ZB2_cover.png 597w, https:\/\/qendra-nderkulturore.al\/wp-content\/uploads\/2023\/09\/ZB2_cover-213x300.png 213w, https:\/\/qendra-nderkulturore.al\/wp-content\/uploads\/2023\/09\/ZB2_cover-9x12.png 9w\" sizes=\"(max-width: 597px) 100vw, 597px\" \/>\t\t\t\t\t\t\t\t<\/a>\n\t\t\t\t\t\t\t\t\t\t\t\t\t\t\t<\/div>\n\t\t\t\t<\/div>\n\t\t\t\t<\/div>\n\t\t<div class=\"elementor-element elementor-element-b98a97c e-con-full e-flex e-con e-child\" data-id=\"b98a97c\" data-element_type=\"container\" data-e-type=\"container\">\n\t\t\t\t<div class=\"elementor-element elementor-element-7e3ef68 elementor-widget elementor-widget-image\" data-id=\"7e3ef68\" data-element_type=\"widget\" data-e-type=\"widget\" data-widget_type=\"image.default\">\n\t\t\t\t<div class=\"elementor-widget-container\">\n\t\t\t\t\t\t\t\t\t\t\t\t\t\t\t\t<a href=\"https:\/\/qendra-nderkulturore.al\/de\/prove-e-provimit-c1\/\">\n\t\t\t\t\t\t\t<img loading=\"lazy\" decoding=\"async\" width=\"596\" height=\"842\" src=\"https:\/\/qendra-nderkulturore.al\/wp-content\/uploads\/2023\/09\/ZC1_cover.png\" class=\"attachment-large size-large wp-image-453\" alt=\"\" srcset=\"https:\/\/qendra-nderkulturore.al\/wp-content\/uploads\/2023\/09\/ZC1_cover.png 596w, https:\/\/qendra-nderkulturore.al\/wp-content\/uploads\/2023\/09\/ZC1_cover-212x300.png 212w, https:\/\/qendra-nderkulturore.al\/wp-content\/uploads\/2023\/09\/ZC1_cover-8x12.png 8w\" sizes=\"(max-width: 596px) 100vw, 596px\" \/>\t\t\t\t\t\t\t\t<\/a>\n\t\t\t\t\t\t\t\t\t\t\t\t\t\t\t<\/div>\n\t\t\t\t<\/div>\n\t\t\t\t<\/div>\n\t\t<div class=\"elementor-element elementor-element-f17c209 e-con-full e-flex e-con e-child\" data-id=\"f17c209\" data-element_type=\"container\" data-e-type=\"container\">\n\t\t\t\t<\/div>\n\t\t\t\t\t<\/div>\n\t\t\t\t<\/div>\n\t\t\t\t<\/div>","protected":false},"excerpt":{"rendered":"<p>K\u00ebtu gjeni shembuj se si jan\u00eb nd\u00ebrtuar provimet p\u00ebr nivelin e caktuar. Do t\u00eb informoheni p\u00ebr cilat kompetenca ju k\u00ebrkohen dhe se si zhvillohet nj\u00eb provim. Propozimet model jan\u00eb t\u00eb<\/p>\n<p><a href=\"https:\/\/qendra-nderkulturore.al\/de\/prove-e-provimit\/\" class=\"more-link\">Continue reading<span class=\"screen-reader-text\">\u00d6SD Zertifikat<\/span><\/a><\/p>","protected":false},"author":1,"featured_media":0,"parent":0,"menu_order":0,"comment_status":"closed","ping_status":"closed","template":"","meta":{"footnotes":""},"class_list":["post-434","page","type-page","status-publish","hentry"],"_links":{"self":[{"href":"https:\/\/qendra-nderkulturore.al\/de\/wp-json\/wp\/v2\/pages\/434","targetHints":{"allow":["GET"]}}],"collection":[{"href":"https:\/\/qendra-nderkulturore.al\/de\/wp-json\/wp\/v2\/pages"}],"about":[{"href":"https:\/\/qendra-nderkulturore.al\/de\/wp-json\/wp\/v2\/types\/page"}],"author":[{"embeddable":true,"href":"https:\/\/qendra-nderkulturore.al\/de\/wp-json\/wp\/v2\/users\/1"}],"replies":[{"embeddable":true,"href":"https:\/\/qendra-nderkulturore.al\/de\/wp-json\/wp\/v2\/comments?post=434"}],"version-history":[{"count":50,"href":"https:\/\/qendra-nderkulturore.al\/de\/wp-json\/wp\/v2\/pages\/434\/revisions"}],"predecessor-version":[{"id":2016,"href":"https:\/\/qendra-nderkulturore.al\/de\/wp-json\/wp\/v2\/pages\/434\/revisions\/2016"}],"wp:attachment":[{"href":"https:\/\/qendra-nderkulturore.al\/de\/wp-json\/wp\/v2\/media?parent=434"}],"curies":[{"name":"wp","href":"https:\/\/api.w.org\/{rel}","templated":true}]}}